{"id":24363,"date":"2025-07-20T07:21:07","date_gmt":"2025-07-20T00:21:07","guid":{"rendered":"https:\/\/vitinhhaiduong.com\/?page_id=24363"},"modified":"2025-07-20T07:21:07","modified_gmt":"2025-07-20T00:21:07","slug":"den-nlmt-dien-nlmt-ap-mai","status":"publish","type":"page","link":"http:\/\/vitinhhaiduong.com\/?page_id=24363","title":{"rendered":"\u0110\u00c8N NLMT &#8211; \u0110I\u1ec6N NLMT \u00c1P M\u00c1I"},"content":{"rendered":"","protected":false},"excerpt":{"rendered":"","protected":false},"author":1,"featured_media":0,"parent":0,"menu_order":0,"comment_status":"closed","ping_status":"closed","template":"","meta":{"footnotes":""},"class_list":["post-24363","page","type-page","status-publish","hentry"],"jetpack_sharing_enabled":true,"_links":{"self":[{"href":"http:\/\/vitinhhaiduong.com\/index.php?rest_route=\/wp\/v2\/pages\/24363","targetHints":{"allow":["GET"]}}],"collection":[{"href":"http:\/\/vitinhhaiduong.com\/index.php?rest_route=\/wp\/v2\/pages"}],"about":[{"href":"http:\/\/vitinhhaiduong.com\/index.php?rest_route=\/wp\/v2\/types\/page"}],"author":[{"embeddable":true,"href":"http:\/\/vitinhhaiduong.com\/index.php?rest_route=\/wp\/v2\/users\/1"}],"replies":[{"embeddable":true,"href":"http:\/\/vitinhhaiduong.com\/index.php?rest_route=%2Fwp%2Fv2%2Fcomments&post=24363"}],"version-history":[{"count":1,"href":"http:\/\/vitinhhaiduong.com\/index.php?rest_route=\/wp\/v2\/pages\/24363\/revisions"}],"predecessor-version":[{"id":24364,"href":"http:\/\/vitinhhaiduong.com\/index.php?rest_route=\/wp\/v2\/pages\/24363\/revisions\/24364"}],"wp:attachment":[{"href":"http:\/\/vitinhhaiduong.com\/index.php?rest_route=%2Fwp%2Fv2%2Fmedia&parent=24363"}],"curies":[{"name":"wp","href":"https:\/\/api.w.org\/{rel}","templated":true}]}}