{"id":151,"date":"2022-02-19T21:16:43","date_gmt":"2022-02-19T14:16:43","guid":{"rendered":"https:\/\/vitinhhaiduong.com\/?post_type=product&#038;p=151"},"modified":"2022-02-21T10:24:02","modified_gmt":"2022-02-21T03:24:02","slug":"camera-imou-ipc-a22ep-ranger-2-1080p","status":"publish","type":"product","link":"http:\/\/vitinhhaiduong.com\/?product=camera-imou-ipc-a22ep-ranger-2-1080p","title":{"rendered":"[Trong nh\u00e0] Camera IMOU IPC-A22EP Ranger 2 1080p"},"content":{"rendered":"<p><img loading=\"lazy\" decoding=\"async\" class=\"alignnone size-medium wp-image-155\" src=\"http:\/\/vitinhhaiduong.com\/wp-content\/uploads\/2022\/02\/632a85c3957f751e7c9d12cc34e8bdda-300x300.jpg\" alt=\"\" width=\"300\" height=\"300\" \/><\/p>\n<ul>\n<li><span style=\"font-family: 'times new roman', times, serif;font-size: 20px\">Ph\u00f9 h\u1ee3p l\u1eafp \u0111\u1eb7t\u00a0<strong>TRONG NH\u00c0.<\/strong><\/span><\/li>\n<li><span style=\"font-family: 'times new roman', times, serif;font-size: 20px\">B\u1ea3n\u00a0<strong>qu\u1ed1c t\u1ebf<\/strong> xem t\u1eeb xa kh\u00f4ng b\u1ecb gi\u1edbi h\u1ea1n.<\/span><\/li>\n<li><span style=\"font-family: 'times new roman', times, serif;font-size: 20px\"><strong>Gi\u00e1m s\u00e1t t\u1eeb xa<\/strong>\u00a0qua \u0111i\u1ec7n tho\u1ea1i.<\/span><\/li>\n<li><span style=\"font-family: 'times new roman', times, serif;font-size: 20px\">H\u00ecnh \u1ea3nh s\u1eafc n\u00e9t Full HD &#8211; 1080p.<\/span><\/li>\n<li><span style=\"font-family: 'times new roman', times, serif;font-size: 20px\">\u0110i\u1ec1u Khi\u1ec3n<strong>\u00a0Xoay 360 \u0110\u1ed9<\/strong><strong>,\u00a0<\/strong>\u0111\u00e0m tho\u1ea1i 2 Chi\u1ec1u.<\/span><\/li>\n<li><span style=\"font-family: 'times new roman', times, serif;font-size: 20px\"><strong>B\u00e1o \u0111\u1ed9ng<\/strong>\u00a0khi c\u00f3 ng\u01b0\u1eddi \u0111\u1ed9t nh\u1eadp.<\/span><\/li>\n<li><span style=\"font-family: 'times new roman', times, serif;font-size: 20px\">\u0110\u00e8n\u00a0<strong>h\u1ed3ng ngo\u1ea1i quay \u0111\u00eam<\/strong>\u00a0l\u00ean \u0111\u1ebfn\u00a0<strong>10m<\/strong>.<\/span><\/li>\n<li><span style=\"font-family: 'times new roman', times, serif;font-size: 20px\"><strong>K\u1ebft n\u1ed1i Wifi<\/strong>\u00a0kh\u00f4ng d\u00e2y ho\u1eb7c d\u00e2y\u00a0<strong>lan<\/strong>.<\/span><\/li>\n<li><span style=\"font-family: 'times new roman', times, serif;font-size: 20px\">H\u1ed7 tr\u1ee3\u00a0<strong>khe c\u1eafm th\u1ebb nh\u1edb<\/strong>\u00a0(max\u00a0<strong>256G<\/strong>).<\/span><\/li>\n<li><span style=\"font-family: 'times new roman', times, serif;font-size: 20px\">Kh\u00f4ng t\u1ed1n \u0111i\u1ec7n h\u00e0ng th\u00e1ng\u00a0(<strong>5V<\/strong>).<\/span><\/li>\n<\/ul>\n","protected":false},"excerpt":{"rendered":"<p>&nbsp;<\/p>\n<ul>\n<li><span style=\"color: #000000;font-family: 'times new roman', times, serif;font-size: 16px\">H\u1ed7 tr\u1ee3 <span style=\"color: #ff0000\">l\u1eafp \u0111\u1eb7t t\u1eadn nh\u00e0<\/span> mi\u1ec5n ph\u00ed.<\/span><\/li>\n<li><span style=\"color: #000000;font-family: 'times new roman', times, serif;font-size: 16px\">B\u1ea3o H\u00e0nh<span style=\"color: #ff0000\"> 24 Th\u00e1ng<\/span> 1 \u0110\u1ed5i 1.\u00a0<\/span><\/li>\n<li><span style=\"color: #000000;font-family: 'times new roman', times, serif;font-size: 16px\">H\u1ed7 tr\u1ee3 b\u1ea3o h\u00e0nh, s\u1eeda ch\u1eefa, d\u1eddi v\u1ecb tr\u00ed nhanh ch\u00f3ng, chuy\u00ean nghi\u1ec7p, t\u1eadn t\u00e2m v\u1edbi kh\u00e1ch h\u00e0ng.<\/span><\/li>\n<li><span style=\"font-family: 'times new roman', times, serif;font-size: 16px\">T\u1eb7ng k\u00e8m th\u1ebb nh\u1edb l\u01b0u tr\u1eef 32GB ho\u1eb7c up l\u00ean 64GB (+ 200.000).<\/span><\/li>\n<\/ul>\n","protected":false},"featured_media":0,"template":"","meta":[],"product_brand":[],"product_cat":[16,19],"product_tag":[28,50,27,51],"class_list":{"0":"post-151","1":"product","2":"type-product","3":"status-publish","5":"product_cat-camera-quan-sat","6":"product_cat-camera-khong-day","7":"product_tag-camera-ip","8":"product_tag-camera-khong-day","9":"product_tag-camera-mo-cay-bac","10":"product_tag-imou","12":"first","13":"instock","14":"shipping-taxable","15":"purchasable","16":"product-type-simple"},"jetpack_sharing_enabled":true,"_links":{"self":[{"href":"http:\/\/vitinhhaiduong.com\/index.php?rest_route=\/wp\/v2\/product\/151","targetHints":{"allow":["GET"]}}],"collection":[{"href":"http:\/\/vitinhhaiduong.com\/index.php?rest_route=\/wp\/v2\/product"}],"about":[{"href":"http:\/\/vitinhhaiduong.com\/index.php?rest_route=\/wp\/v2\/types\/product"}],"wp:attachment":[{"href":"http:\/\/vitinhhaiduong.com\/index.php?rest_route=%2Fwp%2Fv2%2Fmedia&parent=151"}],"wp:term":[{"taxonomy":"product_brand","embeddable":true,"href":"http:\/\/vitinhhaiduong.com\/index.php?rest_route=%2Fwp%2Fv2%2Fproduct_brand&post=151"},{"taxonomy":"product_cat","embeddable":true,"href":"http:\/\/vitinhhaiduong.com\/index.php?rest_route=%2Fwp%2Fv2%2Fproduct_cat&post=151"},{"taxonomy":"product_tag","embeddable":true,"href":"http:\/\/vitinhhaiduong.com\/index.php?rest_route=%2Fwp%2Fv2%2Fproduct_tag&post=151"}],"curies":[{"name":"wp","href":"https:\/\/api.w.org\/{rel}","templated":true}]}}