{"id":192,"date":"2022-02-21T11:07:31","date_gmt":"2022-02-21T04:07:31","guid":{"rendered":"https:\/\/vitinhhaiduong.com\/?post_type=product&#038;p=192"},"modified":"2022-02-21T17:38:35","modified_gmt":"2022-02-21T10:38:35","slug":"dell-latitude-e6420-intel-core-i5","status":"publish","type":"product","link":"http:\/\/vitinhhaiduong.com\/?product=dell-latitude-e6420-intel-core-i5","title":{"rendered":"Dell Latitude E6420 &#8211; Intel Core i5"},"content":{"rendered":"<p><img loading=\"lazy\" decoding=\"async\" class=\"alignnone size-medium wp-image-193\" src=\"http:\/\/vitinhhaiduong.com\/wp-content\/uploads\/2022\/02\/1-2-jpeg-61141d00-dba1-41ef-a42e-dfb911946365-e1645414641590-300x249.jpg\" alt=\"\" width=\"300\" height=\"249\" \/> <img loading=\"lazy\" decoding=\"async\" class=\"alignnone size-medium wp-image-194\" src=\"http:\/\/vitinhhaiduong.com\/wp-content\/uploads\/2022\/02\/Dell-Latitude-E6420-Laptop3mien.vn-1-300x300.jpg\" alt=\"\" width=\"300\" height=\"300\" \/><\/p>\n<ul>\n<li><span style=\"font-size: 16px\">C\u1ea5u h\u00ecnh chi ti\u1ebft:<\/span><br \/>\n<span style=\"font-size: 16px\">&#8211; CPU: Intel Core i5-2540M dual-core processor (2.6GHz, up to 3.3 Turbo Boost, 3MB cache, 35W TDP)<\/span><br \/>\n<span style=\"font-size: 16px\">&#8211; RAM: DDR3 4GB PC3-10600<\/span><br \/>\n<span style=\"font-size: 16px\">&#8211; \u1ed4 c\u1ee9ng: SSD 128GB<\/span><br \/>\n<span style=\"font-size: 16px\">&#8211; Card \u0111\u1ed3 h\u1ecda: Intel HD Graphics 3000<\/span><br \/>\n<span style=\"font-size: 16px\">&#8211; M\u00e0n h\u00ecnh LCD 14&#8243;\u00a0 Anti-glare LED backlit High Definition HD 1366*768<\/span><br \/>\n<span style=\"font-size: 16px\">&#8211; Wireless: Intel Wifi Link 6205AGN + Bluetooth 2.1+ EDR<\/span><br \/>\n<span style=\"font-size: 16px\">&#8211; Pin 6 cell<\/span><br \/>\n<span style=\"font-size: 16px\">&#8211; Tr\u1ecdng l\u01b0\u1ee3ng: 2.4kg<\/span><\/li>\n<\/ul>\n","protected":false},"excerpt":{"rendered":"<ul>\n<li>Laptop Dell si\u00eau b\u1ec1n b\u1ec9, gi\u00e1 c\u1ef1c r\u1ebb. Chip M \u0111\u00e1p \u1ee9ng t\u1ed1t m\u1ecdi nhu c\u1ea7u l\u00e0m vi\u1ec7c, h\u1ecdc t\u1eadp, gi\u1ea3i tr\u00ed th\u00f4ng th\u01b0\u1eddng. S\u1ed1 l\u01b0\u1ee3ng c\u00f3 h\u1ea1n!<\/li>\n<li>H\u1ed7 tr\u1ee3 c\u00e0i \u0111\u1eb7t ph\u1ea7n m\u1ec1m mi\u1ec5n ph\u00ed.<\/li>\n<li>H\u1ed7 tr\u1ee3 n\u00e2ng c\u1ea5p m\u00e1y n\u1ebfu kh\u00e1ch h\u00e0ng c\u00f3 nhu c\u1ea7u.<\/li>\n<li>Mi\u1ec5n ph\u00ed giao h\u00e0ng t\u1eadn nh\u00e0 trong ph\u1ea1m vi t\u1ec9nh B\u1ebfn Tre.<\/li>\n<li>B\u1ea3o h\u00e0nh 3 th\u00e1ng.<\/li>\n<li>Qu\u00e0 t\u1eb7ng k\u00e8m khi mua:<br \/>\n&#8211; Balo ho\u1eb7c t\u00fai ch\u1ed1ng s\u1ed1c<br \/>\n&#8211; Chu\u1ed9t kh\u00f4ng d\u00e2y<br \/>\n&#8211; L\u00f3t chu\u1ed9t gaming<\/li>\n<\/ul>\n","protected":false},"featured_media":0,"template":"","meta":[],"product_brand":[],"product_cat":[43],"product_tag":[55,54,57,56],"class_list":{"0":"post-192","1":"product","2":"type-product","3":"status-publish","5":"product_cat-laptop-may-tinh-xach-tay","6":"product_tag-laptop-ben-tre","7":"product_tag-laptop-cu-gia-re","8":"product_tag-laptop-dell-e6420","9":"product_tag-laptop-dell-gia-re","11":"first","12":"instock","13":"sale","14":"shipping-taxable","15":"purchasable","16":"product-type-simple"},"jetpack_sharing_enabled":true,"_links":{"self":[{"href":"http:\/\/vitinhhaiduong.com\/index.php?rest_route=\/wp\/v2\/product\/192","targetHints":{"allow":["GET"]}}],"collection":[{"href":"http:\/\/vitinhhaiduong.com\/index.php?rest_route=\/wp\/v2\/product"}],"about":[{"href":"http:\/\/vitinhhaiduong.com\/index.php?rest_route=\/wp\/v2\/types\/product"}],"wp:attachment":[{"href":"http:\/\/vitinhhaiduong.com\/index.php?rest_route=%2Fwp%2Fv2%2Fmedia&parent=192"}],"wp:term":[{"taxonomy":"product_brand","embeddable":true,"href":"http:\/\/vitinhhaiduong.com\/index.php?rest_route=%2Fwp%2Fv2%2Fproduct_brand&post=192"},{"taxonomy":"product_cat","embeddable":true,"href":"http:\/\/vitinhhaiduong.com\/index.php?rest_route=%2Fwp%2Fv2%2Fproduct_cat&post=192"},{"taxonomy":"product_tag","embeddable":true,"href":"http:\/\/vitinhhaiduong.com\/index.php?rest_route=%2Fwp%2Fv2%2Fproduct_tag&post=192"}],"curies":[{"name":"wp","href":"https:\/\/api.w.org\/{rel}","templated":true}]}}