{"id":223,"date":"2022-02-22T17:34:21","date_gmt":"2022-02-22T10:34:21","guid":{"rendered":"https:\/\/vitinhhaiduong.com\/?post_type=product&#038;p=223"},"modified":"2022-02-22T17:34:22","modified_gmt":"2022-02-22T10:34:22","slug":"card-man-hinh-msi-rtx-2060-ventus-gp-oc","status":"publish","type":"product","link":"http:\/\/vitinhhaiduong.com\/?product=card-man-hinh-msi-rtx-2060-ventus-gp-oc","title":{"rendered":"Card m\u00e0n h\u00ecnh MSI RTX 2060 VENTUS GP OC"},"content":{"rendered":"<h2 class=\"ddnb-title spct-title\">\u0110\u00e1nh gi\u00e1 Card m\u00e0n h\u00ecnh MSI RTX 2060 VENTUS GP OC ch\u00ednh h\u00e3ng, b\u1ea3o h\u00e0nh d\u00e0i l\u00e2u<\/h2>\n<p><strong>Card m\u00e0n h\u00ecnh MSI RTX 2060 VENTUS GP OC<\/strong>\u00a0l\u00e0\u00a0<a href=\"https:\/\/www.hanoicomputer.vn\/vga-card-man-hinh\" target=\"_blank\" rel=\"noopener\">card \u0111\u1ed3 h\u1ecda<\/a>\u00a0t\u1ea7m trung c\u1ee7a MSI, th\u00edch h\u1ee3p cho nhu c\u1ea7u ch\u01a1i game \u1edf \u0111\u1ed9 ph\u00e2n gi\u1ea3i Full HD.<\/p>\n<p>* \u0110\u00e2y l\u00e0 phi\u00ean b\u1ea3n \u0111\u01b0\u1ee3c OC s\u1eb5n, c\u00f3 hi\u1ec7u n\u0103ng cao h\u01a1n RTX 2060 th\u00f4ng th\u01b0\u1eddng<\/p>\n<p><img decoding=\"async\" class=\"loading\" src=\"https:\/\/www.hanoicomputer.vn\/media\/lib\/16-06-2021\/cardmnhnhmsirtx2060ventusgpoc-1.jpg\" alt=\"Card m\u00e0n h\u00ecnh MSI RTX 2060 VENTUS GP OC\" width=\"100%\" data-was-processed=\"true\" \/><\/p>\n<h3>Thi\u1ebft k\u1ebf<\/h3>\n<p><a href=\"https:\/\/www.hanoicomputer.vn\/card-man-hinh-msi-rtx-2060-ventus-gp-oc\">Card m\u00e0n h\u00ecnh MSI RTX 2060 VENTUS GP OC<\/a>\u00a0s\u1edf h\u1eefu thi\u1ebft k\u1ebf cao c\u1ea5p v\u1edbi 2 qu\u1ea1t t\u1ea3n nhi\u1ec7t k\u00edch th\u01b0\u1edbc l\u1edbn.<\/p>\n<h3>Hi\u1ec7u n\u0103ng<\/h3>\n<p><img loading=\"lazy\" decoding=\"async\" class=\"loading\" src=\"https:\/\/www.hanoicomputer.vn\/media\/lib\/06-10-2021\/cardmnhnhmsirtx2060ventusgpoc-11.jpg\" alt=\"Card m\u00e0n h\u00ecnh MSI RTX 2060 VENTUS GP OC\" width=\"681\" height=\"628\" data-was-processed=\"true\" \/><\/p>\n<h3><img loading=\"lazy\" decoding=\"async\" class=\"loading\" src=\"https:\/\/www.hanoicomputer.vn\/media\/lib\/06-10-2021\/cardmnhnhmsirtx2060ventusgpoc-22.jpg\" alt=\"Card m\u00e0n h\u00ecnh MSI RTX 2060 VENTUS GP OC\" width=\"681\" height=\"629\" data-was-processed=\"true\" \/><\/h3>\n<h3>T\u1ea3n nhi\u1ec7t<\/h3>\n<ul>\n<li>Card m\u00e0n h\u00ecnh MSI RTX 2060 VENTUS GP OC trang b\u1ecb 2 qu\u1ea1t t\u1ea3n nhi\u1ec7t c\u1ee1 l\u1edbn c\u00f4ng ngh\u1ec7 TORX Fan 2.0 cho kh\u1ea3 n\u0103ng l\u00e0m m\u00e1t hi\u1ec7u qu\u1ea3<\/li>\n<\/ul>\n<p><img decoding=\"async\" class=\"loading\" src=\"https:\/\/www.hanoicomputer.vn\/media\/lib\/16-06-2021\/cardmnhnhmsirtx2060ventusgpoc-2.jpg\" alt=\"Card m\u00e0n h\u00ecnh MSI RTX 2060 VENTUS GP OC\" width=\"100%\" data-was-processed=\"true\" \/><\/p>\n<ul>\n<li>Ph\u1ea7n heatsink v\u1edbi c\u00e1c \u1ed1ng d\u1eabn nhi\u1ec7t ti\u1ebfp x\u00fac tr\u1ef1c ti\u1ebfp v\u1edbi b\u1ec1 m\u1eb7t GPU cho kh\u1ea3 n\u0103ng truy\u1ec1n d\u1eabn nhi\u1ec7t t\u1ed1t h\u01a1n<\/li>\n<\/ul>\n<p><img decoding=\"async\" class=\"loading\" src=\"https:\/\/www.hanoicomputer.vn\/media\/lib\/16-06-2021\/cardmnhnhmsirtx2060ventusgpoc-3.jpg\" alt=\"Card m\u00e0n h\u00ecnh MSI RTX 2060 VENTUS GP OC\" width=\"100%\" data-was-processed=\"true\" \/><\/p>\n<h3>T\u00ednh n\u0103ng<\/h3>\n<ul>\n<li>Ki\u1ebfn tr\u00fac Nvidia Turing: Ki\u1ebfn tr\u00fac m\u1edbi c\u1ee7a Nvidia cho hi\u1ec7u n\u0103ng c\u1ea3i ti\u1ebfn v\u01b0\u1ee3t tr\u1ed9i so v\u1edbi th\u1ebf h\u1ec7 c\u0169<\/li>\n<li>Ray Tracing: C\u00f4ng ngh\u1ec7 gi\u1ea3 l\u1eadp \u00e1nh s\u00e1ng gi\u00fap \u0111\u1ed3 h\u1ecda th\u1ef1c t\u1ebf s\u00e1t v\u1edbi ngo\u00e0i \u0111\u1eddi th\u1ef1c h\u01a1n bao gi\u1edd h\u1ebft<\/li>\n<\/ul>\n<p><img decoding=\"async\" class=\"loading\" src=\"https:\/\/www.hanoicomputer.vn\/media\/lib\/16-06-2021\/cardmnhnhmsirtx2060ventusgpoc-5.jpg\" alt=\"Card m\u00e0n h\u00ecnh MSI RTX 2060 VENTUS GP OC\" width=\"100%\" data-was-processed=\"true\" \/><\/p>\n<h3>Ph\u1ea7n m\u1ec1m<\/h3>\n<p>MSI cung c\u1ea5p cho ng\u01b0\u1eddi d\u00f9ng ph\u1ea7n m\u1ec1m Dragon Center v\u1edbi h\u00e0ng lo\u1ea1t Profile s\u1eb5n \u0111\u1ec3 b\u1ea5t c\u1ee9 ai c\u0169ng c\u00f3 th\u1ec3 s\u1eed d\u1ee5ng \u0111\u01b0\u1ee3c, ngo\u00e0i ra c\u00f2n r\u1ea5t nhi\u1ec1u t\u00ednh n\u0103ng h\u1eefu \u00edch kh\u00e1c cho b\u1ea1n kh\u00e1m ph\u00e1.<\/p>\n<p><img decoding=\"async\" class=\"loading\" src=\"https:\/\/www.hanoicomputer.vn\/media\/lib\/16-06-2021\/cardmnhnhmsirtx2060ventusgpoc-4.jpg\" alt=\"Card m\u00e0n h\u00ecnh MSI RTX 2060 VENTUS GP OC\" width=\"100%\" data-was-processed=\"true\" \/><\/p>\n","protected":false},"excerpt":{"rendered":"<div class=\"product-summary-item-title\">M\u00e3 SP:\u00a0<span class=\"sku\">VGMS439<\/span><br \/>\nTh\u00f4ng s\u1ed1 s\u1ea3n ph\u1ea9m:<\/div>\n<ul id=\"js-tskt-item\" class=\"product-summary-item-ul d-flex flex-wrap mb-0\">\n<li>Nh\u00e2n \u0111\u1ed3 h\u1ecda: Nvidia RTX 2060<\/li>\n<li>S\u1ed1 nh\u00e2n Cuda: 1920<\/li>\n<li>Xung nh\u1ecbp t\u1ed1i \u0111a: 1710 Mhz<\/li>\n<li>Dung l\u01b0\u1ee3ng VRAM: 6GB GDDR6<\/li>\n<\/ul>\n<p>B\u1ea3o h\u00e0nh 36 Th\u00e1ng<br \/>\nGiao h\u00e0ng t\u1eadn n\u01a1i shipcod to\u00e0n qu\u1ed1c.<\/p>\n","protected":false},"featured_media":0,"template":"","meta":[],"product_brand":[],"product_cat":[17,61],"product_tag":[64,69,71,73,72],"class_list":{"0":"post-223","1":"product","2":"type-product","3":"status-publish","5":"product_cat-linh-kien-may-tinh-de-ban","6":"product_cat-vga-card-man-hinh","7":"product_tag-card-do-hoa-may-tinh","8":"product_tag-card-man-hinh-tam-trung","9":"product_tag-rtx-2060","10":"product_tag-vga-msi","11":"product_tag-vga-rtx-2060","13":"first","14":"instock","15":"shipping-taxable","16":"purchasable","17":"product-type-simple"},"jetpack_sharing_enabled":true,"_links":{"self":[{"href":"http:\/\/vitinhhaiduong.com\/index.php?rest_route=\/wp\/v2\/product\/223","targetHints":{"allow":["GET"]}}],"collection":[{"href":"http:\/\/vitinhhaiduong.com\/index.php?rest_route=\/wp\/v2\/product"}],"about":[{"href":"http:\/\/vitinhhaiduong.com\/index.php?rest_route=\/wp\/v2\/types\/product"}],"wp:attachment":[{"href":"http:\/\/vitinhhaiduong.com\/index.php?rest_route=%2Fwp%2Fv2%2Fmedia&parent=223"}],"wp:term":[{"taxonomy":"product_brand","embeddable":true,"href":"http:\/\/vitinhhaiduong.com\/index.php?rest_route=%2Fwp%2Fv2%2Fproduct_brand&post=223"},{"taxonomy":"product_cat","embeddable":true,"href":"http:\/\/vitinhhaiduong.com\/index.php?rest_route=%2Fwp%2Fv2%2Fproduct_cat&post=223"},{"taxonomy":"product_tag","embeddable":true,"href":"http:\/\/vitinhhaiduong.com\/index.php?rest_route=%2Fwp%2Fv2%2Fproduct_tag&post=223"}],"curies":[{"name":"wp","href":"https:\/\/api.w.org\/{rel}","templated":true}]}}