{"id":226,"date":"2022-02-23T07:58:03","date_gmt":"2022-02-23T00:58:03","guid":{"rendered":"https:\/\/vitinhhaiduong.com\/?post_type=product&#038;p=226"},"modified":"2022-02-23T08:25:07","modified_gmt":"2022-02-23T01:25:07","slug":"mainboard-gigabyte-h510m-h","status":"publish","type":"product","link":"http:\/\/vitinhhaiduong.com\/?product=mainboard-gigabyte-h510m-h","title":{"rendered":"Mainboard Gigabyte H510M-H"},"content":{"rendered":"<div class=\"nd title_box_scroll_content_2019\">\n<h2 class=\"ddnb-title spct-title\">\u0110\u00e1nh gi\u00e1 Mainboard Gigabyte H510M-H ch\u00ednh h\u00e3ng, m\u1ea1nh m\u1ebd<\/h2>\n<p><strong>Mainboard Gigabyte H510M-H\u00a0<\/strong>l\u00e0 bo m\u1ea1ch ch\u1ee7 t\u1ea7m trung c\u1ee7a Gigabyte ph\u00f9 h\u1ee3p v\u1edbi c\u00e1c CPU Intel Celeron, Core i3, Core i5 non K socket LGA 1200. C\u00f3 th\u1ec3 n\u00f3i, \u0111\u00e2y c\u0169ng l\u00e0 m\u1eabu\u00a0<a href=\"https:\/\/www.hanoicomputer.vn\/mainboard-bo-mach-chu\" target=\"_blank\" rel=\"noopener\">mainboard v\u0103n ph\u00f2ng<\/a>\u00a0d\u00e0nh cho c\u00e1c \u0111\u1ed1i t\u01b0\u1ee3ng \u0111ang x\u00e2y d\u1ef1ng m\u1ed9t c\u1ea5u h\u00ecnh pc gi\u00e1 r\u1ebb.<\/p>\n<p><img decoding=\"async\" class=\"loading\" src=\"https:\/\/www.hanoicomputer.vn\/media\/lib\/08-05-2021\/mainboardgigabyteh510m-h-1.jpg\" alt=\"Mainboard Gigabyte H510M-H\" width=\"100%\" data-was-processed=\"true\" \/><\/p>\n<h3>N\u00e2ng c\u1ea5p c\u1ee7a chipset H510<\/h3>\n<ul>\n<li>H\u1ed7 tr\u1ee3 khe c\u1eafm SSD M.2 NVME PCI-E Gen 3 c\u1ef1c nhanh &amp; Khe PCI-E x 16 Gen 4<\/li>\n<li>PCB ch\u1ea5t l\u01b0\u1ee3ng h\u01a1n<\/li>\n<li>Bus RAM cao h\u01a1n<\/li>\n<\/ul>\n<h3>Trang b\u1ecb<\/h3>\n<ul>\n<li>2 Khe RAM DDR4 t\u1ed1i \u0111a 3200Mhz (O.C)<\/li>\n<li>Khe PCI-E Gen 4<\/li>\n<li>C\u1ed5ng HDMI h\u1ed7 tr\u1ee3 xu\u1ea5t h\u00ecnh \u0111\u1ed9 ph\u00e2n gi\u1ea3i t\u1ed1i \u0111a 4K<\/li>\n<li>6+2 Phase ngu\u1ed3n<\/li>\n<li>1x Khe M.2 NVME Gen 3 x4 22110 (t\u01b0\u01a1ng th\u00edch c\u1ea3 k\u00edch th\u01b0\u1edbc 2280)<\/li>\n<\/ul>\n<h3>T\u00ednh n\u0103ng<\/h3>\n<ul>\n<li>Smart Fan 6: \u0110i\u1ec1u khi\u1ec3n qu\u1ea1t l\u00e0m m\u00e1t th\u00f4ng minh<\/li>\n<li>Bios tr\u1ef1c quan, d\u1ec5 d\u00e0ng s\u1eed d\u1ee5ng<\/li>\n<\/ul>\n<p><img decoding=\"async\" class=\"loading\" src=\"https:\/\/www.hanoicomputer.vn\/media\/lib\/08-05-2021\/mainboardgigabyteh510m-h-5.jpg\" alt=\"Mainboard Gigabyte H510M-H\" width=\"100%\" data-was-processed=\"true\" \/><\/p>\n<p>&nbsp;<\/p>\n<p>&nbsp;<\/p>\n<\/div>\n","protected":false},"excerpt":{"rendered":"<div class=\"product-summary-item-title\">Th\u00f4ng s\u1ed1 s\u1ea3n ph\u1ea9m:<\/div>\n<ul id=\"js-tskt-item\" class=\"product-summary-item-ul d-flex flex-wrap mb-0\">\n<li>Chipset: Intel H510<\/li>\n<li>Socket: LGA 1200<\/li>\n<li>K\u00edch th\u01b0\u1edbc: M-ATX<\/li>\n<li>S\u1ed1 khe RAM: 2<\/li>\n<\/ul>\n<p>&#8211; Giao h\u00e0ng t\u1eadn n\u01a1i, shipcod to\u00e0n qu\u1ed1c<br \/>\n&#8211; B\u1ea3o h\u00e0nh 36 th\u00e1ng.<\/p>\n","protected":false},"featured_media":0,"template":"","meta":[],"product_brand":[],"product_cat":[17,30],"product_tag":[79,80,82,78,81],"class_list":{"0":"post-226","1":"product","2":"type-product","3":"status-publish","5":"product_cat-linh-kien-may-tinh-de-ban","6":"product_cat-bo-mach-chu","7":"product_tag-bo-mach-chu-gygabyte","8":"product_tag-gygabyte-h510","9":"product_tag-h510m","10":"product_tag-main-gygabyte","11":"product_tag-main-h510","13":"first","14":"instock","15":"shipping-taxable","16":"purchasable","17":"product-type-simple"},"jetpack_sharing_enabled":true,"_links":{"self":[{"href":"http:\/\/vitinhhaiduong.com\/index.php?rest_route=\/wp\/v2\/product\/226","targetHints":{"allow":["GET"]}}],"collection":[{"href":"http:\/\/vitinhhaiduong.com\/index.php?rest_route=\/wp\/v2\/product"}],"about":[{"href":"http:\/\/vitinhhaiduong.com\/index.php?rest_route=\/wp\/v2\/types\/product"}],"wp:attachment":[{"href":"http:\/\/vitinhhaiduong.com\/index.php?rest_route=%2Fwp%2Fv2%2Fmedia&parent=226"}],"wp:term":[{"taxonomy":"product_brand","embeddable":true,"href":"http:\/\/vitinhhaiduong.com\/index.php?rest_route=%2Fwp%2Fv2%2Fproduct_brand&post=226"},{"taxonomy":"product_cat","embeddable":true,"href":"http:\/\/vitinhhaiduong.com\/index.php?rest_route=%2Fwp%2Fv2%2Fproduct_cat&post=226"},{"taxonomy":"product_tag","embeddable":true,"href":"http:\/\/vitinhhaiduong.com\/index.php?rest_route=%2Fwp%2Fv2%2Fproduct_tag&post=226"}],"curies":[{"name":"wp","href":"https:\/\/api.w.org\/{rel}","templated":true}]}}