{"id":247,"date":"2022-02-24T16:58:07","date_gmt":"2022-02-24T09:58:07","guid":{"rendered":"https:\/\/vitinhhaiduong.com\/?post_type=product&#038;p=247"},"modified":"2022-02-24T16:58:07","modified_gmt":"2022-02-24T09:58:07","slug":"chuot-choi-game-logitech-g102-gen2-black-usb-rgb-den","status":"publish","type":"product","link":"http:\/\/vitinhhaiduong.com\/?product=chuot-choi-game-logitech-g102-gen2-black-usb-rgb-den","title":{"rendered":"Chu\u1ed9t ch\u01a1i game Logitech G102 Gen2 Black (USB\/RGB\/\u0110en)"},"content":{"rendered":"<div class=\"nd title_box_scroll_content_2019\">\n<h2 class=\"ddnb-title spct-title\">\u0110\u00e1nh gi\u00e1 Chu\u1ed9t Logitech G102 Lightsync RGB Black Gaming Ch\u1ea5t<\/h2>\n<p><img decoding=\"async\" class=\"loading\" src=\"https:\/\/hanoicomputercdn.com\/media\/lib\/53012_gioi-thieu-mouse-logitech-g102-lightsync-rgb-black.jpg\" alt=\"Gi\u1edbi thi\u1ec7u Mouse Logitech G102 Lightsync RGB Black \" width=\"100%\" data-was-processed=\"true\" \/><\/p>\n<h3><strong>S\u00f3ng m\u00e0u RGB<\/strong><\/h3>\n<p>Ch\u1ecdn t\u1eeb c\u00e1c m\u00e0u s\u1eafc s\u1ed1ng \u0111\u1ed9ng, c\u00e0i \u0111\u1eb7t l\u1ea5y c\u1ea3m h\u1ee9ng t\u1eeb tr\u00f2 ch\u01a1i v\u00e0 ph\u01b0\u01a1ng ti\u1ec7n, hay l\u1eadp tr\u00ecnh m\u00e0u s\u1eafc c\u1ee7a ri\u00eang b\u1ea1n t\u1eeb kho\u1ea3ng 16,8 tri\u1ec7u m\u00e0u.<\/p>\n<p><img decoding=\"async\" class=\"loading\" src=\"https:\/\/hanoicomputercdn.com\/media\/lib\/53012_den-led-rgb-cua-mouse-logitech-g102-lightsync-rgb-black.png\" alt=\"Mouse Logitech G102 Lightsync RGB Black  b\u1ed5 sung hi\u1ec7u \u1ee9ng Wave cho d\u1ea3i led \" width=\"100%\" data-was-processed=\"true\" \/><\/p>\n<h3><strong>Tu\u1ef3 bi\u1ebfn c\u00e1c ch\u1ebf \u0111\u1ed9 v\u1edbi c\u00f4ng ngh\u1ec7 Lightsync<\/strong><\/h3>\n<p><img decoding=\"async\" class=\"loading\" src=\"https:\/\/hanoicomputercdn.com\/media\/lib\/53012_tinh-nang-led-cua-mouse-logitech-g102-lightsync-rgb-black.png\" alt=\"Tinh ch\u1ec9nh c\u00e1c ch\u1ee9c n\u0103ng led v\u1edbi Mouse Logitech G102 Lightsync RGB Black \" width=\"100%\" data-was-processed=\"true\" \/><\/p>\n<h3><strong>C\u1ea3m bi\u1ebfn c\u1ea5p \u0111\u1ed9 ch\u01a1i game<\/strong><\/h3>\n<p><a href=\"https:\/\/www.hanoicomputer.vn\/collection\/chuot-logitech\">Chu\u1ed9t Logitech<\/a>\u00a0G102 Gen2 Black theo d\u00f5i con tr\u1ecf ch\u00ednh x\u00e1c v\u00e0 \u0111\u1ea1t hi\u1ec7u su\u1ea5t ph\u1ea3n h\u1ed3i nhanh nh\u1ea1y nh\u1edd v\u00e0o c\u1ea3m bi\u1ebfn c\u1ea5p \u0111\u1ed9 ch\u01a1i game. V\u1edbi \u0111\u1ed9 nh\u1ea1y c\u00f3 th\u1ec3 t\u00f9y ch\u1ec9nh t\u1eeb 200 &#8211; 8.000 DPI, h\u00e3y ch\u1ecdn m\u1ee9c \u0111\u1ed9 ph\u00f9 h\u1ee3p v\u1edbi s\u1edf th\u00edch ch\u01a1i c\u1ee7a b\u1ea1n. S\u1eed d\u1ee5ng ph\u1ea7n m\u1ec1m HUB G c\u1ee7a Logitech \u0111\u1ec3 l\u1eadp tr\u00ecnh l\u00ean t\u1edbi 5 ch\u1ebf \u0111\u1ed9 thi\u1ebft l\u1eadp s\u1eb5n.<\/p>\n<p><img decoding=\"async\" class=\"loading\" src=\"https:\/\/hanoicomputercdn.com\/media\/lib\/53012_mat-cam-bien-cua-mouse-logitech-g102-lightsync-rgb-black.png\" alt=\"Mouse Logitech G102 Lightsync RGB Black  n\u00e2ng c\u1ea5p gia t\u1ed1c cho m\u1eaft c\u1ea3m bi\u1ebfn c\u1ee7a m\u00ecnh\" width=\"100%\" data-was-processed=\"true\" \/><\/p>\n<h3><strong>\u0110\u00e1ng tin c\u1eady v\u00e0 c\u00f3 thi\u1ebft k\u1ebf ph\u00f9 h\u1ee3p<\/strong><\/h3>\n<p>Thi\u1ebft k\u1ebf s\u00e1u n\u00fat c\u1ed5 \u0111i\u1ec3n \u0111em \u0111\u1ebfn c\u1ea3 s\u1ef1 tho\u1ea3i m\u00e1i l\u1eabn t\u1ef1 tin \u0111\u1ec3 b\u1ea1n c\u00f3 th\u1ec3 kh\u00e1m ph\u00e1, s\u00e1ng t\u1ea1o v\u00e0 ch\u01a1i nh\u01b0 \u00fd mu\u1ed1n. S\u1eed d\u1ee5ng ph\u1ea7n m\u1ec1m HUB G c\u1ee7a Logitech \u0111\u1ec3 g\u00e1n c\u00e1c l\u1ec7nh trong tr\u00f2 ch\u01a1i, \u0111i\u1ec1u khi\u1ec3n h\u1ec7 th\u1ed1ng ho\u1eb7c t\u1ed5 h\u1ee3p ph\u00edm v\u00e0 \u0111\u01a1n gi\u1ea3n h\u00f3a vi\u1ec7c ch\u01a1i game c\u1ee7a b\u1ea1n.<\/p>\n<p><img decoding=\"async\" class=\"loading\" src=\"https:\/\/hanoicomputercdn.com\/media\/lib\/53012_thiet-ke-cua-mouse-logitech-g102-lightsync-rgb-black.jpg\" alt=\"Mouse Logitech G102 Lightsync RGB Black  c\u00f3 thi\u1ebft k\u1ebf c\u1ea7m n\u1eafm tho\u1ea3i m\u00e1i\" width=\"100%\" data-was-processed=\"true\" \/><\/p>\n<h3><strong>\u1ee8ng l\u1ef1c n\u00fat \u0111\u01b0\u1ee3c t\u1ed1i \u01b0u ho\u00e1<\/strong><\/h3>\n<p>C\u00e1c n\u00fat ch\u00ednh b\u00ean tr\u00e1i v\u00e0 ph\u1ea3i c\u00f3 h\u1ec7 th\u1ed1ng \u1ee9ng l\u1ef1c n\u00fat b\u1eb1ng l\u00f2 xo kim lo\u1ea1i \u0111\u1ed9c quy\u1ec1n c\u1ee7a Logitech G, \u0111em \u0111\u1ebfn s\u1ef1 ch\u00ednh x\u00e1c khi nh\u1ea5n n\u00fat v\u00e0 tr\u1ea3i nghi\u1ec7m \u0111\u1ed3ng nh\u1ea5t &#8211; t\u1eeb c\u00fa nh\u1ea5p n\u00e0y \u0111\u1ebfn c\u00fa nh\u1ea5p kh\u00e1c.<\/p>\n<p><img loading=\"lazy\" decoding=\"async\" class=\"loading\" src=\"https:\/\/hanoicomputercdn.com\/media\/product\/53012_mouse_logitech_g102_lightsync_rgb_black_0001_2.jpg\" alt=\"Chu\u1ed9t ch\u01a1i game Logitech G102 Gen2 Black c\u00f3 \u1ee9ng l\u1ef1c \u0111\u01b0\u1ee3c t\u1ed1i \u01b0u h\u00f3a\" width=\"850\" height=\"850\" data-was-processed=\"true\" \/><\/p>\n<\/div>\n","protected":false},"excerpt":{"rendered":"<div class=\"product-summary-item-title\">Th\u00f4ng s\u1ed1 s\u1ea3n ph\u1ea9m<\/div>\n<ul id=\"js-tskt-item\" class=\"product-summary-item-ul d-flex flex-wrap mb-0\">\n<li>Mouse Logitech G102 Lightsync RGB Black<\/li>\n<li>Phi\u00ean b\u1ea3n n\u00e2ng c\u1ea5p c\u1ee7a chu\u1ed9t ch\u01a1i game &#8220;qu\u1ed1c d\u00e2n&#8221; G102 Prodigy<\/li>\n<li>\u0110\u1ed9 ph\u00e2n gi\u1ea3i : 8000 DPI<\/li>\n<li>Led RGB 16.8 tri\u1ec7u m\u00e0u v\u1edbi t\u00ednh n\u0103ng Lightsync \u0111\u1ed3ng b\u1ed9 led c\u1ee7a Logitech<\/li>\n<li>B\u1ed5 sung hi\u1ec7u \u1ee9ng s\u00f3ng cho d\u1ea3i led RGB c\u1ee7a chu\u1ed9t<\/li>\n<li>M\u1eaft \u0111\u1ecdc \u0111\u01b0\u1ee3c n\u00e2ng c\u1ea5p cho gia t\u1ed1c t\u1ed1t h\u01a1n<\/li>\n<li>S\u1eed d\u1ee5ng switch Omron cho \u0111\u1ed9 b\u1ec1n cao h\u01a1n<\/li>\n<\/ul>\n<p>B\u1ea3o h\u00e0nh 12 th\u00e1ng<br \/>\nGiao h\u00e0ng t\u1eadn n\u01a1i shipcod to\u00e0n qu\u1ed1c<\/p>\n","protected":false},"featured_media":0,"template":"","meta":[],"product_brand":[],"product_cat":[17,38],"product_tag":[93,97,94,96,95],"class_list":{"0":"post-247","1":"product","2":"type-product","3":"status-publish","5":"product_cat-linh-kien-may-tinh-de-ban","6":"product_cat-chuot","7":"product_tag-chuot-gaming","8":"product_tag-chuot-led-rgb","9":"product_tag-chuot-logitech","10":"product_tag-chuot-may-tinh","11":"product_tag-g102","13":"first","14":"instock","15":"shipping-taxable","16":"purchasable","17":"product-type-simple"},"jetpack_sharing_enabled":true,"_links":{"self":[{"href":"http:\/\/vitinhhaiduong.com\/index.php?rest_route=\/wp\/v2\/product\/247","targetHints":{"allow":["GET"]}}],"collection":[{"href":"http:\/\/vitinhhaiduong.com\/index.php?rest_route=\/wp\/v2\/product"}],"about":[{"href":"http:\/\/vitinhhaiduong.com\/index.php?rest_route=\/wp\/v2\/types\/product"}],"wp:attachment":[{"href":"http:\/\/vitinhhaiduong.com\/index.php?rest_route=%2Fwp%2Fv2%2Fmedia&parent=247"}],"wp:term":[{"taxonomy":"product_brand","embeddable":true,"href":"http:\/\/vitinhhaiduong.com\/index.php?rest_route=%2Fwp%2Fv2%2Fproduct_brand&post=247"},{"taxonomy":"product_cat","embeddable":true,"href":"http:\/\/vitinhhaiduong.com\/index.php?rest_route=%2Fwp%2Fv2%2Fproduct_cat&post=247"},{"taxonomy":"product_tag","embeddable":true,"href":"http:\/\/vitinhhaiduong.com\/index.php?rest_route=%2Fwp%2Fv2%2Fproduct_tag&post=247"}],"curies":[{"name":"wp","href":"https:\/\/api.w.org\/{rel}","templated":true}]}}