{"id":253,"date":"2022-02-24T17:12:15","date_gmt":"2022-02-24T10:12:15","guid":{"rendered":"https:\/\/vitinhhaiduong.com\/?post_type=product&#038;p=253"},"modified":"2022-02-24T17:16:31","modified_gmt":"2022-02-24T10:16:31","slug":"chuot-logitech-g302-daedalus-prime","status":"publish","type":"product","link":"http:\/\/vitinhhaiduong.com\/?product=chuot-logitech-g302-daedalus-prime","title":{"rendered":"Chu\u1ed9t Logitech G302 Daedalus Prime"},"content":{"rendered":"<h2><strong>\u0110\u00e1nh gi\u00e1 chi ti\u1ebft chu\u1ed9t gaming Logitech G302<\/strong><\/h2>\n<h1 class=\"product_name\"><span style=\"font-size: 16px\">Logitech G302 Daedalus Prime <strong>l\u00e0 m\u1ed9t trong nh\u1eefng s\u1ea3n ph\u1ea9m ti\u00eau bi\u1ec3u trong phong c\u00e1ch thi\u1ebft k\u1ebf \u0111\u01a1n gi\u1ea3n, t\u1eadp trung v\u00e0o t\u1ed1c \u0111\u1ed9, s\u1ef1 ch\u00ednh x\u00e1c v\u00e0 t\u00ednh hi\u1ec7u qu\u1ea3 trong m\u1ed7i c\u00fa nh\u1ea5n chu\u1ed9t c\u1ee7a game th\u1ee7, \u0111\u1eb7c bi\u1ec7t v\u1edbi th\u1ec3 lo\u1ea1i game MOBA. B\u00ean c\u1ea1nh vi\u1ec7c trang b\u1ecb b\u1ed9 c\u1ea3m bi\u1ebfn quang Delta Zero h\u1ed7 tr\u1ee3 \u0111\u1ed9 ph\u00e2n gi\u1ea3i t\u1eeb 240 \u2013 4.000 dpi, t\u1ed1c \u0111\u1ed9 qu\u00e9t t\u1ed1i \u0111a \u0111\u1ea1t 120 ips (inches per second), G302 c\u00f2n \u0111i k\u00e8m b\u1ed9 ti\u1ec7n \u00edch Logitech Gaming Software b\u1ed5 sung nhi\u1ec1u t\u00f9y ch\u1ecdn linh ho\u1ea1t, cho ph\u00e9p t\u00f9y ch\u1ec9nh c\u00e1c n\u00fat nh\u1ea5n, thi\u1ebft l\u1eadp profile ng\u01b0\u1eddi d\u00f9ng v\u00e0 g\u00e1n macro v\u1edbi t\u1ed5 h\u1ee3p thao t\u00e1c c\u00e1c ph\u00edm nh\u1ea5n theo k\u1ecbch b\u1ea3n \u0111\u1ecbnh tr\u01b0\u1edbc.<\/strong><\/span><\/h1>\n<p><img decoding=\"async\" src=\"https:\/\/file.hstatic.net\/1000026716\/file\/gearvn-chuot-logitech-g302-daedalus-prime-1_86c6bcdd29734e2a978708f98006f85c_grande.jpg\" alt=\"GEARVN.COM - Chu\u1ed9t Logitech G302 Daedalus Prime\" \/><\/p>\n<h3><strong>Ki\u1ec3u d\u00e1ng, t\u00ednh n\u0103ng<\/strong><\/h3>\n<p>D\u1ef1a tr\u00ean nh\u1eefng ph\u1ea3n h\u1ed3i t\u1eeb game th\u1ee7 chuy\u00ean nghi\u1ec7p, Logitech \u0111\u00e3 \u0111\u01b0a ra m\u1eabu chu\u1ed9t G302 Daedalus Prime d\u00e0nh cho th\u1ec3 lo\u1ea1i game MOBA. V\u1ec1 c\u01a1 b\u1ea3n, s\u1ea3n ph\u1ea9m c\u00f3 ki\u1ec3u d\u00e1ng \u0111\u1ed1i x\u1ee9ng d\u1ec5 d\u00f9ng cho c\u1ea3 ng\u01b0\u1eddi thu\u1eadn tay ph\u1ea3i l\u1eabn tr\u00e1i. Th\u00e2n chu\u1ed9t thu\u00f4n g\u1ecdn ph\u00f9 h\u1ee3p v\u1edbi c\u00e1ch c\u1ea7m chu\u1ed9t fingertip v\u00e0 claw grips nh\u1eb1m \u0111\u1ea1t \u0111\u01b0\u1ee3c s\u1ef1 tho\u1ea3i m\u00e1i nh\u1ea5t khi thao t\u00e1c. Ri\u00eang ng\u01b0\u1eddi thu\u1eadn tay tr\u00e1i s\u1ebd kh\u00f4ng d\u00f9ng \u0111\u01b0\u1ee3c hai n\u00fat chuy\u1ec3n trang g\u1ea7n v\u1ecb tr\u00ed ng\u00f3n c\u00e1i \u1edf c\u1ea1nh ph\u1ea3i.<\/p>\n<p>Thi\u1ebft k\u1ebf G302 Daedalus Prime c\u00f3 s\u00e1u n\u00fat nh\u1ea5n g\u1ed3m hai n\u00fat c\u01a1 b\u1ea3n l\u00e0 ph\u1ea3i v\u00e0 tr\u00e1i chu\u1ed9t, b\u00e1nh xe cu\u1ed9n trang (scroll wheel), hai n\u00fat chuy\u1ec3n trang t\u1edbi (forward) v\u00e0 lui (back) \u1edf c\u1ea1nh ph\u1ea3i, v\u00e0 on-the-fly DPI switching cho ph\u00e9p t\u00f9y ch\u1ec9nh nhanh \u0111\u1ed9 ph\u00e2n gi\u1ea3i chu\u1ed9t. H\u1ec7 th\u1ed1ng l\u00f2 xo b\u00ean d\u01b0\u1edbi c\u00e1c n\u00fat nh\u1ea5n c\u0169ng \u0111\u01b0\u1ee3c thi\u1ebft k\u1ebf l\u1ea1i \u0111\u1ec3 c\u1ea3i thi\u1ec7n t\u1ed1c \u0111\u1ed9 \u0111\u00e1p \u1ee9ng, t\u0103ng b\u1ec1n t\u1ed1t v\u00e0 ng\u01b0\u1eddi d\u00f9ng c\u00f3 c\u1ea3m gi\u00e1c l\u1ef1c nh\u1ea5n t\u1ed1t h\u01a1n. Theo Logitech cho bi\u1ebft hai n\u00fat tr\u00e1i ph\u1ea3i chu\u1ed9t c\u00f3 \u0111\u1ed9 b\u1ec1n v\u00e0o kho\u1ea3ng 20 tri\u1ec7u l\u1ea7n nh\u1ea5n. \u0110i\u1ec1u n\u00e0y c\u0169ng ph\u00f9 h\u1ee3p v\u1edbi c\u00e1ch d\u00f9ng chu\u1ed9t c\u1ee7a game th\u1ee7 MOBA.<\/p>\n<p><img decoding=\"async\" src=\"https:\/\/file.hstatic.net\/1000026716\/file\/gearvn-chuot-logitech-g302-daedalus-prime-2_f44ecc31eba8499498f9936b14722dab_grande.jpg\" alt=\"GEARVN.COM - Chu\u1ed9t Logitech G302 Daedalus Prime\" \/><\/p>\n<p>&nbsp;<\/p>\n<p>\u0110i k\u00e8m l\u00e0 b\u1ed9 ph\u1ea7n m\u1ec1m Logitech Gaming Software, t\u1ea3i v\u1ec1 phi\u00ean b\u1ea3n m\u1edbi nh\u1ea5t t\u1eeb website nh\u00e0 s\u1ea3n xu\u1ea5t, cho ph\u00e9p \u0111\u1ecbnh l\u1ea1i ch\u1ee9c n\u0103ng c\u00e1c n\u00fat nh\u1ea5n, t\u1ea5t nhi\u00ean tr\u1eeb hai n\u00fat c\u01a1 b\u1ea3n ph\u1ea3i v\u00e0 tr\u00e1i chu\u1ed9t ch\u1ec9 ho\u00e1n \u0111\u1ed5i ch\u1ee9c n\u0103ng c\u1ee7a ch\u00fang t\u00f9y b\u1ea1n thu\u1eadn tay ph\u1ea3i hay tr\u00e1i. Thay \u0111\u1ed5i t\u1ed1c \u0111\u1ed9 truy\u1ec1n d\u1eef li\u1ec7u qua c\u1ed5ng USB gi\u00fap tr\u1ecf chu\u1ed9t di chuy\u1ec3n m\u01b0\u1ee3t h\u01a1n, \u0111i\u1ec1u khi\u1ec3n chu\u1ed9t d\u1ec5 d\u00e0ng v\u00e0 ch\u00ednh x\u00e1c h\u01a1n. Ngo\u00e0i ra, b\u1ed9 ph\u1ea7n m\u1ec1m c\u0169ng h\u1ed7 tr\u1ee3 thi\u1ebft l\u1eadp profile ng\u01b0\u1eddi d\u00f9ng v\u00e0 g\u00e1n macro v\u1edbi t\u1ed5 h\u1ee3p c\u00e1c ph\u00edm nh\u1ea5n k\u1ebft h\u1ee3p gi\u1eefa chu\u1ed9t v\u00e0 c\u1ea3 b\u00e0n ph\u00edm.<\/p>\n<p>Theo c\u00f4ng b\u1ed1 c\u1ee7a Logitech th\u00ec G302 Daedalus Prime \u0111\u01b0\u1ee3c trang b\u1ecb c\u1ea3m bi\u1ebfn quang Delta Zero, \u0111\u1ed9 ph\u00e2n gi\u1ea3i h\u1ed7 tr\u1ee3 t\u1eeb 240 &#8211; 4.000 dpi v\u00e0 c\u00f3 th\u1ec3 t\u00f9y ch\u1ec9nh nhanh th\u00f4ng qua n\u00fat ch\u1ee9c n\u0103ng. C\u1ee5 th\u1ec3 b\u1ea1n c\u00f3 th\u1ec3 l\u1ea7n l\u01b0\u1ee3t chuy\u1ec3n \u0111\u1ed5i gi\u1eefa b\u1ed1n m\u1ee9c dpi kh\u00e1c nhau l\u00e0 400, 800, 1.600 v\u00e0 3.200 v\u00e0 \u0111i\u1ec1u n\u00e0y l\u00fd t\u01b0\u1edfng trong game khi c\u1ea7n b\u1eafn t\u1ec9a (ch\u1ecdn thi\u1ebft l\u1eadp dpi th\u1ea5p) ho\u1eb7c \u0111\u00e1nh c\u1eadn chi\u1ebfn (dpi cao). Chu\u1ed9t c\u00f2n trang b\u1ecb b\u1ed9 x\u1eed l\u00fd ARM 32-bit \u0111\u1ec3 qu\u1ea3n l\u00fd t\u1ea5t c\u1ea3 thi\u1ebft l\u1eadp v\u00e0 t\u00f9y ch\u1ec9nh c\u1ee7a ng\u01b0\u1eddi d\u00f9ng.<\/p>\n<h3><strong>Hi\u1ec7u n\u0103ng<\/strong><\/h3>\n<p>Th\u1eed nghi\u1ec7m th\u1ef1c t\u1ebf cho th\u1ea5y tr\u1eeb m\u1eb7t k\u00ednh b\u00f3ng chu\u1ed9t th\u00ec c\u00f3 th\u1ec3 s\u1eed d\u1ee5ng t\u1ed1t tr\u00ean nhi\u1ec1u ch\u1ea5t li\u1ec7u kh\u00e1c nhau, k\u1ec3 c\u1ea3 b\u1ec1 m\u1eb7t g\u1ed3 gh\u1ec1. \u0110\u1ebf chu\u1ed9t l\u00e0m t\u1eeb ch\u1ea5t li\u1ec7u Teflon c\u00f3 h\u1ec7 s\u1ed1 ma s\u00e1t th\u1ea5p gi\u00fap chu\u1ed9t di chuy\u1ec3n nh\u1eb9 nh\u00e0ng, thao t\u00e1c tho\u1ea3i m\u00e1i. Hai ph\u00edm tr\u00e1i ph\u1ea3i chu\u1ed9t nh\u1ea5n nh\u1eb9 v\u00e0 r\u1ea5t nh\u1ea1y do th\u1eddi gian \u0111\u00e1p \u1ee9ng ch\u1ec9 l\u00e0 1ms (mili-gi\u00e2y), k\u00edch th\u01b0\u1edbc ph\u00edm to v\u00e0 d\u00e0i, th\u1ecfa s\u1ee9c game th\u1ee7 nh\u1ea5n chu\u1ed9t li\u00ean t\u1ee5c trong nh\u1eefng pha h\u00e0nh \u0111\u1ed9ng t\u1ed1c \u0111\u1ed9.<\/p>\n<p><img decoding=\"async\" src=\"https:\/\/file.hstatic.net\/1000026716\/file\/gearvn-chuot-logitech-g302-daedalus-prime-3_1228360fef554913a799a36617792de0_grande.jpg\" alt=\"GEARVN.COM - Chu\u1ed9t Logitech G302 Daedalus Prime\" \/><\/p>\n<p>&nbsp;<\/p>\n<p>D\u00f9 v\u1eady, chu\u1ed9t s\u1ebd ho\u00e0n thi\u1ec7n h\u01a1n n\u1ebfu thi\u1ebft k\u1ebf ph\u1ea7n th\u00e2n c\u00f3 \u0111\u1ed9 nh\u00e1m t\u1ed1t h\u01a1n ho\u1eb7c s\u1eed d\u1ee5ng ch\u1ea5t li\u1ec7u cao su m\u1ec1m s\u1ebd gi\u00fap game th\u1ee7 c\u00f3 th\u1ec3 s\u1eed d\u1ee5ng trong m\u1ed9t kho\u1ea3ng th\u1eddi gian d\u00e0i m\u00e0 kh\u00f4ng ph\u1ea3i b\u1eadn t\u00e2m v\u1ea5n \u0111\u1ec1 tr\u01a1n tr\u1ee3t do m\u1ed3 h\u00f4i tay.<\/p>\n","protected":false},"excerpt":{"rendered":"<div class=\"product-summary-item-title\">Th\u00f4ng s\u1ed1 s\u1ea3n ph\u1ea9m<\/div>\n<ul id=\"js-tskt-item\" class=\"product-summary-item-ul d-flex flex-wrap mb-0\">\n<li>Chu\u1ed9t \u0111\u01b0\u1ee3c thi\u1ebft k\u1ebf cho Game th\u1ee7 chuy\u00ean nghi\u1ec7p. G302 MOBA Gaming Mouse.<\/li>\n<li>Chu\u1ed9t Logitech G302 s\u1eed d\u1ee5ng c\u1ea3m bi\u1ebfn quang h\u1ecdc c\u00f4ng ngh\u1ec7 Logitech Delta Zero\u2122.<\/li>\n<li>T\u00edch h\u1ee3p 6 n\u00fat c\u00f3 th\u1ec3 l\u1eadp tr\u00ecnh \u0111\u01b0\u1ee3c, g\u00e1n c\u00e1c t\u00e1c v\u1ee5 kh\u00e1c nhau \u0111\u01b0\u1ee3c tr\u00ean chu\u1ed9t.<\/li>\n<li>Cho ph\u00e9p chuy\u1ec3n \u0111\u1ed5i DPI t\u1eeb 240 DPI \u0111\u1ebfn 4000 DPI ngay t\u1ee9c th\u00ec b\u1eb1ng ph\u00edm b\u1ea5m tr\u00ean chu\u1ed9t.<\/li>\n<li>S\u1eed d\u1ee5ng b\u1ed9 x\u1eed l\u00fd 32 BIT ARM \u0111\u1ec3 \u0111\u1ea3m b\u1ea3o m\u1ecdi t\u00e1c v\u1ee5 \u0111\u01b0\u1ee3c x\u1eed l\u00fd nhanh ch\u00f3ng , t\u1ed1c \u0111\u1ed9, ch\u00ednh x\u00e1c,&#8230; m\u1ed9t c\u00e1ch th\u00f4ng minh.<\/li>\n<li>T\u1ed1c \u0111\u1ed9 ph\u1ea3n h\u1ed3i 1 millisecond c\u1ee7a c\u1ed5ng c\u1eafm USB \u0111\u1ea3m b\u1ea3o chu\u1ed9t di chuy\u1ec3n nhanh ch\u00f3ng, nhanh, t\u1ee9c th\u00ec v\u00e0 kh\u00f4ng bao gi\u1edd b\u1ecb lag ( l\u00fac n\u00e0y lag hay ko l\u00e0 do m\u00e1 t\u00ednh&#8230;hi hi &#8230;)<\/li>\n<li>\u0110\u1ed9 b\u1ec1n c\u1ee7a n\u00fat chu\u1ed9t tr\u00e1i \/ ph\u1ea3i l\u00ean \u0111\u1ebfn 20 tri\u1ec7u l\u1ea7n click.<\/li>\n<\/ul>\n<p>B\u1ea3o h\u00e0nh 12 th\u00e1ng<br \/>\nGiao h\u00e0ng t\u1eadn n\u01a1i shipcod to\u00e0n qu\u1ed1c<\/p>\n","protected":false},"featured_media":0,"template":"","meta":[],"product_brand":[],"product_cat":[42],"product_tag":[93,97,94,96,101],"class_list":{"0":"post-253","1":"product","2":"type-product","3":"status-publish","5":"product_cat-may-vi-tinh-tron-bo-dung-san","6":"product_tag-chuot-gaming","7":"product_tag-chuot-led-rgb","8":"product_tag-chuot-logitech","9":"product_tag-chuot-may-tinh","10":"product_tag-g302","12":"first","13":"instock","14":"shipping-taxable","15":"purchasable","16":"product-type-simple"},"jetpack_sharing_enabled":true,"_links":{"self":[{"href":"http:\/\/vitinhhaiduong.com\/index.php?rest_route=\/wp\/v2\/product\/253","targetHints":{"allow":["GET"]}}],"collection":[{"href":"http:\/\/vitinhhaiduong.com\/index.php?rest_route=\/wp\/v2\/product"}],"about":[{"href":"http:\/\/vitinhhaiduong.com\/index.php?rest_route=\/wp\/v2\/types\/product"}],"wp:attachment":[{"href":"http:\/\/vitinhhaiduong.com\/index.php?rest_route=%2Fwp%2Fv2%2Fmedia&parent=253"}],"wp:term":[{"taxonomy":"product_brand","embeddable":true,"href":"http:\/\/vitinhhaiduong.com\/index.php?rest_route=%2Fwp%2Fv2%2Fproduct_brand&post=253"},{"taxonomy":"product_cat","embeddable":true,"href":"http:\/\/vitinhhaiduong.com\/index.php?rest_route=%2Fwp%2Fv2%2Fproduct_cat&post=253"},{"taxonomy":"product_tag","embeddable":true,"href":"http:\/\/vitinhhaiduong.com\/index.php?rest_route=%2Fwp%2Fv2%2Fproduct_tag&post=253"}],"curies":[{"name":"wp","href":"https:\/\/api.w.org\/{rel}","templated":true}]}}