{"id":255,"date":"2022-02-24T17:21:31","date_gmt":"2022-02-24T10:21:31","guid":{"rendered":"https:\/\/vitinhhaiduong.com\/?post_type=product&#038;p=255"},"modified":"2022-02-24T17:22:55","modified_gmt":"2022-02-24T10:22:55","slug":"chuot-day-usb-game-kingmaster-km10","status":"publish","type":"product","link":"http:\/\/vitinhhaiduong.com\/?product=chuot-day-usb-game-kingmaster-km10","title":{"rendered":"CHU\u1ed8T D\u00c2Y USB GAME KINGMASTER KM10"},"content":{"rendered":"<div class=\"text-center\">\n<h2>Chu\u1ed9t Gaming KingMaster KM10 3200DPI<\/h2>\n<\/div>\n<div class=\"product-tab\">\n<p><img decoding=\"async\" src=\"https:\/\/cf.shopee.vn\/file\/67ce942900bafd26143368925820101f\" alt=\"CHU\u1ed8T KINMASTER KM10 LED (USB) \u0110EN | Shopee Vi\u1ec7t Nam\" \/><\/p>\n<p>CHU\u1ed8T D\u00c2Y USB GAME KINGMASTER KM10 3200DPI<br \/>\nChuy\u00ean Game, LED 7 m\u00e0u, 6 n\u00fat b\u1ea5m<br \/>\n4 c\u1ea5p \u0111\u1ed9 DPI t\u1eeb 1200 \u0111\u1ebfn 3200 dpi<\/p>\n<\/div>\n","protected":false},"excerpt":{"rendered":"<p>MOUSE KINGMASTER KM10 LED (USB) \u0110EN<\/p>\n<p>C\u1ed5ng giao ti\u1ebfp :\u00a0USB<\/p>\n<p>DPI : 1200 \/ 1800 \/ 2400 \/ 3200<\/p>\n<p>Hi\u1ec3n th\u1ecb \u0111\u00e8n LED : C\u00f3<\/p>\n<p>N\u00fat : 6<\/p>\n<p>M\u00e0u : \u0110en<\/p>\n<p>B\u1ea3o h\u00e0nh 12 th\u00e1ng<\/p>\n<p>Giao h\u00e0ng t\u1eadn n\u01a1i shipcod to\u00e0n qu\u1ed1c<\/p>\n","protected":false},"featured_media":0,"template":"","meta":[],"product_brand":[],"product_cat":[17,38],"product_tag":[98,93,102,103],"class_list":{"0":"post-255","1":"product","2":"type-product","3":"status-publish","5":"product_cat-linh-kien-may-tinh-de-ban","6":"product_cat-chuot","7":"product_tag-chuot-co-day","8":"product_tag-chuot-gaming","9":"product_tag-chuot-kingmaster","10":"product_tag-km10","12":"first","13":"instock","14":"shipping-taxable","15":"purchasable","16":"product-type-simple"},"jetpack_sharing_enabled":true,"_links":{"self":[{"href":"http:\/\/vitinhhaiduong.com\/index.php?rest_route=\/wp\/v2\/product\/255","targetHints":{"allow":["GET"]}}],"collection":[{"href":"http:\/\/vitinhhaiduong.com\/index.php?rest_route=\/wp\/v2\/product"}],"about":[{"href":"http:\/\/vitinhhaiduong.com\/index.php?rest_route=\/wp\/v2\/types\/product"}],"wp:attachment":[{"href":"http:\/\/vitinhhaiduong.com\/index.php?rest_route=%2Fwp%2Fv2%2Fmedia&parent=255"}],"wp:term":[{"taxonomy":"product_brand","embeddable":true,"href":"http:\/\/vitinhhaiduong.com\/index.php?rest_route=%2Fwp%2Fv2%2Fproduct_brand&post=255"},{"taxonomy":"product_cat","embeddable":true,"href":"http:\/\/vitinhhaiduong.com\/index.php?rest_route=%2Fwp%2Fv2%2Fproduct_cat&post=255"},{"taxonomy":"product_tag","embeddable":true,"href":"http:\/\/vitinhhaiduong.com\/index.php?rest_route=%2Fwp%2Fv2%2Fproduct_tag&post=255"}],"curies":[{"name":"wp","href":"https:\/\/api.w.org\/{rel}","templated":true}]}}