{"id":257,"date":"2022-02-24T17:32:09","date_gmt":"2022-02-24T10:32:09","guid":{"rendered":"https:\/\/vitinhhaiduong.com\/?post_type=product&#038;p=257"},"modified":"2022-03-14T08:13:19","modified_gmt":"2022-03-14T01:13:19","slug":"chuot-khong-day-logitech-m185","status":"publish","type":"product","link":"http:\/\/vitinhhaiduong.com\/?product=chuot-khong-day-logitech-m185","title":{"rendered":"Chu\u1ed9t Kh\u00f4ng D\u00e2y Logitech M185"},"content":{"rendered":"<h3>Chu\u1ed9t m\u00e1y t\u00ednh Logitech\u00a0c\u1ee7a\u00a0th\u01b0\u01a1ng hi\u1ec7u uy t\u00edn Th\u1ee5y S\u0129, thi\u1ebft k\u1ebf \u0111\u01a1n gi\u1ea3n, thanh l\u1ecbch, d\u1ec5 d\u00f9ng<\/h3>\n<p>Logitech M185 c\u00f3 2 m\u00e0u v\u00e2n l\u00e0 \u0111\u1ecf v\u00e0 xanh d\u01b0\u01a1ng, cho b\u1ea1n l\u1ef1a ch\u1ecdn t\u00f9y th\u00edch.<\/p>\n<p>Chu\u1ed9t m\u00e1y t\u00ednh\u00a0n\u1eb7ng 75.2 g c\u00f9ng l\u1edbp v\u1ecf nh\u1ef1a nh\u00e1m l\u00e0m cho k\u1ebft c\u1ea5u th\u00eam ph\u1ea7n ch\u1eafc ch\u1eafn, c\u1ea7m v\u1eeba tay, t\u1ea1o c\u1ea3m gi\u00e1c tho\u1ea3i m\u00e1i trong qu\u00e1 tr\u00ecnh thao t\u00e1c v\u1edbi c\u1ea3 ng\u01b0\u1eddi thu\u1eadn tay tr\u00e1i v\u00e0 ph\u1ea3i.<\/p>\n<p><a class=\"preventdefault\" href=\"https:\/\/www.thegioididong.com\/images\/86\/223821\/chuot-khong-day-logitech-m185-080420-090408.jpg\"><img decoding=\"async\" class=\" ls-is-cached lazyloaded\" title=\"Chu\u1ed9t kh\u00f4ng d\u00e2y Logitech M185 - Thi\u1ebft k\u1ebf \u0111\u01a1n gi\u1ea3n\" src=\"https:\/\/cdn.tgdd.vn\/Products\/Images\/86\/223821\/chuot-khong-day-logitech-m185-080420-090408.jpg\" alt=\"Chu\u1ed9t kh\u00f4ng d\u00e2y Logitech M185 - Thi\u1ebft k\u1ebf \u0111\u01a1n gi\u1ea3n\" data-src=\"https:\/\/cdn.tgdd.vn\/Products\/Images\/86\/223821\/chuot-khong-day-logitech-m185-080420-090408.jpg\" \/><\/a><\/p>\n<h3>Chu\u1ed9t kh\u00f4ng d\u00e2y\u00a0s\u1eed d\u1ee5ng kh\u00f4ng v\u01b0\u1edbng v\u00edu, k\u1ebft n\u1ed1i v\u1edbi tivi,\u00a0laptop, PC nh\u1eb9 nh\u00e0ng khi c\u1eafm\u00a0\u0111\u1ea7u thu USB v\u00e0o c\u1ed5ng USB tr\u00ean thi\u1ebft b\u1ecb<\/h3>\n<p>Tr\u01b0\u1eddng h\u1ee3p, n\u1ebfu mu\u1ed1n k\u1ebft n\u1ed1i\u00a0chu\u1ed9t v\u1edbi \u00a0\u0111i\u1ec7n tho\u1ea1i,\u00a0m\u00e1y t\u00ednh b\u1ea3ng,\u00a0c\u1ea7n s\u1eed d\u1ee5ng d\u00e2y\u00a0OTG.<\/p>\n<p><a class=\"preventdefault\" href=\"https:\/\/www.thegioididong.com\/images\/86\/223821\/chuot-khong-day-logitech-m185-080420-090413.jpg\"><img decoding=\"async\" class=\" ls-is-cached lazyloaded\" title=\"Chu\u1ed9t kh\u00f4ng d\u00e2y Logitech M185 - Chu\u1ed9t kh\u00f4ng d\u00e2y s\u1eed d\u1ee5ng kh\u00f4ng v\u01b0\u1edbng v\u00edu\" src=\"https:\/\/cdn.tgdd.vn\/Products\/Images\/86\/223821\/chuot-khong-day-logitech-m185-080420-090413.jpg\" alt=\"Chu\u1ed9t kh\u00f4ng d\u00e2y Logitech M185 - Chu\u1ed9t kh\u00f4ng d\u00e2y s\u1eed d\u1ee5ng kh\u00f4ng v\u01b0\u1edbng v\u00edu\" data-src=\"https:\/\/cdn.tgdd.vn\/Products\/Images\/86\/223821\/chuot-khong-day-logitech-m185-080420-090413.jpg\" \/><\/a><\/p>\n<p>Chu\u1ed9t d\u00f9ng t\u1ed1t cho c\u00e1c thi\u1ebft b\u1ecb ch\u1ea1y h\u1ec7 \u0111i\u1ec1u h\u00e0nh\u00a0Windows, Android, Mac OS.<\/p>\n<p><a class=\"preventdefault\" href=\"https:\/\/www.thegioididong.com\/images\/86\/223821\/chuot-khong-day-logitech-m185-080420-090417.jpg\"><img decoding=\"async\" class=\" lazyloaded\" title=\"Chu\u1ed9t kh\u00f4ng d\u00e2y Logitech M185 - D\u00f9ng t\u1ed1t cho c\u00e1c thi\u1ebft b\u1ecb ch\u1ea1y h\u1ec7 \u0111i\u1ec1u h\u00e0nh Windows, Android, Mac OS\" src=\"https:\/\/cdn.tgdd.vn\/Products\/Images\/86\/223821\/chuot-khong-day-logitech-m185-080420-090417.jpg\" alt=\"Chu\u1ed9t kh\u00f4ng d\u00e2y Logitech M185 - D\u00f9ng t\u1ed1t cho c\u00e1c thi\u1ebft b\u1ecb ch\u1ea1y h\u1ec7 \u0111i\u1ec1u h\u00e0nh Windows, Android, Mac OS\" data-src=\"https:\/\/cdn.tgdd.vn\/Products\/Images\/86\/223821\/chuot-khong-day-logitech-m185-080420-090417.jpg\" \/><\/a><\/p>\n<h3>K\u1ebft n\u1ed1i nhanh nh\u1ea1y v\u1edbi\u00a0\u0111\u1ed9 ph\u00e2n gi\u1ea3i quang h\u1ecdc \u0111\u1ebfn 1000 DPI, \u0111\u00e1p \u1ee9ng m\u1ecdi nhu c\u1ea7u c\u00f4ng vi\u1ec7c, h\u1ecdc t\u1eadp, gi\u1ea3i tr\u00ed<\/h3>\n<p><a class=\"preventdefault\" href=\"https:\/\/www.thegioididong.com\/images\/86\/223821\/chuot-khong-day-logitech-m185-080420-090427.jpg\"><img decoding=\"async\" class=\" lazyloaded\" title=\"Chu\u1ed9t kh\u00f4ng d\u00e2y Logitech M185 - K\u1ebft n\u1ed1i nhanh nh\u1ea1y\" src=\"https:\/\/cdn.tgdd.vn\/Products\/Images\/86\/223821\/chuot-khong-day-logitech-m185-080420-090427.jpg\" alt=\"Chu\u1ed9t kh\u00f4ng d\u00e2y Logitech M185 - K\u1ebft n\u1ed1i nhanh nh\u1ea1y\" data-src=\"https:\/\/cdn.tgdd.vn\/Products\/Images\/86\/223821\/chuot-khong-day-logitech-m185-080420-090427.jpg\" \/><\/a><\/p>\n<h3>S\u00f3ng kh\u00f4ng d\u00e2y v\u1edbi t\u1ea7n s\u1ed1 2.4GHz cho k\u1ebft n\u1ed1i \u1ed5n \u0111\u1ecbnh ngay c\u1ea3 v\u1edbi kho\u1ea3ng c\u00e1ch 10 m<\/h3>\n<p><a class=\"preventdefault\" href=\"https:\/\/www.thegioididong.com\/images\/86\/223821\/chuot-khong-day-logitech-m185-080420-090441.jpg\"><img decoding=\"async\" class=\" lazyloaded\" title=\"Chu\u1ed9t kh\u00f4ng d\u00e2y Logitech M185 - K\u1ebft n\u1ed1i \u1ed5n \u0111\u1ecbnh ngay c\u1ea3 v\u1edbi kho\u1ea3ng c\u00e1ch 10 m\" src=\"https:\/\/cdn.tgdd.vn\/Products\/Images\/86\/223821\/chuot-khong-day-logitech-m185-080420-090441.jpg\" alt=\"Chu\u1ed9t kh\u00f4ng d\u00e2y Logitech M185 - K\u1ebft n\u1ed1i \u1ed5n \u0111\u1ecbnh ngay c\u1ea3 v\u1edbi kho\u1ea3ng c\u00e1ch 10 m\" data-src=\"https:\/\/cdn.tgdd.vn\/Products\/Images\/86\/223821\/chuot-khong-day-logitech-m185-080420-090441.jpg\" \/><\/a><\/p>\n<h3>C\u00e1c ph\u00edm nh\u1ea5n nh\u1eb9, ti\u1ebfng click d\u1ec5 ch\u1ecbu, con l\u0103n\u00a0tr\u01b0\u1ee3t linh ho\u1ea1t<\/h3>\n<p><a class=\"preventdefault\" href=\"https:\/\/www.thegioididong.com\/images\/86\/223821\/chuot-khong-day-logitech-m185-080420-090421.jpg\"><img decoding=\"async\" class=\" lazyloaded\" title=\"Chu\u1ed9t kh\u00f4ng d\u00e2y Logitech M185 - C\u00e1c ph\u00edm nh\u1ea5n nh\u1eb9, ti\u1ebfng click d\u1ec5 ch\u1ecbu\" src=\"https:\/\/cdn.tgdd.vn\/Products\/Images\/86\/223821\/chuot-khong-day-logitech-m185-080420-090421.jpg\" alt=\"Chu\u1ed9t kh\u00f4ng d\u00e2y Logitech M185 - C\u00e1c ph\u00edm nh\u1ea5n nh\u1eb9, ti\u1ebfng click d\u1ec5 ch\u1ecbu\" data-src=\"https:\/\/cdn.tgdd.vn\/Products\/Images\/86\/223821\/chuot-khong-day-logitech-m185-080420-090421.jpg\" \/><\/a><\/p>\n<h3>Chu\u1ed9t kh\u00f4ng d\u00e2y Logitech\u00a0ho\u1ea1t \u0111\u1ed9ng b\u1eb1ng pin AA th\u00f4ng d\u1ee5ng, mua v\u00e0 thay th\u1ebf ti\u1ec7n l\u1ee3i<\/h3>\n<p>S\u1ea3n ph\u1ea9m c\u00f3 th\u1ec3 d\u00f9ng l\u00e2u \u0111\u1ebfn v\u00e0i th\u00e1ng v\u00e0 \u0111\u1ec3 t\u0103ng tu\u1ed5i th\u1ecd cho pin, khi kh\u00f4ng s\u1eed d\u1ee5ng, b\u1ea1n t\u1eaft chu\u1ed9t b\u1eb1ng c\u00e1ch s\u1eed d\u1ee5ng c\u00f4ng t\u1eafc ON\/OFF, khi n\u00e0o c\u1ea7n d\u00f9ng th\u00ec m\u1edf c\u00f4ng t\u1eafc.<\/p>\n<p><a class=\"preventdefault\" href=\"https:\/\/www.thegioididong.com\/images\/86\/223821\/chuot-khong-day-logitech-m185-080420-090436.jpg\"><img decoding=\"async\" class=\" lazyloaded\" title=\"Chu\u1ed9t kh\u00f4ng d\u00e2y Logitech M185 - Ho\u1ea1t \u0111\u1ed9ng b\u1eb1ng pin AA\" src=\"https:\/\/cdn.tgdd.vn\/Products\/Images\/86\/223821\/chuot-khong-day-logitech-m185-080420-090436.jpg\" alt=\"Chu\u1ed9t kh\u00f4ng d\u00e2y Logitech M185 - Ho\u1ea1t \u0111\u1ed9ng b\u1eb1ng pin AA\" data-src=\"https:\/\/cdn.tgdd.vn\/Products\/Images\/86\/223821\/chuot-khong-day-logitech-m185-080420-090436.jpg\" \/><\/a><\/p>\n<p>C\u00f3 th\u1ec3 th\u1ea5y,\u00a0chu\u1ed9t kh\u00f4ng d\u00e2y Logitech M185\u00a0s\u1edf h\u1eefu k\u00edch nh\u1ecf nh\u1ecf g\u1ecdn, k\u1ebft n\u1ed1i nhanh, s\u1eed d\u1ee5ng hi\u1ec7u qu\u1ea3, b\u1ec1n l\u00e2u, gi\u00e1 r\u1ebb, c\u1ef1c th\u00edch h\u1ee3p cho ng\u01b0\u1eddi tr\u1ebb n\u0103ng \u0111\u1ed9ng.<\/p>\n","protected":false},"excerpt":{"rendered":"<p class=\"short-article__title\">\u0110\u1eb7c \u0111i\u1ec3m n\u1ed5i b\u1eadt<\/p>\n<ul>\n<li>Thi\u1ebft k\u1ebf g\u1ecdn \u0111\u1eb9p, c\u1ea7m v\u1eeba tay, d\u1ec5 s\u1eed d\u1ee5ng.<\/li>\n<li>\u0110\u1ed9 ph\u00e2n gi\u1ea3i quang h\u1ecdc\u00a0<strong>1000 DPI<\/strong>, \u0111\u00e1p \u1ee9ng nhu c\u1ea7u s\u1eed d\u1ee5ng.<\/li>\n<li>S\u00f3ng kh\u00f4ng d\u00e2y t\u1ea7n s\u1ed1 t\u1edbi 2.4GHz, cho k\u1ebft n\u1ed1i m\u1ea1nh m\u1ebd trong\u00a0<strong>10 m.<\/strong><\/li>\n<li>\u0110\u1ea7u thu USB k\u1ebft n\u1ed1i v\u1edbi laptop, m\u00e1y t\u00ednh \u0111\u1ec3 b\u00e0n, tivi,&#8230; ti\u1ec7n l\u1ee3i.<\/li>\n<li>D\u1ec5 mua v\u00e0 thay th\u1ebf khi chu\u1ed9t s\u1eed d\u1ee5ng\u00a0<strong>pin AA\u00a0<\/strong>th\u00f4ng d\u1ee5ng<\/li>\n<\/ul>\n<p>&#8211; B\u1ea3o h\u00e0nh 12 th\u00e1ng<\/p>\n<p>&#8211; Giao h\u00e0ng t\u1eadn n\u01a1i, shipcod to\u00e0n qu\u1ed1c<\/p>\n","protected":false},"featured_media":0,"template":"","meta":[],"product_brand":[],"product_cat":[17,38],"product_tag":[105,106,104],"class_list":{"0":"post-257","1":"product","2":"type-product","3":"status-publish","5":"product_cat-linh-kien-may-tinh-de-ban","6":"product_cat-chuot","7":"product_tag-chuot-khong-day","8":"product_tag-chuot-khong-day-logitech","9":"product_tag-chuot-laptop","11":"first","12":"instock","13":"shipping-taxable","14":"purchasable","15":"product-type-simple"},"jetpack_sharing_enabled":true,"_links":{"self":[{"href":"http:\/\/vitinhhaiduong.com\/index.php?rest_route=\/wp\/v2\/product\/257","targetHints":{"allow":["GET"]}}],"collection":[{"href":"http:\/\/vitinhhaiduong.com\/index.php?rest_route=\/wp\/v2\/product"}],"about":[{"href":"http:\/\/vitinhhaiduong.com\/index.php?rest_route=\/wp\/v2\/types\/product"}],"wp:attachment":[{"href":"http:\/\/vitinhhaiduong.com\/index.php?rest_route=%2Fwp%2Fv2%2Fmedia&parent=257"}],"wp:term":[{"taxonomy":"product_brand","embeddable":true,"href":"http:\/\/vitinhhaiduong.com\/index.php?rest_route=%2Fwp%2Fv2%2Fproduct_brand&post=257"},{"taxonomy":"product_cat","embeddable":true,"href":"http:\/\/vitinhhaiduong.com\/index.php?rest_route=%2Fwp%2Fv2%2Fproduct_cat&post=257"},{"taxonomy":"product_tag","embeddable":true,"href":"http:\/\/vitinhhaiduong.com\/index.php?rest_route=%2Fwp%2Fv2%2Fproduct_tag&post=257"}],"curies":[{"name":"wp","href":"https:\/\/api.w.org\/{rel}","templated":true}]}}