{"id":265,"date":"2022-02-25T10:08:12","date_gmt":"2022-02-25T03:08:12","guid":{"rendered":"https:\/\/vitinhhaiduong.com\/?post_type=product&#038;p=265"},"modified":"2022-02-25T10:08:13","modified_gmt":"2022-02-25T03:08:13","slug":"ban-phim-chuyen-game-led-7-mau-bosston-x19","status":"publish","type":"product","link":"http:\/\/vitinhhaiduong.com\/?product=ban-phim-chuyen-game-led-7-mau-bosston-x19","title":{"rendered":"B\u00e0n ph\u00edm chuy\u00ean Game Led 7 m\u00e0u Bosston X19"},"content":{"rendered":"<h4><img loading=\"lazy\" decoding=\"async\" class=\"alignnone  wp-image-267\" src=\"http:\/\/vitinhhaiduong.com\/wp-content\/uploads\/2022\/02\/61bb2a71d16df1784f048b3984885482-300x300.jpg\" alt=\"\" width=\"357\" height=\"357\" \/><\/h4>\n<h4 class=\"BlockTitle__Wrapper-sc-qpz3fo-0 eHltcn\">M\u00f4 T\u1ea3 S\u1ea3n Ph\u1ea9m<\/h4>\n<div class=\"content\">\n<div class=\"ToggleContent__Wrapper-sc-1dbmfaw-1 cqXrJr\">\n<div class=\"ToggleContent__View-sc-1dbmfaw-0 wyACs\">\n<div>\n<p>1. Thi\u1ebft k\u1ebf:<br \/>\n&#8211; B\u00e0n Ph\u00edm Chuy\u00ean Game LED \u0110a M\u00e0u Bosston X19 \u0111\u01b0\u1ee3c thi\u1ebft k\u1ebf v\u00f4 c\u00f9ng t\u1ec9 m\u1ec9 v\u00e0 s\u00e1ng t\u1ea1o.<br \/>\n&#8211; H\u1ec7 th\u1ed1ng Led 7 m\u00e0u n\u1ed5i b\u1eadt \u0111\u01b0\u1ee3c tr\u1ea3i d\u00e0i, s\u00e1ng h\u1ebft to\u00e0n b\u1ed9 b\u00e0n ph\u00edm s\u1ebd mang \u0111\u1ebfn cho ch\u1ee7 nh\u00e2n s\u1ef1 chuy\u00ean nghi\u1ec7p, \u0111\u1ed9c \u0111\u00e1o<br \/>\n&#8211; H\u1ec7 th\u1ed1ng \u0111\u00e8n Led c\u1ef1c k\u1ef3 n\u1ed5i b\u1eadt t\u1ecfa kh\u1eafp b\u00e0n ph\u00edm l\u00e0m n\u1ed5i b\u1eadt c\u00e1c ch\u1eef v\u00e0 h\u00ecnh \u1ea3nh c\u00e1c logo, \u0111\u01b0\u1eddng n\u00e9t.<\/p>\n<p>2. Ch\u1ea5t l\u01b0\u1ee3ng v\u01b0\u1ee3t tr\u1ed9i<br \/>\n&#8211; Ch\u00e2n \u0111\u1ebf ch\u1ecbu \u0111\u01b0\u1ee3c l\u1ef1c cao.<br \/>\n&#8211; C\u00e1c ch\u1eef tr\u00ean b\u00e0n ph\u00edm \u00eam nh\u1eb9, d\u1ec5 d\u00e0ng khi s\u1eed d\u1ee5ng<br \/>\n&#8211; C\u00f3 kh\u1ea3 n\u0103ng ch\u1ed1ng n\u01b0\u1edbc, va \u0111\u1eadp<\/p>\n<p>3. Phong c\u00e1ch game th\u1ee7:<\/p>\n<p>&#8211; B\u00e0n Ph\u00edm Chuy\u00ean Game LED \u0110a M\u00e0u Bosston X19 \u0111\u01b0\u1ee3c thi\u1ebft k\u1ebf theo phong c\u00e1ch game th\u1ee7 v\u1edbi m\u00e0u s\u1eafc lung linh, chuy\u00ean nghi\u1ec7p.<br \/>\n&#8211; Thi\u1ebft k\u1ebf g\u00f3c c\u1ea1nh, \u0111\u1eb7c bi\u1ec7t<br \/>\n&#8211; B\u1ea1n s\u1ebd th\u1eadt s\u1ef1 t\u1ecfa s\u00e1ng v\u00e0 ri\u00eang bi\u1ec7t khi s\u1edf h\u1eefu s\u1ea3n ph\u1ea9m \u0111\u1ed9c \u0111\u00e1o n\u00e0y t\u1eeb Bosston<\/p>\n<p>Th\u1ecfa S\u1ee9c Ch\u01a1i GAME C\u00f9ng B\u00e0n Ph\u00edm Bosston X19<\/p>\n<ul>\n<li>Th\u1eddi gian: H\u01a1n 10 tri\u1ec7u l\u1ea7n g\u00f5<\/li>\n<li>K\u1ebft n\u1ed1i: USB 2.0<\/li>\n<li>H\u1ec7 th\u1ed1ng \u0111\u00e8n led t\u1eaft m\u1edf t\u00f9y ch\u1ec9nh ( ph\u00edm Scroll Lock )<\/li>\n<li>H\u1ec7 \u0111i\u1ec1u h\u00e0nh: Win98\/2000\/ME\/NT\/XP\/Visa\/07<\/li>\n<\/ul>\n<\/div>\n<\/div>\n<\/div>\n<\/div>\n","protected":false},"excerpt":{"rendered":"<div class=\"excerpt\">\n<p>&#8211; M\u00e0u s\u1eafc: \u0110en nh\u00e1m<\/p>\n<p>&#8211; Ch\u1eef kh\u1eafc Laser ch\u1ed1ng bay<\/p>\n<p>&#8211; K\u1ebft n\u1ed1i: USB 2.0, t\u01b0\u01a1ng th\u00edch m\u1ecdi h\u1ec7 \u0111i\u1ec1u h\u00e0nh<\/p>\n<p>&#8211; \u0110\u1ed9 b\u1ec1n ph\u00edm &gt; 10.000.000 l\u01b0\u1ee3t b\u1ea5m<\/p>\n<p>&#8211; K\u00edch th\u01b0\u1edbc : 445 * 130 * 35 mm<\/p>\n<p>&#8211; \u0110\u00e8n led n\u1ec1n v\u00e0 led ph\u00edm v\u1edbi 3\u00a0m\u00e0u b\u1eaft m\u1eaft.<\/p>\n<p>&#8211; S\u1ed1 Ph\u00edm : 104 ph\u00edm<\/p>\n<p>&#8211; Ph\u00edm gi\u1ea3 c\u01a1 nghe \u00e2m thanh r\u1ea5t thanh v\u00e0 \u00eam<\/p>\n<p>&#8211; B\u1ea3o h\u00e0nh 12 th\u00e1ng: 1 \u0111\u1ed5i 1 trong 7 ng\u00e0y<\/p>\n<p>&nbsp;<\/p>\n<\/div>\n","protected":false},"featured_media":0,"template":"","meta":[],"product_brand":[],"product_cat":[17,39],"product_tag":[113,114,115,116],"class_list":{"0":"post-265","1":"product","2":"type-product","3":"status-publish","5":"product_cat-linh-kien-may-tinh-de-ban","6":"product_cat-ban-phim","7":"product_tag-ban-phim-bosston","8":"product_tag-ban-phim-gia-co","9":"product_tag-ban-phim-led-rgb","10":"product_tag-bosston-x19","12":"first","13":"instock","14":"shipping-taxable","15":"purchasable","16":"product-type-simple"},"jetpack_sharing_enabled":true,"_links":{"self":[{"href":"http:\/\/vitinhhaiduong.com\/index.php?rest_route=\/wp\/v2\/product\/265","targetHints":{"allow":["GET"]}}],"collection":[{"href":"http:\/\/vitinhhaiduong.com\/index.php?rest_route=\/wp\/v2\/product"}],"about":[{"href":"http:\/\/vitinhhaiduong.com\/index.php?rest_route=\/wp\/v2\/types\/product"}],"wp:attachment":[{"href":"http:\/\/vitinhhaiduong.com\/index.php?rest_route=%2Fwp%2Fv2%2Fmedia&parent=265"}],"wp:term":[{"taxonomy":"product_brand","embeddable":true,"href":"http:\/\/vitinhhaiduong.com\/index.php?rest_route=%2Fwp%2Fv2%2Fproduct_brand&post=265"},{"taxonomy":"product_cat","embeddable":true,"href":"http:\/\/vitinhhaiduong.com\/index.php?rest_route=%2Fwp%2Fv2%2Fproduct_cat&post=265"},{"taxonomy":"product_tag","embeddable":true,"href":"http:\/\/vitinhhaiduong.com\/index.php?rest_route=%2Fwp%2Fv2%2Fproduct_tag&post=265"}],"curies":[{"name":"wp","href":"https:\/\/api.w.org\/{rel}","templated":true}]}}