{"id":305,"date":"2022-03-12T17:31:12","date_gmt":"2022-03-12T10:31:12","guid":{"rendered":"https:\/\/vitinhhaiduong.com\/?post_type=product&#038;p=305"},"modified":"2022-03-12T17:33:04","modified_gmt":"2022-03-12T10:33:04","slug":"webcam-tmcam-8305-usb-720-hd-laptop-pc","status":"publish","type":"product","link":"http:\/\/vitinhhaiduong.com\/?product=webcam-tmcam-8305-usb-720-hd-laptop-pc","title":{"rendered":"WEBCAM TMCAM 8305 USB 720 HD &#8211; LAPTOP &#8211; PC"},"content":{"rendered":"<div id=\"content\">\n<div class=\"container\">\n<div class=\"row\">\n<div id=\"container\">\n<div id=\"content\" role=\"main\">\n<div id=\"product-676\" class=\"post-676 product type-product status-publish has-post-thumbnail product_cat-thiet-bi-hoi-nghi-truc-tuyen product_tag-webcam product_tag-webcam-gia-re first instock taxable shipping-taxable purchasable product-type-simple\">\n<div class=\"woocommerce-tabs wc-tabs-wrapper\">\n<div id=\"tab-description\" class=\"woocommerce-Tabs-panel woocommerce-Tabs-panel--description panel entry-content wc-tab\">\n<h2>M\u00d4 T\u1ea2 S\u1ea2N PH\u1ea8M<\/h2>\n<p><strong>HD Webcam TMCAM 8305\u00a0 720P USB Laptop Computer . Mic<\/strong><\/p>\n<ul>\n<li>Webcam ch\u00e2n k\u1eb9p c\u00f3 mic d\u1ec5 d\u00e0ng s\u1eed d\u1ee5ng cho m\u00e1y t\u00ednh, laptop\u2026 ch\u1ec9 qua c\u1ed5ng USB m\u00e0 kh\u00f4ng c\u1ea7n c\u00e0i \u0111\u1eb7t<\/li>\n<li>\u0110\u1ed9 ph\u00e2n gi\u1ea3i 720p cho h\u00ecnh \u1ea3nh s\u1eafc n\u00e9t khi s\u1eed d\u1ee5ng h\u1ecdc online, tr\u1ef1c tuy\u1ebfn, g\u1ecdi video, ph\u00e1t tr\u1ef1c ti\u1ebfp<\/li>\n<\/ul>\n<p>&nbsp;<\/p>\n<p><img loading=\"lazy\" decoding=\"async\" class=\"wp-image-308 aligncenter\" src=\"http:\/\/vitinhhaiduong.com\/wp-content\/uploads\/2022\/03\/1212-1024x739-1-300x217.png\" alt=\"\" width=\"395\" height=\"285\" \/><\/p>\n<p>&nbsp;<\/p>\n<ul>\n<li>Webcam \u0111\u00e3 t\u00edch h\u1ee3p c\u00f3 mic \u0111i k\u00e8m gi\u00fap ng\u01b0\u1eddi s\u1eed d\u1ee5ng nghe \u00e2m thanh r\u00f5 r\u00e0ng h\u01a1n.<\/li>\n<\/ul>\n<p>&nbsp;<\/p>\n<p><img loading=\"lazy\" decoding=\"async\" class=\"wp-image-309 aligncenter\" src=\"http:\/\/vitinhhaiduong.com\/wp-content\/uploads\/2022\/03\/Untitled-1024x542-1-300x159.png\" alt=\"\" width=\"466\" height=\"247\" \/><\/p>\n<ul>\n<li>Webcam c\u00f3 \u0111\u1ed9 ph\u00e2n gi\u1ea3i cao h\u00ecnh \u1ea3nh s\u1eafc n\u00e9t -C\u00f3 mic gi\u00fap b\u1ea1n c\u00f3 th\u1ec3 chat voice ho\u1eb7c g\u1ecdi \u0111i\u1ec7n tho\u1ea1i internet -Webcam t\u1ef1 nh\u1eadn v\u1edbi h\u1ec7 \u0111i\u1ec1u h\u00e0nh Windows r\u1ea5t thu\u1eadn ti\u1ec7n v\u00e0 d\u1ec5 s\u1eed d\u1ee5ng<\/li>\n<\/ul>\n<p><img loading=\"lazy\" decoding=\"async\" class=\"wp-image-307 aligncenter\" src=\"http:\/\/vitinhhaiduong.com\/wp-content\/uploads\/2022\/03\/1211-300x300.png\" alt=\"\" width=\"367\" height=\"367\" \/><\/p>\n<\/div>\n<\/div>\n<\/div>\n<\/div>\n<\/div>\n<\/div>\n<\/div>\n<\/div>\n","protected":false},"excerpt":{"rendered":"<p>\u2013\u00a0Webcam d\u00e0nh cho m\u00e1y t\u00ednh , h\u1ed7 tr\u1ee3 h\u1ecdc v\u00e0 l\u00e0m vi\u1ec7c t\u1eeb xa<br \/>\n\u2013 Micro h\u1ea5p th\u1ee5 \u00e2m thanh t\u00edch h\u1ee3p, gi\u1ecdng n\u00f3i c\u1ee7a b\u1ea1n c\u00f3 th\u1ec3 nghe r\u00f5 trong 10 m\u00e9t.<br \/>\n\u2013 Ch\u1ea5t l\u01b0\u1ee3ng tuy\u1ec7t v\u1eddi v\u00e0 ki\u1ec3u d\u00e1ng tinh t\u1ebf<br \/>\n\u2013 720p, \u0111\u1ed9 ph\u00e2n gi\u1ea3i cao v\u00e0 h\u00ecnh \u1ea3nh m\u00e0u s\u1eafc trung th\u1ef1c<br \/>\n\u2013 \u1ed0ng k\u00ednh quang h\u1ecdc chuy\u00ean d\u1ee5ng, \u0111\u1ed9 ch\u00ednh x\u00e1c cao<br \/>\n\u2013 \u0110\u01b0\u1ee3c thi\u1ebft k\u1ebf cho c\u1ea3 m\u00e1y t\u00ednh x\u00e1ch tay v\u00e0 m\u00e1y t\u00ednh \u0111\u1ec3 b\u00e0n<br \/>\n\u2013 T\u1ef1 \u0111\u1ed9ng c\u00e2n b\u1eb1ng tr\u1eafng, t\u1ef1 \u0111\u1ed9ng ch\u1ec9nh m\u00e0u<br \/>\n\u2013 H\u00ecnh \u1ea3nh \u0111\u1eb9p, s\u1eafc n\u00e9t , k\u00e8m mic ti\u1ec7n l\u1ee3i<br \/>\n\u2013 H\u00e0ng m\u1edbi 100%<br \/>\n\u2013 B\u1ea3o h\u00e0nh 6 Th\u00e1ng 1 \u0111\u1ed5i 1 v\u1edbi l\u1ed7i do nh\u00e0 s\u1ea3n xu\u1ea5t<br \/>\n\u2013 Giao h\u00e0ng t\u1eadn n\u01a1i shipcod to\u00e0n qu\u1ed1c<\/p>\n","protected":false},"featured_media":0,"template":"","meta":[],"product_brand":[],"product_cat":[41],"product_tag":[143,145,144,142],"class_list":{"0":"post-305","1":"product","2":"type-product","3":"status-publish","5":"product_cat-thiet-bi-tin-hoc-khac","6":"product_tag-cam-hoc-online","7":"product_tag-camera-may-tinh-de-ban","8":"product_tag-wed-cam-hd","9":"product_tag-wedcam","11":"first","12":"instock","13":"shipping-taxable","14":"purchasable","15":"product-type-simple"},"jetpack_sharing_enabled":true,"_links":{"self":[{"href":"http:\/\/vitinhhaiduong.com\/index.php?rest_route=\/wp\/v2\/product\/305","targetHints":{"allow":["GET"]}}],"collection":[{"href":"http:\/\/vitinhhaiduong.com\/index.php?rest_route=\/wp\/v2\/product"}],"about":[{"href":"http:\/\/vitinhhaiduong.com\/index.php?rest_route=\/wp\/v2\/types\/product"}],"wp:attachment":[{"href":"http:\/\/vitinhhaiduong.com\/index.php?rest_route=%2Fwp%2Fv2%2Fmedia&parent=305"}],"wp:term":[{"taxonomy":"product_brand","embeddable":true,"href":"http:\/\/vitinhhaiduong.com\/index.php?rest_route=%2Fwp%2Fv2%2Fproduct_brand&post=305"},{"taxonomy":"product_cat","embeddable":true,"href":"http:\/\/vitinhhaiduong.com\/index.php?rest_route=%2Fwp%2Fv2%2Fproduct_cat&post=305"},{"taxonomy":"product_tag","embeddable":true,"href":"http:\/\/vitinhhaiduong.com\/index.php?rest_route=%2Fwp%2Fv2%2Fproduct_tag&post=305"}],"curies":[{"name":"wp","href":"https:\/\/api.w.org\/{rel}","templated":true}]}}