{"id":354,"date":"2022-03-28T15:51:17","date_gmt":"2022-03-28T08:51:17","guid":{"rendered":"https:\/\/vitinhhaiduong.com\/?post_type=product&#038;p=354"},"modified":"2022-03-28T15:54:26","modified_gmt":"2022-03-28T08:54:26","slug":"laptop-cu-toshiba-r730-c","status":"publish","type":"product","link":"http:\/\/vitinhhaiduong.com\/?product=laptop-cu-toshiba-r730-c","title":{"rendered":"Laptop c\u0169 Toshiba R730\/c"},"content":{"rendered":"<div dir=\"auto\">Ph\u00edm c\u00f2n zin ti\u1ebfng Nh\u1eadt, mic loa ok, kh\u00f4ng webcam.<\/div>\n<div dir=\"auto\">N\u1ebfu kh\u00e1ch h\u00e0ng l\u00e0 h\u1ecdc sinh khi mua s\u1ebd \u0111\u01b0\u1ee3c t\u1eb7ng 1 webcam h\u1ed7 tr\u1ee3 h\u1ecdc online.<\/div>\n<div dir=\"auto\">&#8212;&#8212;&#8212;&#8212;-<span class=\"pq6dq46d tbxw36s4 knj5qynh kvgmc6g5 ditlmg2l oygrvhab nvdbi5me sf5mxxl7 gl3lb2sf hhz5lgdu\"><img loading=\"lazy\" decoding=\"async\" src=\"https:\/\/static.xx.fbcdn.net\/images\/emoji.php\/v9\/t6c\/1\/16\/2764.png\" alt=\"\u2764\" width=\"16\" height=\"16\" \/><\/span><span class=\"pq6dq46d tbxw36s4 knj5qynh kvgmc6g5 ditlmg2l oygrvhab nvdbi5me sf5mxxl7 gl3lb2sf hhz5lgdu\"><img loading=\"lazy\" decoding=\"async\" src=\"https:\/\/static.xx.fbcdn.net\/images\/emoji.php\/v9\/t6c\/1\/16\/2764.png\" alt=\"\u2764\" width=\"16\" height=\"16\" \/><\/span><span class=\"pq6dq46d tbxw36s4 knj5qynh kvgmc6g5 ditlmg2l oygrvhab nvdbi5me sf5mxxl7 gl3lb2sf hhz5lgdu\"><img loading=\"lazy\" decoding=\"async\" src=\"https:\/\/static.xx.fbcdn.net\/images\/emoji.php\/v9\/t6c\/1\/16\/2764.png\" alt=\"\u2764\" width=\"16\" height=\"16\" \/><\/span><span class=\"pq6dq46d tbxw36s4 knj5qynh kvgmc6g5 ditlmg2l oygrvhab nvdbi5me sf5mxxl7 gl3lb2sf hhz5lgdu\"><img loading=\"lazy\" decoding=\"async\" src=\"https:\/\/static.xx.fbcdn.net\/images\/emoji.php\/v9\/t6c\/1\/16\/2764.png\" alt=\"\u2764\" width=\"16\" height=\"16\" \/><\/span><span class=\"pq6dq46d tbxw36s4 knj5qynh kvgmc6g5 ditlmg2l oygrvhab nvdbi5me sf5mxxl7 gl3lb2sf hhz5lgdu\"><img loading=\"lazy\" decoding=\"async\" src=\"https:\/\/static.xx.fbcdn.net\/images\/emoji.php\/v9\/t6c\/1\/16\/2764.png\" alt=\"\u2764\" width=\"16\" height=\"16\" \/><\/span>&#8212;&#8212;&#8212;&#8212;-<\/div>\n<div dir=\"auto\"><span class=\"pq6dq46d tbxw36s4 knj5qynh kvgmc6g5 ditlmg2l oygrvhab nvdbi5me sf5mxxl7 gl3lb2sf hhz5lgdu\"><img loading=\"lazy\" decoding=\"async\" src=\"https:\/\/static.xx.fbcdn.net\/images\/emoji.php\/v9\/tba\/1\/16\/1f4e3.png\" alt=\"\ud83d\udce3\" width=\"16\" height=\"16\" \/><\/span> Kh\u00e1ch h\u00e0ng c\u00f3 nhu c\u1ea7u li\u00ean h\u1ec7:<\/div>\n<div dir=\"auto\">C\u1eeda h\u00e0ng Vi t\u00ednh &#8211; Camera H\u1ea3i D\u01b0\u01a1ng<\/div>\n<div dir=\"auto\"><span class=\"pq6dq46d tbxw36s4 knj5qynh kvgmc6g5 ditlmg2l oygrvhab nvdbi5me sf5mxxl7 gl3lb2sf hhz5lgdu\"><img loading=\"lazy\" decoding=\"async\" src=\"https:\/\/static.xx.fbcdn.net\/images\/emoji.php\/v9\/tf6\/1\/16\/1f3e0.png\" alt=\"\ud83c\udfe0\" width=\"16\" height=\"16\" \/><\/span> \u0110c: Ph\u00fa Long, H\u01b0ng Kh\u00e1nh Trung B, Ch\u1ee3 L\u00e1ch, B\u1ebfn Tre<\/div>\n<div dir=\"auto\"><span class=\"pq6dq46d tbxw36s4 knj5qynh kvgmc6g5 ditlmg2l oygrvhab nvdbi5me sf5mxxl7 gl3lb2sf hhz5lgdu\"><img loading=\"lazy\" decoding=\"async\" src=\"https:\/\/static.xx.fbcdn.net\/images\/emoji.php\/v9\/t22\/1\/16\/260e.png\" alt=\"\u260e\ufe0f\" width=\"16\" height=\"16\" \/><\/span> Tel\/zalo: 079.212.7419 &#8211; 0815.27.11.88<\/div>\n<div dir=\"auto\">(D\u01b0\u01a1ng)<\/div>\n","protected":false},"excerpt":{"rendered":"<p><strong>*** C\u1ea5u h\u00ecnh chi ti\u1ebft m\u00e1y nh\u01b0 sau:<\/strong><br \/>\n&#8211; CPU: Intel Core i3 &#8211; 2310<br \/>\n&#8211; Ram: 4GB<br \/>\n&#8211; SSD: 128GB<br \/>\n&#8211; VGA Intel HD Graphic 3000<br \/>\n&#8211; \u0110\u1ed9 l\u1edbn m\u00e0n h\u00ecnh: 13.3 inch LED m\u1ecfng<br \/>\n&#8211; C\u1ed5ng k\u1ebft n\u1ed1i g\u1ed3m c\u00f3: HDMI, Vga out, Lan, webcam , DVD , Wifi chu\u1ea9n N<br \/>\n&#8211; Pin c\u00f2n tr\u00ean 2 gi\u1edd<\/p>\n","protected":false},"featured_media":355,"template":"","meta":[],"product_brand":[],"product_cat":[43],"product_tag":[55,170,54,171,172],"class_list":{"0":"post-354","1":"product","2":"type-product","3":"status-publish","4":"has-post-thumbnail","6":"product_cat-laptop-may-tinh-xach-tay","7":"product_tag-laptop-ben-tre","8":"product_tag-laptop-cai-mon","9":"product_tag-laptop-cu-gia-re","10":"product_tag-laptop-gia-re-cai-mon-cho-lach","11":"product_tag-laptop-toshiba-cu","13":"first","14":"instock","15":"shipping-taxable","16":"product-type-simple"},"jetpack_sharing_enabled":true,"_links":{"self":[{"href":"http:\/\/vitinhhaiduong.com\/index.php?rest_route=\/wp\/v2\/product\/354","targetHints":{"allow":["GET"]}}],"collection":[{"href":"http:\/\/vitinhhaiduong.com\/index.php?rest_route=\/wp\/v2\/product"}],"about":[{"href":"http:\/\/vitinhhaiduong.com\/index.php?rest_route=\/wp\/v2\/types\/product"}],"wp:featuredmedia":[{"embeddable":true,"href":"http:\/\/vitinhhaiduong.com\/index.php?rest_route=\/wp\/v2\/media\/355"}],"wp:attachment":[{"href":"http:\/\/vitinhhaiduong.com\/index.php?rest_route=%2Fwp%2Fv2%2Fmedia&parent=354"}],"wp:term":[{"taxonomy":"product_brand","embeddable":true,"href":"http:\/\/vitinhhaiduong.com\/index.php?rest_route=%2Fwp%2Fv2%2Fproduct_brand&post=354"},{"taxonomy":"product_cat","embeddable":true,"href":"http:\/\/vitinhhaiduong.com\/index.php?rest_route=%2Fwp%2Fv2%2Fproduct_cat&post=354"},{"taxonomy":"product_tag","embeddable":true,"href":"http:\/\/vitinhhaiduong.com\/index.php?rest_route=%2Fwp%2Fv2%2Fproduct_tag&post=354"}],"curies":[{"name":"wp","href":"https:\/\/api.w.org\/{rel}","templated":true}]}}