{"id":36,"date":"2021-07-22T10:09:49","date_gmt":"2021-07-22T03:09:49","guid":{"rendered":"https:\/\/vitinhhaiduong.com\/?post_type=product&#038;p=36"},"modified":"2021-12-03T22:17:39","modified_gmt":"2021-12-03T15:17:39","slug":"tron-bo-main-b75-chip-i7-2600-ram-8gb-hdd-500gb-vga-gtx-750ti-nguon-400w-man-hinh-22inch-moi-full-box","status":"publish","type":"product","link":"http:\/\/vitinhhaiduong.com\/?product=tron-bo-main-b75-chip-i7-2600-ram-8gb-hdd-500gb-vga-gtx-750ti-nguon-400w-man-hinh-22inch-moi-full-box","title":{"rendered":"Tr\u1ecdn B\u1ed9 : Main B75, Ch\u00edp i7 2600, Ram 8Gb, HDD 500Gb, VGA GTX 750Ti, Ngu\u1ed3n 400w, M\u00e0n h\u00ecnh 22inch M\u1edbi Full Box.."},"content":{"rendered":"<div class=\"switch-content\">Chi Ti\u1ebft<\/div>\n<p>\u2014\u2014\u2014\u2014\u2014\u2014\u2014\u2014\u2014\u2014\u2014\u2014\u2014\u2014\u2014\u2014\u2014\u2014\u2014\u2014\u2014\u2014\u2014\u2014\u2013<\/p>\n<p><strong>Cam k\u1ebft v\u1ec1 s\u1ea3n ph\u1ea9m:<\/strong><\/p>\n<ul>\n<li>T\u1ea5t c\u1ea3 linh ki\u1ec7n ph\u00e2n ph\u1ed1i \u0111\u1ec1u l\u00e0 h\u00e0ng ch\u00ednh h\u00e3ng 100%<\/li>\n<li>Tuy\u1ec7t \u0111\u1ed1i kh\u00f4ng b\u00e1n h\u00e0ng \u0111\u00e3 qua s\u1eeda ch\u1eefa<\/li>\n<li>H\u00ecnh th\u1ee9c m\u00e1y \u0111\u1eb9p, m\u1edbi\u00a090%<\/li>\n<\/ul>\n<p><strong>Cam k\u1ebft b\u00e1n h\u00e0ng:<\/strong><\/p>\n<ul>\n<li>H\u00e0ng B\u00e1n ra c\u00f3 \u0111\u1ea7y \u0111\u1ee7 phi\u1ebfu b\u1ea3o h\u00e0nh v\u00e0 \u0111\u01b0\u1ee3c d\u00e1n tem b\u1ea3o h\u00e0nh \u0111\u1ea7y \u0111\u1ee7<\/li>\n<li>Mi\u1ec5n ph\u00ed giao h\u00e0ng v\u00e0 l\u1eafp \u0111\u1eb7t t\u1ea1i Ch\u1ee3 L\u00e1ch<\/li>\n<li>B\u1ea3o h\u00e0nh si\u00eau t\u1ed1c : \u0111\u1ed5i m\u00e1y m\u1edbi ngay n\u1ebfu s\u1ea3n ph\u1ea9m b\u1ecb l\u1ed7i trong th\u1eddi gian b\u1ea3o h\u00e0nh<\/li>\n<\/ul>\n","protected":false},"excerpt":{"rendered":"<p style=\"text-align: center;\">+ Chi Ti\u1ebft +<\/p>\n<p>&nbsp;<\/p>\n<p>&nbsp;<\/p>\n","protected":false},"featured_media":37,"template":"","meta":[],"product_brand":[],"product_cat":[42],"product_tag":[45,44],"class_list":{"0":"post-36","1":"product","2":"type-product","3":"status-publish","4":"has-post-thumbnail","6":"product_cat-may-vi-tinh-tron-bo-dung-san","7":"product_tag-may-tinh-bo","8":"product_tag-tron-bo-may-tinh","10":"first","11":"instock","12":"virtual","13":"product-type-simple"},"jetpack_sharing_enabled":true,"_links":{"self":[{"href":"http:\/\/vitinhhaiduong.com\/index.php?rest_route=\/wp\/v2\/product\/36","targetHints":{"allow":["GET"]}}],"collection":[{"href":"http:\/\/vitinhhaiduong.com\/index.php?rest_route=\/wp\/v2\/product"}],"about":[{"href":"http:\/\/vitinhhaiduong.com\/index.php?rest_route=\/wp\/v2\/types\/product"}],"wp:featuredmedia":[{"embeddable":true,"href":"http:\/\/vitinhhaiduong.com\/index.php?rest_route=\/wp\/v2\/media\/37"}],"wp:attachment":[{"href":"http:\/\/vitinhhaiduong.com\/index.php?rest_route=%2Fwp%2Fv2%2Fmedia&parent=36"}],"wp:term":[{"taxonomy":"product_brand","embeddable":true,"href":"http:\/\/vitinhhaiduong.com\/index.php?rest_route=%2Fwp%2Fv2%2Fproduct_brand&post=36"},{"taxonomy":"product_cat","embeddable":true,"href":"http:\/\/vitinhhaiduong.com\/index.php?rest_route=%2Fwp%2Fv2%2Fproduct_cat&post=36"},{"taxonomy":"product_tag","embeddable":true,"href":"http:\/\/vitinhhaiduong.com\/index.php?rest_route=%2Fwp%2Fv2%2Fproduct_tag&post=36"}],"curies":[{"name":"wp","href":"https:\/\/api.w.org\/{rel}","templated":true}]}}