{"id":362,"date":"2022-04-01T15:13:36","date_gmt":"2022-04-01T08:13:36","guid":{"rendered":"https:\/\/vitinhhaiduong.com\/?post_type=product&#038;p=362"},"modified":"2022-04-01T15:16:55","modified_gmt":"2022-04-01T08:16:55","slug":"bo-phat-wifi-tenda-n301-wireless-n300mbps","status":"publish","type":"product","link":"http:\/\/vitinhhaiduong.com\/?product=bo-phat-wifi-tenda-n301-wireless-n300mbps","title":{"rendered":"B\u1ed9 ph\u00e1t wifi Tenda N301 Wireless N300Mbps"},"content":{"rendered":"<h2 style=\"font-weight: 600\">\u0110\u00e1nh gi\u00e1 Router wifi Tenda N301 Wireless N300Mbps<\/h2>\n<table class=\"nolazy\" width=\"1920\" cellspacing=\"0\" cellpadding=\"0\">\n<tbody>\n<tr>\n<td>\n<h3 class=\"whatdoesh3\">Router WiFi cho gia \u0111\u00ecnh<\/h3>\n<\/td>\n<td><\/td>\n<td>\n<h3 class=\"whatdoesh3\">T\u00ednh n\u0103ng ch\u00ednh<\/h3>\n<\/td>\n<td><\/td>\n<\/tr>\n<\/tbody>\n<\/table>\n<table class=\"nolazy\" style=\"height: 185px\" width=\"1920\" cellspacing=\"0\" cellpadding=\"0\">\n<tbody>\n<tr style=\"height: 185px\">\n<td style=\"height: 185px;width: 0.46875px\"><\/td>\n<td class=\"whatdoes\" style=\"height: 185px;width: 1022.66px\">\n<ul>\n<li>Tenda N301 l\u00e0 Router WiFi thi\u1ebft k\u1ebf d\u00e0nh ri\u00eang cho gia \u0111\u00ecnh.<\/li>\n<li>V\u1edbi giao di\u1ec7n d\u1ec5 c\u00e0i \u0111\u1eb7t, b\u1ea1n c\u00f3 th\u1ec3 nhanh ch\u00f3ng thi\u1ebft l\u1eadp m\u1ea1ng WIFi c\u1ee7a ri\u00eang m\u00ecnh ch\u1ec9 v\u1edbi v\u00e0i b\u01b0\u1edbc \u0111\u01a1n gi\u1ea3n<\/li>\n<li>Cung c\u1ea5p WiFi chu\u1ea9n N t\u1ed1c \u0111\u1ed9 300Mbps, Tenda N301 \u0111\u1ea3m b\u1ea3o nhu c\u1ea7u l\u01b0\u1edbt web , xem phim&#8230;. m\u01b0\u1ee3t m\u00e0<\/li>\n<li>Tenda N301 h\u1ed7 tr\u1ee3 nhi\u1ec1u ch\u1ebf \u0111\u1ed9 ho\u1ea1t \u0111\u1ed9ng nh\u01b0 Router\/AP\/Repeater<\/li>\n<\/ul>\n<\/td>\n<td style=\"height: 185px;width: 0.46875px\"><\/td>\n<td class=\"whatMainFeatures\" style=\"height: 185px;width: 886.406px\"><span class=\"whatbold\">&gt;&gt;<\/span>C\u00e0i \u0111\u1eb7t m\u1ea1ng WiFi c\u1ee7a ri\u00eang b\u1ea1n ch\u1ec9 trong 1 ph\u00fat<br \/>\n<span class=\"whatbold\">&gt;&gt;<\/span>K\u1ebft n\u1ed1i nhanh v\u1edbi n\u00fat WPS<br \/>\n<span class=\"whatbold\">&gt;&gt;<\/span>Trang b\u1ecb 3 c\u1ed5ng LAN 100Mbps gi\u00fap d\u1ec5 d\u00e0ng k\u1ebft n\u1ed1i m\u00e1y t\u00ednh b\u00e0n hay m\u1edf r\u1ed9ng h\u1ec7 th\u1ed1ng m\u1ea1ng d\u00e2y<br \/>\n<span class=\"whatbold\">&gt;&gt;<\/span>Thi\u1ebft k\u1ebf nh\u1ecf g\u1ecdn, ph\u00f9 h\u1ee3p treo t\u01b0\u1eddng ho\u1eb7c \u0111\u1ec3 b\u00e0n<br \/>\n<span class=\"whatbold\">&gt;&gt;<\/span>Trang b\u1ecb 2 anten ngo\u00e0i 5dBi \u0111\u1ea3m b\u1ea3o kh\u1ea3 n\u0103ng ph\u00e1t s\u00f3ng WiFi m\u1ea1nh m\u1ebd<\/td>\n<\/tr>\n<\/tbody>\n<\/table>\n<table style=\"font-weight: 400;width: 100.484%;height: 1037px\">\n<tbody>\n<tr style=\"height: 22px\">\n<td style=\"height: 22px;width: 817px\"><\/td>\n<\/tr>\n<tr style=\"height: 182px\">\n<td style=\"height: 182px;width: 817px\"><b><strong>Gi\u1ea3i ph\u00e1p t\u1ea5t c\u1ea3 trong 1<\/strong><\/b><\/p>\n<p>Tenda N301 t\u1ed1c \u0111\u1ed9 300Mbps l\u00e0 m\u1ed9t thi\u1ebft b\u1ecb k\u1ebft n\u1ed1i m\u1ea1ng k\u1ebft h\u1ee3p t\u00ednh n\u0103ng kh\u00f4ng d\u00e2y\/c\u00f3 d\u00e2y \u0111\u01b0\u1ee3c thi\u1ebft k\u1ebf \u0111\u1eb7c bi\u1ec7t \u0111\u1ec3 ph\u1ee5c v\u1ee5 cho nhu c\u1ea7u s\u1eed d\u1ee5ng m\u1ea1ng trong nh\u00e0 v\u00e0 v\u0103n ph\u00f2ng nh\u1ecf. \u0110\u01b0\u1ee3c t\u00edch h\u1ee3p c\u00f4ng ngh\u1ec7 MIMO c\u00f3 th\u1ec3 t\u1ea1o ra m\u1ed9t hi\u1ec7u su\u1ea5t truy\u1ec1n t\u1ea3i kh\u00f4ng d\u00e2y ti\u00ean ti\u1ebfn v\u00e0 r\u1ea5t \u0111\u1eb7c bi\u1ec7t gi\u00fap cho ng\u01b0\u1eddi d\u00f9ng\u00a0xem c\u00e1c video HD tr\u1ef1c tuy\u1ebfn, th\u1ef1c hi\u1ec7n c\u00e1c cu\u1ed9c g\u1ecdi VoIP v\u00e0 ch\u01a1i game tr\u1ef1c tuy\u1ebfn.<\/p>\n<p><img loading=\"lazy\" decoding=\"async\" class=\"alignnone wp-image-363\" src=\"http:\/\/vitinhhaiduong.com\/wp-content\/uploads\/2022\/04\/32362_tenda-n301-wireless-n300-easy-setup-network-router-n301-aa5-300x202.jpg\" alt=\"\" width=\"542\" height=\"365\" \/><\/td>\n<\/tr>\n<tr style=\"height: 22px\">\n<td style=\"height: 22px;width: 817px\"><\/td>\n<\/tr>\n<tr style=\"height: 184px\">\n<td style=\"height: 184px;width: 817px\"><b><strong>Ph\u1ea1m vi v\u00e0 t\u1ed1c \u0111\u1ed9 \u0111\u01b0\u1ee3c m\u1edf r\u1ed9ng v\u1edbi giao ti\u1ebfp chu\u1ea9n N m\u1edbi nh\u1ea5t<\/strong><\/b><\/p>\n<p>Tu\u00e2n theo chu\u1ea9n \u00a0IEEE 802.11n, Tenda N301 c\u00f3 th\u1ec3 thi\u1ebft l\u1eadp m\u1ed9t h\u1ec7 th\u1ed1ng m\u1ea1ng kh\u00f4ng d\u00e2y v\u00e0 \u0111\u1ea1t \u0111\u01b0\u1ee3c t\u1ed1c \u0111\u1ed9 g\u1ea5p 18 l\u1ea7n v\u00e0 ph\u1ea1m vi g\u1ea5p 8 l\u1ea7n\u00a0 so v\u1edbi s\u1ea3n ph\u1ea9m d\u00f9ng chu\u1ea9n G tr\u01b0\u1edbc \u0111\u00e2y gi\u1ea3m thi\u1ec3u t\u00ecnh tr\u1ea1ng m\u1ea5t m\u00e1t d\u1eef li\u1ec7u trong m\u1ed9t kho\u1ea3ng c\u00e1ch t\u1ea7m xa v\u00e0 xuy\u00ean qua c\u00e1c ch\u01b0\u1edbng ng\u1ea1i v\u1eadt trong m\u1ed9t c\u0103n h\u1ed9 l\u1edbn ho\u1eb7c m\u1ed9t v\u0103n ph\u00f2ng nh\u1ecf, th\u1eadm ch\u00ed trong m\u1ed9t t\u00f2a nh\u00e0 c\u00f3 c\u1ea5u t\u1ea1o c\u1ed1t th\u00e9p b\u00ea t\u00f4ng v\u1eefng ch\u1eafc.<\/p>\n<p><img loading=\"lazy\" decoding=\"async\" class=\"alignnone wp-image-364\" src=\"http:\/\/vitinhhaiduong.com\/wp-content\/uploads\/2022\/04\/13925_20150205094227-300x71.png\" alt=\"\" width=\"680\" height=\"161\" \/><\/td>\n<\/tr>\n<\/tbody>\n<\/table>\n","protected":false},"excerpt":{"rendered":"<div class=\"product-summary-item-title\">Th\u00f4ng s\u1ed1 s\u1ea3n ph\u1ea9m<\/div>\n<ul id=\"js-tskt-item\" class=\"product-summary-item-ul d-flex flex-wrap mb-0\">\n<li>Thi\u1ebft b\u1ecb ph\u00e1t Wifi kh\u00f4ng d\u00e2y cung c\u1ea5p 1 \u0111i\u1ec3m truy c\u1eadp internet kh\u00f4ng d\u00e2y t\u1ed1c \u0111\u1ed9 cao chu\u1ea9n N300Mbps v\u1edbi ph\u1ea1m vi ph\u1ee7 s\u00f3ng wifi c\u1ef1c k\u00ec r\u1ed9ng r\u00e3i v\u00e0 \u1ed5n \u0111\u1ecbnh.<\/li>\n<li>V\u00f9ng ph\u1ee7 s\u00f3ng c\u1ef1c r\u1ed9ng.<\/li>\n<li>Ch\u1ebf \u0111\u1ed9 b\u1ea3o m\u1eadt an to\u00e0n v\u00e0 \u1ed5n \u0111\u1ecbnh.<\/li>\n<li>Thi\u1ebft k\u1ebf nh\u1ecf g\u1ecdn ti\u1ec7n d\u1ee5ng.<\/li>\n<li>T\u00ednh t\u01b0\u01a1ng th\u00edch cao.<\/li>\n<li>Chu\u1ea9n k\u1ebft n\u1ed1i Wifi: IEEE 802.11n, IEEE 802.11g, IEEE 802.11b; IEEE 802.3, IEEE 802.3u.<\/li>\n<li>B\u0103ng t\u1ea7n: 2.4GHz.<\/li>\n<li>\u0102ng-ten: 2 x 5dBi; WDS\/AP.<\/li>\n<li>H\u1ed7 tr\u1ee3 3 port 10\/100 LAN, 1 port 10\/100 WAN.<\/li>\n<li>B\u1ea3o h\u00e0nh 12 th\u00e1ng<\/li>\n<li>Giao h\u00e0ng t\u1eadn n\u01a1i shipcod to\u00e0n qu\u1ed1c<\/li>\n<\/ul>\n","protected":false},"featured_media":0,"template":"","meta":[],"product_brand":[],"product_cat":[41],"product_tag":[177,179,178],"class_list":{"0":"post-362","1":"product","2":"type-product","3":"status-publish","5":"product_cat-thiet-bi-tin-hoc-khac","6":"product_tag-bo-phat-wifi","7":"product_tag-bo-wifi-phu-300mbps","8":"product_tag-wifi-phu-gia-dinh","10":"first","11":"instock","12":"shipping-taxable","13":"purchasable","14":"product-type-simple"},"jetpack_sharing_enabled":true,"_links":{"self":[{"href":"http:\/\/vitinhhaiduong.com\/index.php?rest_route=\/wp\/v2\/product\/362","targetHints":{"allow":["GET"]}}],"collection":[{"href":"http:\/\/vitinhhaiduong.com\/index.php?rest_route=\/wp\/v2\/product"}],"about":[{"href":"http:\/\/vitinhhaiduong.com\/index.php?rest_route=\/wp\/v2\/types\/product"}],"wp:attachment":[{"href":"http:\/\/vitinhhaiduong.com\/index.php?rest_route=%2Fwp%2Fv2%2Fmedia&parent=362"}],"wp:term":[{"taxonomy":"product_brand","embeddable":true,"href":"http:\/\/vitinhhaiduong.com\/index.php?rest_route=%2Fwp%2Fv2%2Fproduct_brand&post=362"},{"taxonomy":"product_cat","embeddable":true,"href":"http:\/\/vitinhhaiduong.com\/index.php?rest_route=%2Fwp%2Fv2%2Fproduct_cat&post=362"},{"taxonomy":"product_tag","embeddable":true,"href":"http:\/\/vitinhhaiduong.com\/index.php?rest_route=%2Fwp%2Fv2%2Fproduct_tag&post=362"}],"curies":[{"name":"wp","href":"https:\/\/api.w.org\/{rel}","templated":true}]}}