{"id":381,"date":"2022-04-04T10:18:28","date_gmt":"2022-04-04T03:18:28","guid":{"rendered":"https:\/\/vitinhhaiduong.com\/?post_type=product&#038;p=381"},"modified":"2022-04-04T10:18:28","modified_gmt":"2022-04-04T03:18:28","slug":"laptop-cu-dell-latitude-7490-intel-core-i7","status":"publish","type":"product","link":"http:\/\/vitinhhaiduong.com\/?product=laptop-cu-dell-latitude-7490-intel-core-i7","title":{"rendered":"Laptop C\u0169 Dell Latitude 7490 &#8211; Intel Core i7"},"content":{"rendered":"<p><span style=\"font-size: 20px\"><strong>Dell Latitude 7490 &#8211; Ho\u00e0n thi\u1ec7n m\u1ecdi m\u1eb7t \u0111\u00e1p \u1ee9ng t\u1ed1t c\u00e1c nhu c\u1ea7u c\u1ee7a doanh nh\u00e2n\u00a0<\/strong><\/span><\/p>\n<p><strong>Dell Latitude 7490<\/strong>\u00a0l\u00e0 chi\u1ebfc Laptop si\u00eau m\u1ecfng, si\u00eau nh\u1eb9 l\u1ea1i c\u00f3 c\u1ea5u h\u00ecnh \u1ea5n t\u01b0\u1ee3ng. \u0110\u00e2y l\u00e0 m\u1ed9t chi\u1ebfc Laptop \u0111\u1ee7 cho c\u00e1c nh\u00e2n vi\u00ean v\u0103n ph\u00f2ng, \u0111\u00e1p \u1ee9ng \u0111\u1ee7 t\u1ea5t c\u1ea3 y\u00eau c\u1ea7u c\u1ee7a h\u1ecd, nh\u1eefng th\u1ee9 nh\u00e2n vi\u00ean v\u0103n ph\u00f2ng c\u1ea7n s\u1ebd c\u00f3 v\u00e0 c\u00f2n h\u01a1n th\u1ebf n\u1eefa.<\/p>\n<p><strong>Thi\u1ebft k\u1ebf chuy\u00ean nghi\u1ec7p\u00a0<\/strong><\/p>\n<p>Dell Latitude 7490 \u0111\u01b0\u1ee3c thi\u1ebft k\u1ebf vu\u00f4ng v\u1ee9c v\u1edbi 4 g\u00f3c bo tr\u00f2n. B\u00ean ngo\u00e0i v\u1ecf m\u00e1y \u0111\u01b0\u1ee3c ph\u1ee7 l\u1edbp magie si\u00eau b\u1ec1n, b\u1ec1 m\u1eb7t b\u00e0n ph\u00edm l\u1ea1i \u0111\u01b0\u1ee3c ph\u1ee7 l\u1edbp s\u01a1n c\u1ea3m \u1ee9ng m\u1ec1m m\u1ea1i, n\u1eafp m\u00e1y \u0111\u01b0\u1ee3c l\u00e0m b\u1eb1ng s\u1ee3i carbon d\u1ec7t. T\u1ea5t c\u1ea3 mang \u0111\u1ebfn m\u1ed9t k\u1ebft c\u1ea5u ho\u00e0n h\u1ea3o, r\u1ea5t ch\u1eafc ch\u1eafn, b\u1ec1n b\u1ec9 l\u1ea1i sang tr\u1ecdng.<\/p>\n<p><img loading=\"lazy\" decoding=\"async\" src=\"https:\/\/laptop88.vn\/media\/product\/4830_dell_e7490___2.png\" alt=\"\" width=\"504\" height=\"504\" \/><\/p>\n<p>Dell Latitude 7490 c\u00f3 thi\u1ebft k\u1ebf si\u00eau m\u1ecfng, si\u00eau nh\u1eb9, ch\u1ec9 n\u1eb7ng 1,4kg, d\u00e0y 17,9mm. Ng\u01b0\u1eddi d\u00f9ng d\u1ec5 d\u00e0ng mang \u0111i l\u00e0m, \u0111i g\u1eb7p kh\u00e1ch h\u00e0ng d\u1ec5 d\u00e0ng.<\/p>\n<p>B\u1ea3n l\u1ec1 tr\u00ean\u00a0 Dell Latitude 7490 l\u00e0 d\u1ea1ng b\u1ea3n l\u1ec1 \u0111\u01a1n l\u1ea1i \u0111\u01b0\u1ee3c gia c\u1ed1 b\u1ecdc th\u00e9p n\u00ean r\u1ea5t ch\u1eafc ch\u1eafn v\u00e0 b\u1ec1n b\u1ec9, c\u00f3 kh\u1ea3 n\u0103ng m\u1edf g\u1eadp l\u00ean \u0111\u1ebfn 180 \u0111\u1ed9, thu\u1eadn ti\u1ec7n cho ng\u01b0\u1eddi d\u00f9ng.<\/p>\n<p><img loading=\"lazy\" decoding=\"async\" src=\"https:\/\/laptop88.vn\/media\/lib\/4830_dell-latitude-e7470-2.PNG\" alt=\"\" width=\"500\" height=\"331\" \/><\/p>\n<p><strong>C\u1ea5u h\u00ecnh v\u00e0 hi\u1ec7u n\u0103ng\u00a0<\/strong><\/p>\n<p>Dell Latitude 7490 c\u00f3 c\u1ea5u h\u00ecnh \u1ea5n t\u01b0\u1ee3ng. Chip Intel Core i7 \u0111\u1eddi 8, RAM\u00a08GB DDR4, \u1ed5 c\u1ee9ng SSD 256GB, card \u0111\u1ed3 h\u1ecda Intel HD 620 h\u1ed7 tr\u1ee3 ng\u01b0\u1eddi d\u00f9ng th\u1ef1c hi\u1ec7n nh\u1eefng t\u00e1c v\u1ee5 v\u0103n ph\u00f2ng nh\u01b0 Word, Excel, Powerpoint.<\/p>\n<p>\u0110\u1eb7c bi\u1ec7t, Dell Latitude 7490 c\u00f3 th\u1ebb n\u00e2ng c\u1ea5p d\u1ec5 d\u00e0ng, nh\u1ea5t l\u00e0 RAM ho\u1eb7c SSD. \u0110i\u1ec1u n\u00e0y s\u1ebd gi\u00fap ng\u01b0\u1eddi d\u00f9ng s\u1eed d\u1ee5ng m\u00e1y l\u00e2u d\u00e0i h\u01a1nv\u00e0 ti\u1ebft ki\u1ec7m t\u01b0\u01a1ng \u0111\u1ed1i cho t\u00fai ti\u1ec1n c\u1ee7a b\u1ea1n.<\/p>\n<p><strong>M\u00e0n h\u00ecnh\u00a0<\/strong><\/p>\n<p>Dell Latitude 7490 \u0111\u01b0\u1ee3c trang b\u1ecb m\u00e0n h\u00ecnh 14 inch Full HD, t\u1ea5m n\u1ec1n IPS cho h\u00ecnh \u1ea3nh si\u00eau s\u1eafc n\u00e9t. Vi\u1ec1n m\u00e0n h\u00ecnh kh\u00f4ng qu\u00e1 d\u00e0y c\u0169ng kh\u00f4ng qu\u00e1 m\u1ecfng v\u00e0 c\u00f3 m\u1ed9t camera \u1edf ph\u00eda tr\u00ean.<\/p>\n<p><img loading=\"lazy\" decoding=\"async\" src=\"https:\/\/laptop88.vn\/media\/lib\/4830_dell-latitude-e7470-4.PNG\" alt=\"\" width=\"500\" height=\"293\" \/><\/p>\n<p><strong>B\u00e0n ph\u00edm g\u00f5 s\u01b0\u1edbng, trackpad c\u1ea3m \u1ee9ng \u0111a \u0111i\u1ec3m\u00a0<\/strong><\/p>\n<p>B\u00e0n ph\u00edm Dell Latitude 7490 c\u00f3 tr\u1ea3i nghi\u1ec7m g\u00f5 c\u1ef1c \u0111\u00e3. Tuy c\u00f3 k\u00edch th\u01b0\u1edbc nh\u1ecf nh\u01b0ng trackpad c\u1ee7a Dell Latitude 7490 c\u1ea3m \u1ee9ng \u0111a nhi\u1ec7m v\u00e0 di chuy\u1ec3n r\u1ea5t d\u1ec5 d\u00e0ng.<\/p>\n<p><strong>C\u1ed5ng k\u1ebft n\u1ed1i \u0111a d\u1ea1ng\u00a0<\/strong><\/p>\n<p>Dell Latitude 7490 \u0111\u01b0\u1ee3c trang b\u1ecb kh\u00e1 nhi\u1ec1u c\u1ed5ng k\u1ebft n\u1ed1i: B\u00ean c\u1ea1nh tr\u00e1i s\u1ebd c\u00f3 1 c\u1ed5ng ngu\u1ed3n, USB type C, 1 c\u1ed5ng HDMI, 2 c\u1ed5ng USB type, b\u00ean c\u1ea1nh ph\u1ea3i s\u1ebd l\u00e0 1 khe kh\u00f3a m\u00e1y, 1 c\u1ed5ng m\u1ea1ng RJ45, 1 c\u1ed5ng USB Type A, 1 jack c\u1eafm 3.5 v\u00e0 1 khe SIM 4G.<\/p>\n<p><img loading=\"lazy\" decoding=\"async\" src=\"https:\/\/laptop88.vn\/media\/lib\/4830_dell-latitude-e7470-6.PNG\" alt=\"\" width=\"505\" height=\"294\" \/><\/p>\n<p>Dell Latitude 7490 \u0111\u01b0\u1ee3c trang b\u1ecb c\u1ed5ng k\u1ebft n\u1ed1i \u0111a d\u1ea1ng, \u0111\u00e1p \u1ee9ng y\u00eau l\u00e0m vi\u1ec7c, gi\u1ea3i tr\u00ed cho nh\u00e2n vi\u00ean v\u0103n ph\u00f2ng. \u0110\u1eb7c bi\u1ec7t, khe SIM gi\u00fap ng\u01b0\u1eddi d\u00f9ng c\u00f3 th\u1ec3 l\u1eafp th\u00eam SIM 4G \u0111\u1ec3 k\u1ebft n\u1ed1i m\u1ea1ng m\u1ecdi l\u00fac, m\u1ecdi n\u01a1i.<\/p>\n<p><strong>Nhi\u1ec7t \u0111\u1ed9, \u0111\u1ed9 \u1ed3n \u1edf m\u1ee9c ti\u00eau chu\u1ea9n\u00a0<\/strong><\/p>\n<p>Dell Latitude 7490 c\u00f3 nhi\u1ec7t \u0111\u1ed9 v\u00e0 \u0111\u1ed9 \u1ed3n \u1edf m\u1ee9c ti\u00eau chu\u1ea9n. Khi ho\u1ea1t \u0111\u1ed9ng \u1edf c\u00f4ng su\u1ea5t cao th\u00ec nhi\u1ec7t \u0111\u1ed9 v\u00e0 ti\u1ebfng \u1ed3n kh\u00f4ng qu\u00e1 n\u00f3ng v\u00e0 kh\u00f4ng qu\u00e1 cao. \u0110i\u1ec1u n\u00e0y ho\u00e0n to\u00e0n ph\u00f9 h\u1ee3p v\u1edbi m\u00f4i tr\u01b0\u1eddng l\u00e0m vi\u1ec7c v\u0103n ph\u00f2ng. Ch\u00ednh v\u00ec th\u1ebf, Dell Latitude 7490 h\u1ee9a h\u1eb9n s\u1ebd c\u00f3 \u0111\u1ed9 b\u1ec1n si\u00eau \u1ea5n t\u01b0\u1ee3ng.<\/p>\n<p><img loading=\"lazy\" decoding=\"async\" src=\"https:\/\/laptop88.vn\/media\/lib\/4830_dell-latitude-e7470-3.PNG\" alt=\"\" width=\"504\" height=\"370\" \/><\/p>\n<p><strong>T\u1ed5ng k\u1ebft\u00a0<\/strong><\/p>\n<p>Dell Latitude 7490 l\u00e0 l\u1ef1a ch\u1ecdn ho\u00e0n h\u1ea3o cho nh\u00e2n vi\u00ean v\u0103n ph\u00f2ng kh\u00f4ng y\u00eau c\u1ea7u qu\u00e1 cao v\u1ec1 ngo\u1ea1i h\u00ecnh nh\u01b0ng c\u1ea7n m\u1ed9t chi\u1ebfc Laptop hi\u1ec7u su\u1ea5t cao, b\u1ec1n b\u1ec9<\/p>\n","protected":false},"excerpt":{"rendered":"<p>Laptop v\u0103n ph\u00f2ng cao c\u1ea5p, c\u1ea5u h\u00ecnh cao. Thi\u1ebft k\u1ebf m\u1ecfng nh\u1eb9 sang tr\u1ecdng, ph\u00f9 h\u1ee3p v\u1edbi doanh nh\u00e2n, coder, ng\u01b0\u1eddi l\u00e0m v\u0103n ph\u00f2ng<br \/>\nCPU: Intel Core i7-8650u<br \/>\nRAM: 8GB DDR4<br \/>\n\u1ed4 c\u1ee9ng: SSD 240GB<br \/>\nCard \u0111\u1ed3 h\u1ecda: Intel HD Graphics 620<br \/>\nM\u00e0n h\u00ecnh: 14 Inch Full HD<br \/>\nB\u1ea3o h\u00e0nh 3 th\u00e1ng<br \/>\nGiao h\u00e0ng t\u1eadn n\u01a1i to\u00e0n qu\u1ed1c<\/p>\n","protected":false},"featured_media":0,"template":"","meta":[],"product_brand":[],"product_cat":[43],"product_tag":[187,185,188,186,182],"class_list":{"0":"post-381","1":"product","2":"type-product","3":"status-publish","5":"product_cat-laptop-may-tinh-xach-tay","6":"product_tag-dell-e7490-core-i7","7":"product_tag-laptop-cau-hinh-cao","8":"product_tag-laptop-cu-dell","9":"product_tag-laptop-tam-trung","10":"product_tag-laptop-van-phong","12":"first","13":"instock","14":"shipping-taxable","15":"purchasable","16":"product-type-simple"},"jetpack_sharing_enabled":true,"_links":{"self":[{"href":"http:\/\/vitinhhaiduong.com\/index.php?rest_route=\/wp\/v2\/product\/381","targetHints":{"allow":["GET"]}}],"collection":[{"href":"http:\/\/vitinhhaiduong.com\/index.php?rest_route=\/wp\/v2\/product"}],"about":[{"href":"http:\/\/vitinhhaiduong.com\/index.php?rest_route=\/wp\/v2\/types\/product"}],"wp:attachment":[{"href":"http:\/\/vitinhhaiduong.com\/index.php?rest_route=%2Fwp%2Fv2%2Fmedia&parent=381"}],"wp:term":[{"taxonomy":"product_brand","embeddable":true,"href":"http:\/\/vitinhhaiduong.com\/index.php?rest_route=%2Fwp%2Fv2%2Fproduct_brand&post=381"},{"taxonomy":"product_cat","embeddable":true,"href":"http:\/\/vitinhhaiduong.com\/index.php?rest_route=%2Fwp%2Fv2%2Fproduct_cat&post=381"},{"taxonomy":"product_tag","embeddable":true,"href":"http:\/\/vitinhhaiduong.com\/index.php?rest_route=%2Fwp%2Fv2%2Fproduct_tag&post=381"}],"curies":[{"name":"wp","href":"https:\/\/api.w.org\/{rel}","templated":true}]}}