{"id":418,"date":"2022-04-04T17:22:04","date_gmt":"2022-04-04T10:22:04","guid":{"rendered":"https:\/\/vitinhhaiduong.com\/?post_type=product&#038;p=418"},"modified":"2022-04-04T17:22:04","modified_gmt":"2022-04-04T10:22:04","slug":"main-dell-n4010-vga-on-cu-thao-may","status":"publish","type":"product","link":"http:\/\/vitinhhaiduong.com\/?product=main-dell-n4010-vga-on-cu-thao-may","title":{"rendered":"MAIN DELL N4010 &#8211; VGA On C\u0169 Th\u00e1o M\u00e1y"},"content":{"rendered":"<h3 class=\"_2cuy _50a1 _2vxa\">Bo m\u1ea1ch ch\u1ee7 laptop l\u00e0 g\u00ec ? Ch\u1ee9c n\u0103ng v\u00e0 nhi\u1ec7m v\u1ee5 c\u1ee7a bo m\u1ea1ch ch\u1ee7 laptop :<\/h3>\n<div class=\"_2cuy _3dgx _2vxa\">&#8211; N\u00f3i m\u1ed9t c\u00e1ch \u0111\u01a1n gi\u1ea3n, m\u1ed9t bo m\u1ea1ch ch\u1ee7 m\u00e1y vi t\u00ednh k\u1ebft n\u1ed1i t\u1ea5t c\u1ea3 c\u00e1c b\u1ed9 ph\u1eadn kh\u00e1c c\u1ee7a n\u00f3 v\u1edbi nhau. M\u1ecdi th\u1ee9 l\u00e0m cho m\u00e1y t\u00ednh ho\u1ea1t \u0111\u1ed9ng, t\u1eeb CPU \u0111\u1ebfn RAM cho \u0111\u1ebfn \u0111\u0129a c\u1ee9ng c\u1ee7a n\u00f3, c\u1eafm v\u00e0o bo m\u1ea1ch ch\u1ee7. M\u1ed9t bo m\u1ea1ch ch\u1ee7 bi\u1ebfn m\u1ed9t \u0111\u1ed1ng linh ki\u1ec7n th\u00e0nh m\u00e1y t\u00ednh.<\/div>\n<h3 class=\"_2cuy _50a1 _2vxa\">S\u01a1 \u0111\u1ed3 bo m\u1ea1ch ch\u1ee7<\/h3>\n<div class=\"_2cuy _3dgx _2vxa\">1. \u1ed4 c\u1eafm CPU (b\u1ed9 x\u1eed l\u00fd)<\/div>\n<div class=\"_2cuy _3dgx _2vxa\">\n\u0110\u00e2y l\u00e0 n\u01a1i CPU ho\u1eb7c b\u1ed9 x\u1eed l\u00fd c\u1eafm v\u00e0o. C\u00e1c m\u00e1y t\u00ednh hi\u1ec7n \u0111\u1ea1i \u0111\u1ec1u c\u00f3 c\u00e1c thi\u1ebft b\u1ecb l\u00e0m m\u00e1t l\u1edbn tr\u00ean \u0111\u1ea7u CPU,\u00a0<span class=\"text_exposed_show\">th\u01b0\u1eddng bao g\u1ed3m m\u1ed9t kh\u1ed1i kim lo\u1ea1i c\u00f3 v\u00e2y v\u00e0 qu\u1ea1t. \u1ed4 c\u1eafm \u0111\u01b0\u1ee3c thi\u1ebft k\u1ebf c\u1ea9n th\u1eadn \u0111\u1ec3 b\u1ed9 x\u1eed l\u00fd s\u1ebd ch\u1ec9 ph\u00f9 h\u1ee3p v\u1edbi \u0111\u00fang c\u00e1ch xung quanh.<\/span><\/div>\n<div class=\"_2cuy _3dgx _2vxa\"><span class=\"text_exposed_show\"><br \/>\n2. Khe c\u1eafm RAM (b\u1ed9 nh\u1edb)<\/span><\/div>\n<div class=\"_2cuy _3dgx _2vxa\"><span class=\"text_exposed_show\"><br \/>\nH\u1ea7u h\u1ebft c\u00e1c m\u00e1y t\u00ednh \u0111\u1ec3 b\u00e0n c\u00f3 hai ho\u1eb7c b\u1ed1n khe c\u1eafm cho RAM. Nhi\u1ec1u khe h\u01a1n c\u00f3 ngh\u0129a l\u00e0 b\u1ea1n c\u00f3 th\u1ec3 l\u1eafp \u0111\u01b0\u1ee3c nhi\u1ec1u RAM h\u01a1n, t\u1ed1i \u0111a \u0111\u01b0\u1ee3c ch\u1ec9 \u0111\u1ecbnh trong h\u01b0\u1edbng d\u1eabn s\u1eed d\u1ee5ng bo m\u1ea1ch ch\u1ee7. Trong m\u00e1y t\u00ednh x\u00e1ch tay, khe c\u1eafm RAM th\u01b0\u1eddng l\u00e0 b\u1ed9 ph\u1eadn duy nh\u1ea5t c\u1ee7a bo m\u1ea1ch ch\u1ee7 m\u00e0 ng\u01b0\u1eddi d\u00f9ng c\u00f3 th\u1ec3 thay th\u1ebf.<br \/>\nC\u00e1c m\u00f4-\u0111un RAM d\u00e0i v\u00e0 m\u1ecfng. C\u00e1c khe c\u1eafm c\u00f3 m\u1ed9t ph\u1ea7n s\u01b0\u1eddn d\u1ecdc theo \u0111\u01b0\u1eddng t\u01b0\u01a1ng \u1ee9ng v\u1edbi m\u1ed9t notch tr\u00ean m\u00f4-\u0111un RAM, v\u00ec v\u1eady m\u00f4-\u0111un s\u1ebd ch\u1ec9 ph\u00f9 h\u1ee3p v\u1edbi c\u00e1ch \u0111i \u0111\u00fang. D\u00e3y n\u00e0y c\u0169ng \u0111\u1ea3m b\u1ea3o r\u1eb1ng b\u1ea1n c\u00f3 th\u1ec3 ph\u00f9 h\u1ee3p v\u1edbi RAM kh\u00f4ng t\u01b0\u01a1ng th\u00edch trong m\u1ed9t bo m\u1ea1ch, ch\u1eb3ng h\u1ea1n nh\u01b0 m\u00f4-\u0111un DDR2 c\u0169 trong bo m\u1ea1ch ch\u1ee7 DDR4 hi\u1ec7n \u0111\u1ea1i.<\/span><\/div>\n<div class=\"_2cuy _3dgx _2vxa\"><span class=\"text_exposed_show\"><br \/>\n3. Khe m\u1edf r\u1ed9ng<\/span><\/div>\n<div class=\"_2cuy _3dgx _2vxa\"><span class=\"text_exposed_show\"><br \/>\nT\u1ea5t c\u1ea3 c\u00e1c bo m\u1ea1ch ch\u1ee7 \u0111\u1ec1u c\u00f3 \u00e2m thanh t\u00edch h\u1ee3p v\u00e0 nhi\u1ec1u CPU c\u00f3 c\u00e1c th\u00e0nh ph\u1ea7n \u0111\u1ed3 h\u1ecda t\u00edch h\u1ee3p. Tuy nhi\u00ean, c\u00e1c PC \u0111\u01b0\u1ee3c x\u00e2y d\u1ef1ng \u0111\u1ec3 ch\u01a1i game th\u01b0\u1eddng c\u00f3 card \u0111\u1ed3 h\u1ecda chuy\u00ean d\u1ee5ng m\u1ea1nh m\u1ebd \u0111\u01b0\u1ee3c trang b\u1ecb khe c\u1eafm PCI Express x16 v\u00e0 m\u1ed9t s\u1ed1 audiophile th\u00edch l\u1eafp card \u00e2m thanh chuy\u00ean d\u1ee5ng \u0111\u1ec3 c\u1ea3i thi\u1ec7n ch\u1ea5t l\u01b0\u1ee3ng \u00e2m thanh<\/span><\/div>\n<div class=\"_2cuy _3dgx _2vxa\"><span class=\"text_exposed_show\"><br \/>\n4. K\u1ebft n\u1ed1i l\u01b0u tr\u1eef<\/span><\/div>\n<div class=\"_2cuy _3dgx _2vxa\"><span class=\"text_exposed_show\"><br \/>\nC\u00e1c \u0111\u1ea7u n\u1ed1i n\u00e0y d\u00e0nh cho \u0111\u0129a c\u1ee9ng c\u01a1 h\u1ecdc, thi\u1ebft b\u1ecb l\u01b0u tr\u1eef tr\u1ea1ng th\u00e1i r\u1eafn (SSD) v\u00e0 thi\u1ebft b\u1ecb l\u01b0u tr\u1eef quang nh\u01b0 \u0111\u1ea7u ghi DVD.<br \/>\nC\u00f3 hai lo\u1ea1i \u0111\u1ea7u n\u1ed1i: SATA2 v\u00e0 SATA3 nhanh h\u01a1n. SATA2 \u0111\u1ee7 nhanh cho c\u00e1c \u1ed5 \u0111\u0129a c\u1ee9ng v\u00e0 \u1ed5 \u0111\u0129a quang truy\u1ec1n th\u1ed1ng, trong khi SSD c\u1ea7n SATA3 \u0111\u1ec3 ch\u1ea1y \u1edf t\u1ed1c \u0111\u1ed9 t\u1ed1i \u0111a. C\u00e1c thi\u1ebft b\u1ecb SATA2 s\u1ebd ho\u1ea1t \u0111\u1ed9ng t\u1ed1t v\u1edbi c\u00e1c \u0111\u1ea7u n\u1ed1i SATA3, nh\u01b0ng c\u00e1c thi\u1ebft b\u1ecb SATA3 c\u1eafm v\u00e0o \u0111\u1ea7u n\u1ed1i SATA2 c\u00f3 th\u1ec3 ch\u1ea1y \u1edf t\u1ed1c \u0111\u1ed9 gi\u1ea3m.<\/span><\/div>\n<div class=\"_2cuy _3dgx _2vxa\"><span class=\"text_exposed_show\"><br \/>\n5. K\u1ebft n\u1ed1i \u0111\u1ed3 h\u1ecda (m\u00e0n h\u00ecnh)<\/span><\/div>\n<div class=\"_2cuy _3dgx _2vxa\"><span class=\"text_exposed_show\"><br \/>\nN\u1ebfu CPU c\u1ee7a b\u1ea1n c\u00f3 \u0111\u1ed3 h\u1ecda t\u00edch h\u1ee3p, b\u1ea1n s\u1ebd s\u1eed d\u1ee5ng c\u00e1c \u0111\u1ea7u n\u1ed1i n\u00e0y \u0111\u1ec3 c\u1eafm v\u00e0o m\u00e0n h\u00ecnh. N\u1ebfu b\u1ea1n c\u00f3 m\u1ed9t card \u0111\u1ed3 h\u1ecda chuy\u00ean d\u1ee5ng (xem Khe c\u1eafm m\u1edf r\u1ed9ng \u1edf tr\u00ean), b\u1ea1n s\u1ebd s\u1eed d\u1ee5ng c\u00e1c \u0111\u1ea7u n\u1ed1i \u1edf m\u1eb7t sau c\u1ee7a n\u00f3.<br \/>\nC\u00e1c bo m\u1ea1ch ch\u1ee7 kh\u00e1c nhau c\u00f3 c\u00e1c \u0111\u1ea7u n\u1ed1i kh\u00e1c nhau, ch\u1eb3ng h\u1ea1n nh\u01b0 DisplayPort, HDMI, DVI v\u00e0 \u0111\u00f4i khi l\u00e0 VGA c\u0169. B\u1ea1n s\u1ebd c\u1ea7n m\u1ed9t c\u1ed5ng ph\u00f9 h\u1ee3p v\u1edbi c\u1ed5ng tr\u00ean m\u00e0n h\u00ecnh c\u1ee7a m\u00ecnh, nh\u01b0ng h\u00e3y nh\u1edb r\u1eb1ng c\u1ed5ng DVI c\u00f3 th\u1ec3 \u0111\u01b0\u1ee3c s\u1eed d\u1ee5ng v\u1edbi m\u00e0n h\u00ecnh HDMI v\u00e0 ng\u01b0\u1ee3c l\u1ea1i b\u1eb1ng c\u00e1ch s\u1eed d\u1ee5ng c\u00e1c b\u1ed9 \u0111i\u1ec1u h\u1ee3p gi\u00e1 r\u1ebb .<\/span><\/div>\n<div class=\"_2cuy _3dgx _2vxa\"><span class=\"text_exposed_show\"><br \/>\n6. C\u1ed5ng USB<\/span><\/div>\n<div class=\"_2cuy _3dgx _2vxa\"><span class=\"text_exposed_show\"><br \/>\nH\u1ea7u nh\u01b0 m\u1ecdi th\u1ee9 b\u1ea1n c\u1eafm v\u00e0o m\u00e1y t\u00ednh \u1edf b\u00ean ngo\u00e0i, t\u1eeb b\u00e0n ph\u00edm \u0111\u1ebfn chu\u1ed9t \u0111\u1ebfn m\u00e1y in, c\u1eafm v\u00e0o c\u1ed5ng USB. C\u00f3 hai lo\u1ea1i USB k\u00edch th\u01b0\u1edbc \u0111\u1ea7y \u0111\u1ee7 m\u00e0 b\u1ea1n s\u1ebd quen thu\u1ed9c: USB2 v\u00e0 USB3. USB3 nhanh h\u01a1n nhi\u1ec1u v\u00e0 ph\u00f9 h\u1ee3p h\u01a1n v\u1edbi c\u00e1c thi\u1ebft b\u1ecb nh\u01b0 \u0111\u0129a c\u1ee9ng ngo\u00e0i USB3, n\u01a1i t\u1ed1c \u0111\u1ed9 t\u0103ng th\u00eam s\u1ebd th\u1ef1c s\u1ef1 t\u1ea1o ra s\u1ef1 kh\u00e1c bi\u1ec7t. H\u1ea7u h\u1ebft c\u00e1c bo m\u1ea1ch ch\u1ee7 \u0111\u1ec1u c\u00f3 c\u1ea3 \u0111\u1ea7u n\u1ed1i USB2 v\u00e0 USB3 v\u00e0 t\u1ea5t c\u1ea3 c\u00e1c thi\u1ebft b\u1ecb USB2 v\u00e0 USB3 s\u1ebd ho\u1ea1t \u0111\u1ed9ng khi c\u1eafm v\u00e0o m\u1ed9t trong hai c\u1ed5ng; ch\u00fang c\u00f3 th\u1ec3 ho\u1ea1t \u0111\u1ed9ng ch\u1eadm h\u01a1n m\u1ed9t ch\u00fat so v\u1edbi USB2.<br \/>\nC\u00e1c bo m\u1ea1ch ch\u1ee7 hi\u1ec7n \u0111\u1ea1i gi\u1edd c\u0169ng \u0111i k\u00e8m v\u1edbi USB-C, b\u1ea1n c\u00f3 th\u1ec3 \u0111\u1ecdc th\u00eam v\u1ec1 h\u01b0\u1edbng d\u1eabn USB-C c\u1ee7a ch\u00fang t\u00f4i.<\/span><\/div>\n<div class=\"_2cuy _3dgx _2vxa\"><span class=\"text_exposed_show\"><br \/>\n7. C\u1ed5ng m\u1ea1ng<\/span><\/div>\n<div class=\"_2cuy _3dgx _2vxa\"><span class=\"text_exposed_show\"><br \/>\nKh\u00f4ng ph\u1ea3i t\u1ea5t c\u1ea3 c\u00e1c m\u00e1y t\u00ednh x\u00e1ch tay \u0111\u1ec1u c\u00f3 c\u1ed5ng m\u1ea1ng c\u00f3 d\u00e2y, nh\u01b0ng th\u1ef1c t\u1ebf ch\u00fang v\u1eabn \u0111\u01b0\u1ee3c t\u00ecm th\u1ea5y tr\u00ean t\u1ea5t c\u1ea3 c\u00e1c m\u00e1y t\u00ednh \u0111\u1ec3 b\u00e0n. \u0110\u00e2y l\u00e0 n\u01a1i b\u1ea1n c\u1eafm c\u00e1p Ethernet (m\u1ea1ng) \u0111\u1ec3 t\u1ea1o k\u1ebft n\u1ed1i c\u00f3 d\u00e2y, tr\u00e1i ng\u01b0\u1ee3c v\u1edbi k\u1ebft n\u1ed1i m\u1ea1ng kh\u00f4ng d\u00e2y v\u1edbi b\u1ed9 \u0111\u1ecbnh tuy\u1ebfn internet gia \u0111\u00ecnh ho\u1eb7c m\u1ea1ng v\u0103n ph\u00f2ng. T\u1ea5t c\u1ea3 c\u00e1c bo m\u1ea1ch ch\u1ee7 hi\u1ec7n \u0111\u1ea1i \u0111\u1ec1u c\u00f3 c\u1ed5ng Gigabit Ethernet, c\u00f2n \u0111\u01b0\u1ee3c g\u1ecdi l\u00e0 10\/100\/1000, c\u00f3 ngh\u0129a l\u00e0 ch\u00fang c\u00f3 th\u1ec3 truy\u1ec1n d\u1eef li\u1ec7u v\u1edbi t\u1ed1c \u0111\u1ed9 1.000 megabit \/ gi\u00e2y (Mbit \/ s) ho\u1eb7c t\u1ed1i \u0111a l\u00fd thuy\u1ebft l\u00e0 125 megabyte m\u1ed7i gi\u00e2y (MB \/ s).<br \/>\n<\/span><\/div>\n<div class=\"text_exposed_show\">\n<h3 class=\"_2cuy _50a1 _2vxa\">Nh\u1eefng l\u1ed7i th\u01b0\u1eddng g\u1eb7p \u1edf bo m\u1ea1ch ch\u1ee7 laptop :<\/h3>\n<div class=\"_2cuy _3dgx _2vxa\">M\u00e1y t\u00ednh x\u00e1ch tay b\u1eadt kh\u00f4ng l\u00ean<br \/>\n\u0110ang ch\u1ea1y b\u1ecb treo \u0111\u01a1 kh\u1ecfi \u0111\u1ed9ng l\u1ea1i<br \/>\n\u0110ang s\u1eed d\u1ee5ng m\u00e0n h\u00ecnh b\u1ecb treo s\u1ecdc nh\u00f2e m\u00e0u<\/div>\n<h3 class=\"_2cuy _50a1 _2vxa\">Nguy\u00ean nh\u00e2n g\u00e2y l\u1ed7i :<\/h3>\n<div class=\"_2cuy _3dgx _2vxa\">S\u1ef1 d\u1ee5ng s\u1ea1c laptop kh\u00f4ng \u0111\u00fang ti\u00eau chu\u1ea9n<br \/>\nLinh ki\u1ec7n l\u00e2u ng\u00e0y ph\u00e1t sinh l\u1ed7i, l\u1ed7i nh\u00e0 s\u1ea3n xu\u1ea5t<br \/>\nM\u00e1y t\u00ednh \u0111\u1ec3 l\u00e2u kh\u00f4ng s\u1ee7 d\u1ee5ng b\u1ecb \u1ea9m m\u1ed1c g\u00e2y l\u1ed7i<br \/>\nM\u00e1y t\u00ednh b\u1ecb \u0111\u1ed5 n\u01b0\u1edbc ch\u1ea5t l\u1ecfng.<br \/>\nQu\u1ea1t t\u1ea3n nhi\u1ec7t laptop kh\u00f4ng \u0111\u01b0\u1ee3c v\u1ec7 sinh, m\u00e1y n\u00f3ng d\u1eabn tu\u1ed5i th\u1ecd bo m\u1ea1ch ch\u1ee7 laptop b\u1ecb gi\u1ea3m.<\/div>\n<h3 class=\"_2cuy _50a1 _2vxa\">H\u01b0\u1edbng d\u1eabn s\u1eed d\u1ee5ng t\u0103ng \u0111\u1ed9 b\u1ec1n bo m\u1ea1ch ch\u1ee7 :<\/h3>\n<div class=\"_2cuy _3dgx _2vxa\">Th\u01b0\u1eddng xuy\u00ean s\u1eed d\u1ee5ng<br \/>\n\u0110\u1ec3 tr\u00e1nh xa c\u1eeda s\u1ed5, kh\u00f4ng n\u00ean v\u1eeba \u0103n u\u1ed1ng v\u1eeba l\u00e0m vi\u1ec7c.<br \/>\nV\u1ec7 sinh qu\u1ea1t t\u1ea3n nhi\u00eat laptop th\u01b0\u1eddng xuy\u00ean .<br \/>\nS\u1eed d\u1ee5ng s\u1ea1c laptop \u0111\u00fang ti\u00eau chu\u1ea9n c\u1ee7a nh\u00e0 s\u1ea3n xu\u1ea5t.<\/div>\n<h3 class=\"_2cuy _50a1 _2vxa\">H\u01b0\u1edbng d\u1eabn th\u00e1o l\u1eafp bo m\u1ea1ch ch\u1ee7 laptop :<\/h3>\n<ol class=\"_5a_q _509r\" dir=\"ltr\">\n<li class=\"_2cuy _509s _2vxa\">T\u1eaft m\u00e1y th\u00e1o pin v\u00e0 ng\u1eaft m\u00e1y t\u00ednh x\u00e1ch tay kh\u1ecfi ngu\u1ed3n \u0111i\u1ec7n.<\/li>\n<li class=\"_2cuy _509s _2vxa\">Th\u00e1o n\u1eafp \u0111\u1eady c\u01a1 s\u1edf ( v\u1ecf m\u1eb7t \u0111\u00e1y d\u01b0\u1edbi c\u00f9ng D)<\/li>\n<li class=\"_2cuy _509s _2vxa\">G\u1ee1 b\u1ecf Ram qu\u1ea1t t\u1ea3n nhi\u1ec7t, pin Cmos<\/li>\n<li class=\"_2cuy _509s _2vxa\">Ng\u1eaft k\u1ebft n\u1ed1i gi\u1eafc loa m\u00e0n h\u00ecnh b\u00e0n ph\u00edm camera b\u00e0n di chu\u1ed9t.<\/li>\n<li class=\"_2cuy _509s _2vxa\">Th\u00e1o \u1ed1c v\u00edt b\u1ea3o v\u1ec7 bo m\u1ea1ch ch\u1ee7, sau \u0111\u00f3 nh\u1ea5c bo m\u1ea1ch ch\u1ee7 ra.<\/li>\n<\/ol>\n<h3 class=\"_2cuy _50a1 _2vxa\">H\u01b0\u1edbng d\u1eabn mua thanh to\u00e1n v\u00e0 v\u1eadn chuy\u1ec3n bo m\u1ea1ch ch\u1ee7 mainboard laptop\u00a0Mainboard laptop Dell 14R N4010 :<\/h3>\n<div class=\"_2cuy _3dgx _2vxa\">&#8211; Nh\u1eadn Ship h\u00e0ng To\u00e0n Qu\u1ed1c, th\u1eddi gian nh\u1eadn h\u00e0ng t\u1eeb 2 ng\u00e0y &#8211; 3 ng\u00e0y ngay sau khi kh\u00e1ch h\u00e0ngch\u1ed1t \u0111\u01a1n h\u00e0ng qua \u0111i\u1ec7n tho\u1ea1i ho\u1eb7c website .<\/div>\n<div class=\"_2cuy _3dgx _2vxa\">&#8211; Ph\u00ed chuy\u1ec3n COD To\u00e0n Qu\u1ed1c t\u1eeb 30k.<\/div>\n<div class=\"_2cuy _3dgx _2vxa\">&#8211; thay l\u1eafp\u00a0Mainboard laptop Dell 14R N4010 t\u1ea1i c\u1eeda h\u00e0ng Tin C\u1eady 100.<\/div>\n<div class=\"_2cuy _3dgx _2vxa\">&#8211; D\u1ecbch v\u1ee5 thay\u00a0Mainboard laptop Dell 14R N4010 t\u1ea1i nh\u00e0<\/div>\n<\/div>\n","protected":false},"excerpt":{"rendered":"<h3><strong>Th\u00f4ng s\u1ed1 k\u0129 thu\u1eadt :<\/strong><\/h3>\n<p>Chipset Manufacturer:Intel<br \/>\nGraphics Card Type:Integrated<br \/>\nBrand Name:for DELL<br \/>\nApplication:Laptop<br \/>\nForm Factor:ATX<br \/>\nHard Drive Interface:SATA<br \/>\nMemory Type:DDR3<br \/>\nSB \/ HT:800 MHz<br \/>\nModel Number:N4010<br \/>\nPart Number:0FH09V FH09V<br \/>\nBoard Number:DA0V02MB6E0<br \/>\nCondition:<br \/>\nAlmost New<br \/>\nTested:3D Mark ,Linebench R10,Battery Mark&#8230;<\/p>\n","protected":false},"featured_media":419,"template":"","meta":[],"product_brand":[],"product_cat":[46],"product_tag":[197,198],"class_list":{"0":"post-418","1":"product","2":"type-product","3":"status-publish","4":"has-post-thumbnail","6":"product_cat-linh-kien-cu","7":"product_tag-main-dell-4010","8":"product_tag-main-laptop-cu","10":"first","11":"instock","12":"shipping-taxable","13":"purchasable","14":"product-type-simple"},"jetpack_sharing_enabled":true,"_links":{"self":[{"href":"http:\/\/vitinhhaiduong.com\/index.php?rest_route=\/wp\/v2\/product\/418","targetHints":{"allow":["GET"]}}],"collection":[{"href":"http:\/\/vitinhhaiduong.com\/index.php?rest_route=\/wp\/v2\/product"}],"about":[{"href":"http:\/\/vitinhhaiduong.com\/index.php?rest_route=\/wp\/v2\/types\/product"}],"wp:featuredmedia":[{"embeddable":true,"href":"http:\/\/vitinhhaiduong.com\/index.php?rest_route=\/wp\/v2\/media\/419"}],"wp:attachment":[{"href":"http:\/\/vitinhhaiduong.com\/index.php?rest_route=%2Fwp%2Fv2%2Fmedia&parent=418"}],"wp:term":[{"taxonomy":"product_brand","embeddable":true,"href":"http:\/\/vitinhhaiduong.com\/index.php?rest_route=%2Fwp%2Fv2%2Fproduct_brand&post=418"},{"taxonomy":"product_cat","embeddable":true,"href":"http:\/\/vitinhhaiduong.com\/index.php?rest_route=%2Fwp%2Fv2%2Fproduct_cat&post=418"},{"taxonomy":"product_tag","embeddable":true,"href":"http:\/\/vitinhhaiduong.com\/index.php?rest_route=%2Fwp%2Fv2%2Fproduct_tag&post=418"}],"curies":[{"name":"wp","href":"https:\/\/api.w.org\/{rel}","templated":true}]}}