{"id":428,"date":"2022-04-04T18:07:35","date_gmt":"2022-04-04T11:07:35","guid":{"rendered":"https:\/\/vitinhhaiduong.com\/?post_type=product&#038;p=428"},"modified":"2022-04-04T18:07:36","modified_gmt":"2022-04-04T11:07:36","slug":"may-in-laser-trang-den-canon-lbp2900","status":"publish","type":"product","link":"http:\/\/vitinhhaiduong.com\/?product=may-in-laser-trang-den-canon-lbp2900","title":{"rendered":"M\u00e1y In Laser Tr\u1eafng \u0110en Canon LBP2900"},"content":{"rendered":"<h3>Thi\u1ebft k\u1ebf \u0111\u01a1n gi\u1ea3n, g\u1ecdn g\u00e0ng<\/h3>\n<p>M\u00e1y in Canon\u00a0thi\u1ebft k\u1ebf theo h\u01b0\u1edbng \u0111\u01a1n gi\u1ea3n, g\u1ecdn g\u00e0ng,\u00a0ti\u1ec7n l\u1eafp \u0111\u1eb7t, s\u1eed d\u1ee5ng. V\u1edbi k\u00edch th\u01b0\u1edbc nh\u1ecf g\u1ecdn b\u1ea1n c\u00f3 th\u1ec3 \u0111\u1eb7t nhi\u1ec1u v\u1ecb tr\u00ed kh\u00e1c nhau trong ph\u00f2ng l\u00e0m vi\u1ec7c c\u1ee7a m\u00ecnh.<\/p>\n<p><img decoding=\"async\" class=\" ls-is-cached lazyloaded\" title=\"M\u00e1y in Laser Canon LBP2900 - Thi\u1ebft k\u1ebf \u0111\u01a1n gi\u1ea3n, g\u1ecdn g\u00e0ng\" src=\"https:\/\/cdn.tgdd.vn\/Products\/Images\/5693\/115910\/may-in-laser-canon-lbp2900-5.jpg\" alt=\"M\u00e1y in Laser Canon LBP2900 - Thi\u1ebft k\u1ebf \u0111\u01a1n gi\u1ea3n, g\u1ecdn g\u00e0ng\" data-src=\"https:\/\/cdn.tgdd.vn\/Products\/Images\/5693\/115910\/may-in-laser-canon-lbp2900-5.jpg\" \/><\/p>\n<h3>T\u1ed1c \u0111\u1ed9 in nhanh<\/h3>\n<p>V\u1edbi 9 gi\u00e2y cho trang in \u0111\u1ea7u ti\u00ean, b\u1ea1n c\u00f3 ngay m\u1ed9t b\u1ea3n in ho\u00e0n h\u1ea3o m\u00e0 kh\u00f4ng c\u1ea7n ch\u1edd l\u00e2u. V\u1edbi t\u1ed1c \u0111\u1ed9 12 trang\/ph\u00fat t\u1eeb\u00a0m\u00e1y in\u00a0v\u1edbi gi\u1ea5y A4 b\u1ea1n v\u1eabn ho\u00e0n to\u00e0n \u0111\u00e1p \u1ee9ng nhu c\u1ea7u c\u00f4ng vi\u1ec7c h\u00e0ng ng\u00e0y c\u1ee7a m\u00ecnh.<\/p>\n<p><img decoding=\"async\" class=\" ls-is-cached lazyloaded\" title=\"M\u00e1y in Laser Canon LBP2900 - T\u1ed1c \u0111\u1ed9 in nhanh ch\u00f3ng\" src=\"https:\/\/cdn.tgdd.vn\/Products\/Images\/5693\/115910\/may-in-laser-canon-lbp2900-6.jpg\" alt=\"M\u00e1y in Laser Canon LBP2900 - T\u1ed1c \u0111\u1ed9 in nhanh ch\u00f3ng\" data-src=\"https:\/\/cdn.tgdd.vn\/Products\/Images\/5693\/115910\/may-in-laser-canon-lbp2900-6.jpg\" \/><\/p>\n<h3>B\u1ea3n in r\u00f5 n\u00e9t<\/h3>\n<p>M\u00e1y in laser Canon LBP2900\u00a0\u0111\u01b0\u1ee3c trang b\u1ecb \u0111\u1ed9 ph\u00e2n gi\u1ea3i 2400 x 600 dpi cho b\u1ea1n nh\u1eefng b\u1ea3n\u00a0gi\u1ea5y in\u00a0r\u00f5 n\u00e9t m\u00e0 kh\u00f4ng c\u1ea7n lo l\u1eafng v\u1ea5n \u0111\u1ec1 m\u1edd b\u1ea3n in hay g\u1eb7p.<\/p>\n<p><img decoding=\"async\" class=\" ls-is-cached lazyloaded\" title=\"M\u00e1y in Laser Canon LBP2900 - In laser tr\u1eafng \u0111en\" src=\"https:\/\/cdn.tgdd.vn\/Products\/Images\/5693\/115910\/may-in-laser-canon-lbp2900-10.jpg\" alt=\"M\u00e1y in Laser Canon LBP2900 - In laser tr\u1eafng \u0111en\" data-src=\"https:\/\/cdn.tgdd.vn\/Products\/Images\/5693\/115910\/may-in-laser-canon-lbp2900-10.jpg\" \/><\/p>\n<h3>Khay n\u1ea1p gi\u1ea5y 150 t\u1edd c\u00f9ng khay ch\u1ee9a gi\u1ea5y \u0111\u00e3 in 100 t\u1edd ti\u1ec7n l\u1ee3i cho qu\u00e1 tr\u00ecnh s\u1eed d\u1ee5ng li\u00ean t\u1ee5c<\/h3>\n<p><img decoding=\"async\" class=\" lazyloaded\" title=\"M\u00e1y in Laser Canon LBP2900 - Khay ch\u1ee9a gi\u1ea5y\" src=\"https:\/\/cdn.tgdd.vn\/Products\/Images\/5693\/115910\/may-in-laser-canon-lbp2900-8.jpg\" alt=\"M\u00e1y in Laser Canon LBP2900 - Khay ch\u1ee9a gi\u1ea5y\" data-src=\"https:\/\/cdn.tgdd.vn\/Products\/Images\/5693\/115910\/may-in-laser-canon-lbp2900-8.jpg\" \/><\/p>\n<h3>B\u1ea3ng \u0111i\u1ec1u khi\u1ec3n tr\u1ef1c quan, d\u1ec5 d\u00e0ng thao t\u00e1c<\/h3>\n<p><img decoding=\"async\" class=\" lazyloaded\" title=\"M\u00e1y in Laser Canon LBP2900 - B\u1ea3ng \u0111i\u1ec1u khi\u1ec3n\" src=\"https:\/\/cdn.tgdd.vn\/Products\/Images\/5693\/115910\/may-in-laser-canon-lbp2900-12.jpg\" alt=\"M\u00e1y in Laser Canon LBP2900 - B\u1ea3ng \u0111i\u1ec1u khi\u1ec3n\" data-src=\"https:\/\/cdn.tgdd.vn\/Products\/Images\/5693\/115910\/may-in-laser-canon-lbp2900-12.jpg\" \/><\/p>\n<h3>M\u00e1y in laser tr\u1eafng \u0111en\u00a0h\u1ed7 tr\u1ee3 c\u1ed5ng k\u1ebft n\u1ed1i 2.0 d\u1ec5 d\u00e0ng k\u1ebft n\u1ed1i<\/h3>\n<p><img decoding=\"async\" class=\" ls-is-cached lazyloaded\" title=\"M\u00e1y in Laser Canon LBP2900 -  k\u1ebft n\u1ed1i\" src=\"https:\/\/cdn.tgdd.vn\/Products\/Images\/5693\/115910\/may-in-laser-canon-lbp2900-14.jpg\" alt=\"M\u00e1y in Laser Canon LBP2900 -  k\u1ebft n\u1ed1i\" data-src=\"https:\/\/cdn.tgdd.vn\/Products\/Images\/5693\/115910\/may-in-laser-canon-lbp2900-14.jpg\" \/><\/p>\n<h3>Ch\u1ea5t l\u01b0\u1ee3ng m\u1ef1c \u0111\u1eadm m\u00e0u, b\u1ea3n in \u0111\u1eb9p, k\u00e9o d\u00e0i tu\u1ed5i th\u1ecd m\u00e1y s\u1eed d\u1ee5ng m\u1ef1c in ch\u00ednh h\u00e3ng\u00a0Cartridge 303<\/h3>\n<p><img decoding=\"async\" class=\" lazyloaded\" title=\"M\u00e1y in Laser Canon LBP2900 - M\u1ef1c in ch\u00ednh h\u00e3ng \" src=\"https:\/\/cdn.tgdd.vn\/Products\/Images\/5693\/115910\/may-in-laser-canon-lbp2900-11.jpg\" alt=\"M\u00e1y in Laser Canon LBP2900 - M\u1ef1c in ch\u00ednh h\u00e3ng \" data-src=\"https:\/\/cdn.tgdd.vn\/Products\/Images\/5693\/115910\/may-in-laser-canon-lbp2900-11.jpg\" \/><\/p>\n<h3>H\u01b0\u1edbng d\u1eabn c\u00e0i \u0111\u1eb7t m\u00e1y in Laser Canon LBP2900 khi m\u1edbi mua v\u1ec1:<\/h3>\n<p><strong>B\u01b0\u1edbc 1<\/strong>: C\u1ea5p \u0111i\u1ec7n cho m\u00e1y b\u1eb1ng c\u00e1ch c\u1eafm d\u00e2y ngu\u1ed3n v\u00e0o c\u1ed5ng ngu\u1ed3n tr\u00ean m\u00e1y.<\/p>\n<p><img decoding=\"async\" class=\" lazyloaded\" title=\"M\u00e1y in Laser Canon LBP2900 - C\u1eafm d\u00e2y ngu\u1ed3n\" src=\"https:\/\/cdn.tgdd.vn\/Products\/Images\/5693\/115910\/may-in-laser-canon-lbp2900-1-1.jpg\" alt=\"M\u00e1y in Laser Canon LBP2900 - C\u1eafm d\u00e2y ngu\u1ed3n\" data-src=\"https:\/\/cdn.tgdd.vn\/Products\/Images\/5693\/115910\/may-in-laser-canon-lbp2900-1-1.jpg\" \/><\/p>\n<p><strong>B\u01b0\u1edbc 2<\/strong>: \u0110\u1eb7t c\u1ee1 gi\u1ea5y mu\u1ed1n in v\u00e0o khay n\u1ea1p gi\u1ea5y, m\u1edf khay ch\u1ee9a gi\u1ea5y in ra.<\/p>\n<p><img decoding=\"async\" class=\" lazyloaded\" title=\"M\u00e1y in Laser Canon LBP2900 - \u0110\u1eb7t c\u1ee1 gi\u1ea5y mu\u1ed1n in v\u00e0o khay n\u1ea1p gi\u1ea5y, m\u1edf khay ch\u1ee9a gi\u1ea5y in ra\" src=\"https:\/\/cdn.tgdd.vn\/Products\/Images\/5693\/115910\/may-in-laser-canon-lbp2900-2-1.jpg\" alt=\"M\u00e1y in Laser Canon LBP2900 - \u0110\u1eb7t c\u1ee1 gi\u1ea5y mu\u1ed1n in v\u00e0o khay n\u1ea1p gi\u1ea5y, m\u1edf khay ch\u1ee9a gi\u1ea5y in ra\" data-src=\"https:\/\/cdn.tgdd.vn\/Products\/Images\/5693\/115910\/may-in-laser-canon-lbp2900-2-1.jpg\" \/><\/p>\n<p><strong>B\u01b0\u1edbc 3<\/strong>: L\u1eafp\u00a0<strong>h\u1ed9p m\u1ef1c in Cartridge 303<\/strong>\u00a0chuy\u00ean d\u1ee5ng v\u00e0o m\u00e1y.<\/p>\n<p><img decoding=\"async\" class=\" lazyloaded\" title=\"M\u00e1y in Laser Canon LBP2900 - L\u1eafp h\u1ed9p m\u1ef1c in Cartridge 303 chuy\u00ean d\u1ee5ng v\u00e0o m\u00e1y\" src=\"https:\/\/cdn.tgdd.vn\/Products\/Images\/5693\/115910\/may-in-laser-canon-lbp2900-4-1.jpg\" alt=\"M\u00e1y in Laser Canon LBP2900 - L\u1eafp h\u1ed9p m\u1ef1c in Cartridge 303 chuy\u00ean d\u1ee5ng v\u00e0o m\u00e1y\" data-src=\"https:\/\/cdn.tgdd.vn\/Products\/Images\/5693\/115910\/may-in-laser-canon-lbp2900-4-1.jpg\" \/><\/p>\n<p><strong>B\u01b0\u1edbc 4:<\/strong>\u00a0Nh\u1ea5n n\u00fat ngu\u1ed3n,\u00a0<strong>\u0111\u00e8n b\u00e1o ngu\u1ed3n ph\u00e1t s\u00e1ng\u00a0<\/strong>th\u00ec m\u00e1y \u0111\u00e3 \u0111\u01b0\u1ee3c b\u1eadt.<\/p>\n<p><img decoding=\"async\" class=\" lazyloaded\" title=\"M\u00e1y in Laser Canon LBP2900 - Nh\u1ea5n n\u00fat ngu\u1ed3n \u0111\u1ec3 b\u1eadt m\u00e1y\" src=\"https:\/\/cdn.tgdd.vn\/Products\/Images\/5693\/115910\/may-in-laser-canon-lbp2900-3-1.jpg\" alt=\"M\u00e1y in Laser Canon LBP2900 - Nh\u1ea5n n\u00fat ngu\u1ed3n \u0111\u1ec3 b\u1eadt m\u00e1y\" data-src=\"https:\/\/cdn.tgdd.vn\/Products\/Images\/5693\/115910\/may-in-laser-canon-lbp2900-3-1.jpg\" \/><\/p>\n<p><strong>B\u01b0\u1edbc 5<\/strong>: Ph\u1ed1i gh\u00e9p m\u00e1y in v\u1edbi m\u00e1y t\u00ednh qua d\u00e2y c\u00e1p<strong>\u00a0USB<\/strong>. Ti\u1ebfn h\u00e0nh c\u00e0i \u0111\u1eb7t driver v\u00e0 th\u1ef1c hi\u1ec7n in \u1ea5n.<\/p>\n<p><img decoding=\"async\" class=\" lazyloaded\" title=\"M\u00e1y in Laser Canon LBP2900 - Ph\u1ed1i gh\u00e9p m\u00e1y in v\u1edbi m\u00e1y t\u00ednh qua d\u00e2y c\u00e1p USB. Ti\u1ebfn h\u00e0nh c\u00e0i \u0111\u1eb7t driver v\u00e0 th\u1ef1c hi\u1ec7n in \u1ea5n\" src=\"https:\/\/cdn.tgdd.vn\/Products\/Images\/5693\/115910\/may-in-laser-canon-lbp2900-5-1.jpg\" alt=\"M\u00e1y in Laser Canon LBP2900 - Ph\u1ed1i gh\u00e9p m\u00e1y in v\u1edbi m\u00e1y t\u00ednh qua d\u00e2y c\u00e1p USB. Ti\u1ebfn h\u00e0nh c\u00e0i \u0111\u1eb7t driver v\u00e0 th\u1ef1c hi\u1ec7n in \u1ea5n\" data-src=\"https:\/\/cdn.tgdd.vn\/Products\/Images\/5693\/115910\/may-in-laser-canon-lbp2900-5-1.jpg\" \/><\/p>\n","protected":false},"excerpt":{"rendered":"<div class=\"slider-parameter owl-carousel\">\n<div class=\"img\"><img decoding=\"async\" src=\"https:\/\/cdn.tgdd.vn\/Products\/Images\/5693\/115910\/Kit\/may-in-laser-canon-lbp2900-note.jpg\" alt=\"M\u00e1y In Laser Tr\u1eafng \u0110en Canon LBP2900\" \/><\/div>\n<\/div>\n<div class=\"content-t-wrap\">\n<div class=\"parameter-all\">\n<div class=\"parameter-item\">\n<p class=\"parameter-ttl\" data-group-id=\"11708\" data-index=\"1\">&#8211; Th\u00f4ng s\u1ed1<\/p>\n<ul class=\"ulist \">\n<li data-id=\"14007\" data-group-id=\"11708\" data-index=\"1\">\n<div class=\"ctLeft\">\n<p>Lo\u1ea1i m\u00e1y: In laser tr\u1eafng \u0111en<\/p>\n<\/div>\n<\/li>\n<li data-id=\"14008\" data-group-id=\"11708\" data-index=\"2\">\n<div class=\"ctLeft\">\n<p>Ch\u1ee9c n\u0103ng: In 1 m\u1eb7t<\/p>\n<\/div>\n<\/li>\n<li data-id=\"14009\" data-group-id=\"11708\" data-index=\"3\">\n<div class=\"ctLeft\">\n<p>Ch\u1ea5t l\u01b0\u1ee3ng in (\u0111\u1ed9 n\u00e9t): 2400 x 600 dpi<\/p>\n<\/div>\n<\/li>\n<li data-id=\"14167\" data-group-id=\"11708\" data-index=\"4\">\n<div class=\"ctLeft\">\n<p>Th\u1eddi gian in trang \u0111\u1ea7u ti\u00ean: 9 gi\u00e2y<\/p>\n<\/div>\n<\/li>\n<li data-id=\"14011\" data-group-id=\"11708\" data-index=\"5\">\n<div class=\"ctLeft\">\n<p>T\u1ed1c \u0111\u1ed9 in: 12 trang\/ph\u00fat<\/p>\n<\/div>\n<\/li>\n<li data-id=\"23683\" data-group-id=\"11708\" data-index=\"6\">\n<div class=\"ctLeft\">H\u1ed9p m\u1ef1c k\u00e8m theo in \u0111\u01b0\u1ee3c (\u0110\u1ed9 ph\u1ee7 5%\/A4): <span class=\"\">Kho\u1ea3ng 1000 &#8211; 1400 trang A4 (\u0111\u1ed9 ph\u1ee7 5%)<\/span><\/div>\n<\/li>\n<li data-id=\"14268\" data-group-id=\"11708\" data-index=\"7\">\n<div class=\"ctLeft\">\n<p>C\u00f4ng su\u1ea5t in khuy\u1ebfn ngh\u1ecb: 200-800 trang\/th\u00e1ng<\/p>\n<\/div>\n<\/li>\n<li data-id=\"14166\" data-group-id=\"11708\" data-index=\"8\">\n<div class=\"ctLeft\">\n<p>C\u00f4ng su\u1ea5t t\u1ed1i \u0111a: \u0110ang c\u1eadp nh\u1eadt<\/p>\n<\/div>\n<\/li>\n<li data-id=\"14269\" data-group-id=\"11708\" data-index=\"9\">\n<div class=\"ctLeft\">\n<p>Lo\u1ea1i m\u1ef1c in: M\u1ef1c in Cartridge 303<\/p>\n<\/div>\n<\/li>\n<li data-id=\"14168\" data-group-id=\"11708\" data-index=\"10\">\n<div class=\"ctLeft\">\n<p>B\u1ed9 nh\u1edb (In \u0111\u01b0\u1ee3c file t\u1ed1i \u0111a): 2 MB<\/p>\n<\/div>\n<\/li>\n<\/ul>\n<\/div>\n<div class=\"parameter-item\">\n<p class=\"parameter-ttl\" data-group-id=\"11709\" data-index=\"2\">&#8211; Gi\u1ea5y in<\/p>\n<ul class=\"ulist \">\n<li data-id=\"27241\" data-group-id=\"11709\" data-index=\"13\">\n<div class=\"ctLeft\">\n<p>K\u00edch th\u01b0\u1edbc gi\u1ea5y in h\u1ed7 tr\u1ee3:A4, A5, B5<\/p>\n<\/div>\n<\/li>\n<li data-id=\"28333\" data-group-id=\"11709\" data-index=\"14\">\n<div class=\"ctLeft\">\n<p>Lo\u1ea1i gi\u1ea5y in h\u1ed7 tr\u1ee3: H\u00e3ng kh\u00f4ng c\u00f4ng b\u1ed1<\/p>\n<\/div>\n<\/li>\n<li data-id=\"14171\" data-group-id=\"11709\" data-index=\"15\">\n<div class=\"ctLeft\">\n<p>Khay n\u1ea1p gi\u1ea5y: 150 t\u1edd<\/p>\n<\/div>\n<\/li>\n<li data-id=\"14172\" data-group-id=\"11709\" data-index=\"15\">\n<div class=\"ctLeft\">\n<p>Khay ch\u1ee9a gi\u1ea5y \u0111\u00e3 in: 100 t\u1edd<\/p>\n<\/div>\n<\/li>\n<\/ul>\n<\/div>\n<div class=\"parameter-item\">\n<p class=\"parameter-ttl\" data-group-id=\"11710\" data-index=\"3\">&#8211; K\u1ebft n\u1ed1i<\/p>\n<ul class=\"ulist \">\n<li data-id=\"14170\" data-group-id=\"11710\" data-index=\"16\">\n<div class=\"ctLeft\">\n<p>C\u1ed5ng k\u1ebft n\u1ed1i: USB 2.0<\/p>\n<\/div>\n<\/li>\n<li data-id=\"14271\" data-group-id=\"11710\" data-index=\"17\">\n<div class=\"ctLeft\">\n<p>H\u1ec7 \u0111i\u1ec1u h\u00e0nh t\u01b0\u01a1ng th\u00edch: Windows, MAC OS<\/p>\n<\/div>\n<\/li>\n<\/ul>\n<\/div>\n<div class=\"parameter-item\">\n<p class=\"parameter-ttl\" data-group-id=\"11711\" data-index=\"4\">&#8211; Th\u00f4ng tin chung<\/p>\n<ul class=\"ulist \">\n<li data-id=\"28208\" data-group-id=\"11711\" data-index=\"0\">\n<div class=\"ctLeft\">\n<p>K\u00edch th\u01b0\u1edbc, tr\u1ecdng l\u01b0\u1ee3ng: D\u00e0i 370 mm &#8211; R\u1ed9ng 251 mm &#8211; Cao 217 mm &#8211; N\u1eb7ng 5.7 Kg<\/p>\n<\/div>\n<\/li>\n<li data-id=\"14272\" data-group-id=\"11711\" data-index=\"20\">\n<div class=\"ctLeft\">\n<p>C\u00f4ng su\u1ea5t: 220-240V<\/p>\n<\/div>\n<\/li>\n<li data-id=\"14273\" data-group-id=\"11711\" data-index=\"21\">\n<div class=\"ctLeft\">\n<p>N\u01a1i s\u1ea3n xu\u1ea5t: Trung Qu\u1ed1c<\/p>\n<\/div>\n<\/li>\n<li data-id=\"0\" data-group-id=\"11711\" data-index=\"99999\">\n<div class=\"ctLeft\">\n<p>H\u00e3ng: Canon.<\/p>\n<p>&#8211;\u00a0 B\u1ea3o h\u00e0nh 12 Th\u00e1ng<\/p>\n<p>&#8211; Giao h\u00e0ng t\u1eadn n\u01a1i shipcod to\u00e0n qu\u1ed1c<\/p>\n<\/div>\n<\/li>\n<\/ul>\n<\/div>\n<\/div>\n<\/div>\n","protected":false},"featured_media":0,"template":"","meta":[],"product_brand":[],"product_cat":[146],"product_tag":[204,203,202,205],"class_list":{"0":"post-428","1":"product","2":"type-product","3":"status-publish","5":"product_cat-may-in-linh-kien","6":"product_tag-canon-2900","7":"product_tag-canon-laser-lbp-2900","8":"product_tag-may-in-canon","9":"product_tag-may-in-chinh-hang","11":"first","12":"instock","13":"shipping-taxable","14":"purchasable","15":"product-type-simple"},"jetpack_sharing_enabled":true,"_links":{"self":[{"href":"http:\/\/vitinhhaiduong.com\/index.php?rest_route=\/wp\/v2\/product\/428","targetHints":{"allow":["GET"]}}],"collection":[{"href":"http:\/\/vitinhhaiduong.com\/index.php?rest_route=\/wp\/v2\/product"}],"about":[{"href":"http:\/\/vitinhhaiduong.com\/index.php?rest_route=\/wp\/v2\/types\/product"}],"wp:attachment":[{"href":"http:\/\/vitinhhaiduong.com\/index.php?rest_route=%2Fwp%2Fv2%2Fmedia&parent=428"}],"wp:term":[{"taxonomy":"product_brand","embeddable":true,"href":"http:\/\/vitinhhaiduong.com\/index.php?rest_route=%2Fwp%2Fv2%2Fproduct_brand&post=428"},{"taxonomy":"product_cat","embeddable":true,"href":"http:\/\/vitinhhaiduong.com\/index.php?rest_route=%2Fwp%2Fv2%2Fproduct_cat&post=428"},{"taxonomy":"product_tag","embeddable":true,"href":"http:\/\/vitinhhaiduong.com\/index.php?rest_route=%2Fwp%2Fv2%2Fproduct_tag&post=428"}],"curies":[{"name":"wp","href":"https:\/\/api.w.org\/{rel}","templated":true}]}}