{"id":480,"date":"2022-08-12T16:24:12","date_gmt":"2022-08-12T09:24:12","guid":{"rendered":"https:\/\/vitinhhaiduong.com\/?post_type=product&#038;p=480"},"modified":"2022-08-12T16:28:17","modified_gmt":"2022-08-12T09:28:17","slug":"camera-ip-wifi-2mp-dahua-dh-ipc-hfw1230dt-stw","status":"publish","type":"product","link":"http:\/\/vitinhhaiduong.com\/?product=camera-ip-wifi-2mp-dahua-dh-ipc-hfw1230dt-stw","title":{"rendered":"[Ngo\u00e0i Tr\u1eddi] Camera IP Wifi 2MP DAHUA DH-IPC-HFW1230DT-STW"},"content":{"rendered":"<h2 class=\"mb-20\">M\u00f4 t\u1ea3 s\u1ea3n ph\u1ea9m<\/h2>\n<div class=\"content-tabs tabs-mota\">\n<p>DAHUA DH-IPC-HFW1230DT-STW l\u00e0 d\u00f2ng s\u1ea3n ph\u1ea9m\u00a0Camera quan s\u00e1t\u00a0IP thi\u1ebft k\u1ebf nh\u1ecf g\u1ecdn nh\u1eb9, \u0111\u1ed9 ph\u00e2n gi\u1ea3i cao 2.0megapixel,\u00a0t\u1ea7m quan s\u00e1t xa 30m\u00a0v\u1edbi c\u00f4ng ngh\u1ec7 h\u1ed3ng ngo\u1ea1i th\u00f4ng minh\u00a0c\u00f9ng c\u00e1c t\u00ednh n\u0103ng th\u00f4ng minh kh\u00e1c.\u00a0Ho\u1ea1t \u0111\u1ed9ng r\u1ea5t d\u1ec5 d\u00e0ng qua thi\u1ebft b\u1ecb di \u0111\u1ed9ng (Android \/ iOS), cho ph\u00e9p ng\u01b0\u1eddi d\u00f9ng ho\u1ea1t \u0111\u1ed9ng tho\u1ea3i m\u00e1i.<\/p>\n<p><strong>Camera Wifi\u00a0DAHUA DH-IPC-HFW1230DT-STW<\/strong>\u00a0truy\u1ec1n t\u1ea3i h\u00ecnh \u1ea3nh \u1edf \u0111\u1ed9 ph\u00e2n gi\u1ea3i Full HD, nh\u1edd \u0111\u00f3 h\u00ecnh \u1ea3nh r\u00f5 \u0111\u1eb9p v\u00e0 s\u1eafc n\u00e9t.\u00a0Camera \u0111\u01b0\u1ee3c trang b\u1ecb ch\u1ee9c n\u0103ng ph\u00e1t hi\u1ec7n chuy\u1ec3n \u0111\u1ed9ng, nh\u1edd \u0111\u00f3 m\u1ecdi \u0111\u1ed1i t\u01b0\u1ee3ng di chuy\u1ec3n s\u1ebd \u0111\u01b0\u1ee3c ph\u00e1t hi\u1ec7n v\u00e0 ng\u01b0\u1eddi d\u00f9ng s\u1ebd nh\u1eadn \u0111\u01b0\u1ee3c th\u00f4ng b\u00e1o c\u1ea3nh b\u00e1o.\u00a0M\u00f4 \u0111un Wi-Fi \u0111\u01b0\u1ee3c t\u00edch h\u1ee3p cho ph\u00e9p k\u1ebft n\u1ed1i kh\u00f4ng d\u00e2y gi\u1eefa camera v\u00e0 b\u1ed9 \u0111\u1ecbnh tuy\u1ebfn, camera ch\u1ec9 c\u1ea7n k\u1ebft n\u1ed1i v\u1edbi ngu\u1ed3n \u0111i\u1ec7n.<\/p>\n<h2>Th\u00f4ng s\u1ed1 k\u1ef9 thu\u1eadt camera IP Wifi 2MP DAHUA DH-IPC-HFW1230DT-STW<\/h2>\n<p>\u2013 Camera 2MP Bullet WIFI Camera c\u1ea3m bi\u1ebfn CMOS k\u00edch th\u01b0\u1edbc 1\/3\u201d.<br \/>\n\u2013 Chu\u1ea9n n\u00e9n H265+, 25\/30fps@1080P.<br \/>\n\u2013 T\u1ea7m xa h\u1ed3ng ngo\u1ea1i 30m v\u1edbi c\u00f4ng ngh\u1ec7 h\u1ed3ng ngo\u1ea1i th\u00f4ng minh.<br \/>\n\u2013 Ch\u1ebf \u0111\u1ed9 ng\u00e0y \u0111\u00eam (ICR), Ch\u1ed1ng ng\u01b0\u1ee3c s\u00e1ng DWDR, ch\u1ed1ng ng\u01b0\u1ee3c s\u00e1ng(BLC), ch\u1ed1ng nhi\u1ec5u (3D-DNR)<br \/>\n\u2013 \u1ed0ng k\u00ednh c\u1ed1 \u0111\u1ecbnh 3.6mm, chu\u1ea9n t\u01b0\u01a1ng th\u00edch Onvif 2.4, chu\u1ea9n ch\u1ed1ng n\u01b0\u1edbc IP67<br \/>\n\u2013 H\u1ed7 tr\u1ee3 ch\u1ee9c n\u0103ng ph\u00e1t hi\u1ec7n th\u00f4ng minh: Ph\u00e1t hi\u1ec7n chuy\u1ec3n \u0111\u1ed9ng, video tampering, scene changing, audio detection, no SD card, SD card full, SD card error, network disconnection, IP conflict, illegal access.<br \/>\n\u2013\u00a0Camera Dahua h\u1ed7 tr\u1ee3 khe c\u1eafm th\u1ebb nh\u1edb 128GB.<br \/>\n\u2013 Chu\u1ea9n ch\u1ed1ng n\u01b0\u1edbc IP67.<br \/>\n\u2013 \u0110i\u1ec7n \u00e1p DC12V<br \/>\n\u2013 Xu\u1ea5t x\u1ee9: Trung Qu\u1ed1c<br \/>\n\u2013 Mi\u1ec5n ph\u00ed l\u1eafp \u0111\u1eb7t<br \/>\n\u2013 B\u1ea3o h\u00e0nh: 24 th\u00e1ng<\/p>\n<\/div>\n","protected":false},"excerpt":{"rendered":"<p><span style=\"font-size: 20px\"><strong>Camera IP WIFI 2.0MP DAHUA DH-IPC-HFW1230DT-STW<\/strong><\/span><\/p>\n<p>\u2013 C\u1ea3m bi\u1ebfn h\u00ecnh \u1ea3nh: 1\/3 inch CMOS.<br \/>\n\u2013 Chu\u1ea9n n\u00e9n h\u00ecnh \u1ea3nh: Smart H265+.<br \/>\n\u2013 T\u1ed1c \u0111\u1ed9 khung h\u00ecnh: 25\/30fps@1080P.<br \/>\n\u2013 T\u1ea7m quan s\u00e1t h\u1ed3ng ngo\u1ea1i: 30 m\u00e9t (c\u00f4ng ngh\u1ec7 h\u1ed3ng ngo\u1ea1i th\u00f4ng minh).<br \/>\n\u2013 Ch\u1ebf \u0111\u1ed9 ng\u00e0y \u0111\u00eam (ICR), Ch\u1ed1ng ng\u01b0\u1ee3c s\u00e1ng DWDR, ch\u1ed1ng ng\u01b0\u1ee3c s\u00e1ng (BLC), ch\u1ed1ng nhi\u1ec5u (3D-DNR).<br \/>\n\u2013 Camera h\u1ed7 tr\u1ee3 ch\u1ee9c n\u0103ng ph\u00e1t hi\u1ec7n th\u00f4ng minh: Ph\u00e1t hi\u1ec7n chuy\u1ec3n \u0111\u1ed9ng, video tampering, scene changing, audio detection, no SD card, SD card full, SD card error, network disconnection, IP conflict, illegal access.<br \/>\n\u2013 H\u1ed7 tr\u1ee3 khe c\u1eafm th\u1ebb nh\u1edb 128GB.<br \/>\n\u2013 H\u1ed7 tr\u1ee3 Mic v\u00e0 loa. \u0110\u00e0m tho\u1ea1i 2 chi\u1ec1u<br \/>\n\u2013 H\u1ed7 tr\u1ee3 k\u1ebft n\u1ed1i Wifi<br \/>\n\u2013 H\u1ed7 tr\u1ee3 xem h\u00ecnh b\u1eb1ng nhi\u1ec1u c\u00f4ng c\u1ee5: Web, ph\u1ea7n m\u1ec1m CMS (DSS\/PSS) v\u00e0 DMSS, t\u00ean mi\u1ec1n DSSDDNS<br \/>\n\u2013 \u1ed0ng k\u00ednh c\u1ed1 \u0111\u1ecbnh 3.6mm, chu\u1ea9n t\u01b0\u01a1ng th\u00edch Onvif 2.4, chu\u1ea9n ch\u1ed1ng n\u01b0\u1edbc IP67.<br \/>\n\u2013 Ngu\u1ed3n \u0111i\u1ec7n: DC12V.<br \/>\n\u2013 Mi\u1ec5n ph\u00ed l\u1eafp \u0111\u1eb7t.<br \/>\n\u2013 B\u1ea3o h\u00e0nh: 24 th\u00e1ng.<\/p>\n","protected":false},"featured_media":0,"template":"","meta":[],"product_brand":[],"product_cat":[16,19],"product_tag":[53,231,28,50,26,230],"class_list":{"0":"post-480","1":"product","2":"type-product","3":"status-publish","5":"product_cat-camera-quan-sat","6":"product_cat-camera-khong-day","7":"product_tag-camera-cho-lach","8":"product_tag-camera-chong-nuoc-ngoai-troi","9":"product_tag-camera-ip","10":"product_tag-camera-khong-day","11":"product_tag-camera-vinh-thanh","12":"product_tag-camera-wifi","14":"first","15":"instock","16":"shipping-taxable","17":"purchasable","18":"product-type-simple"},"jetpack_sharing_enabled":true,"_links":{"self":[{"href":"http:\/\/vitinhhaiduong.com\/index.php?rest_route=\/wp\/v2\/product\/480","targetHints":{"allow":["GET"]}}],"collection":[{"href":"http:\/\/vitinhhaiduong.com\/index.php?rest_route=\/wp\/v2\/product"}],"about":[{"href":"http:\/\/vitinhhaiduong.com\/index.php?rest_route=\/wp\/v2\/types\/product"}],"wp:attachment":[{"href":"http:\/\/vitinhhaiduong.com\/index.php?rest_route=%2Fwp%2Fv2%2Fmedia&parent=480"}],"wp:term":[{"taxonomy":"product_brand","embeddable":true,"href":"http:\/\/vitinhhaiduong.com\/index.php?rest_route=%2Fwp%2Fv2%2Fproduct_brand&post=480"},{"taxonomy":"product_cat","embeddable":true,"href":"http:\/\/vitinhhaiduong.com\/index.php?rest_route=%2Fwp%2Fv2%2Fproduct_cat&post=480"},{"taxonomy":"product_tag","embeddable":true,"href":"http:\/\/vitinhhaiduong.com\/index.php?rest_route=%2Fwp%2Fv2%2Fproduct_tag&post=480"}],"curies":[{"name":"wp","href":"https:\/\/api.w.org\/{rel}","templated":true}]}}