{"id":204,"date":"2022-02-21T18:05:21","date_gmt":"2022-02-21T11:05:21","guid":{"rendered":"https:\/\/vitinhhaiduong.com\/?post_type=product&#038;p=204"},"modified":"2022-02-21T18:05:21","modified_gmt":"2022-02-21T11:05:21","slug":"dell-latitude-e5530-intel-core-i5","status":"publish","type":"product","link":"https:\/\/vitinhhaiduong.com\/?product=dell-latitude-e5530-intel-core-i5","title":{"rendered":"Dell Latitude E5530 &#8211; Intel Core i5"},"content":{"rendered":"<p><img loading=\"lazy\" decoding=\"async\" class=\"alignnone size-medium wp-image-205\" src=\"http:\/\/vitinhhaiduong.com\/wp-content\/uploads\/2022\/02\/5333_2305_5530_compressed-300x225.jpg\" alt=\"\" width=\"300\" height=\"225\" \/> <img loading=\"lazy\" decoding=\"async\" class=\"alignnone size-medium wp-image-209\" src=\"http:\/\/vitinhhaiduong.com\/wp-content\/uploads\/2022\/02\/5530c-300x225.jpg\" alt=\"\" width=\"300\" height=\"225\" \/><\/p>\n<ul>\n<li>C\u1ea5u h\u00ecnh chi ti\u1ebft:<br \/>\n\u2013 CPU: <strong>\u00a0Intel Core i5-3310M CPU @ 2.50Ghz (3M Cache, up to 3.10 GHz)\u00a0<\/strong><br \/>\n\u2013 RAM: DDR3 4GB PC3-10600<br \/>\n\u2013 \u1ed4 c\u1ee9ng: SSD 128GB<br \/>\n\u2013 Card \u0111\u1ed3 h\u1ecda: Intel HD Graphics 4000<br \/>\n\u2013 M\u00e0n h\u00ecnh LCD 15.6&#8243; Ch\u1ed1ng ch\u00f3i HD (1366&#215;768)<br \/>\n\u2013 Wireless Intel Wifi Link 6205 AGN +Bluetooth 2.1+EDR<br \/>\n&#8211; OS: Windows 10<br \/>\n\u2013 Pin 6 cell<br \/>\n\u2013 Tr\u1ecdng l\u01b0\u1ee3ng: 2.4kg<\/li>\n<\/ul>\n","protected":false},"excerpt":{"rendered":"<div class=\"woocommerce-product-details__short-description\">\n<ul>\n<li>Laptop Dell si\u00eau b\u1ec1n b\u1ec9, gi\u00e1 c\u1ef1c r\u1ebb. Chip M \u0111\u00e1p \u1ee9ng t\u1ed1t m\u1ecdi nhu c\u1ea7u l\u00e0m vi\u1ec7c, h\u1ecdc t\u1eadp, gi\u1ea3i tr\u00ed th\u00f4ng th\u01b0\u1eddng.<\/li>\n<li>H\u1ed7 tr\u1ee3 c\u00e0i \u0111\u1eb7t ph\u1ea7n m\u1ec1m mi\u1ec5n ph\u00ed.<\/li>\n<li>H\u1ed7 tr\u1ee3 n\u00e2ng c\u1ea5p m\u00e1y n\u1ebfu kh\u00e1ch h\u00e0ng c\u00f3 nhu c\u1ea7u.<\/li>\n<li>Mi\u1ec5n ph\u00ed giao h\u00e0ng t\u1eadn nh\u00e0 trong ph\u1ea1m vi t\u1ec9nh B\u1ebfn Tre.<\/li>\n<li>B\u1ea3o h\u00e0nh 3 th\u00e1ng.<\/li>\n<li>Qu\u00e0 t\u1eb7ng k\u00e8m khi mua:<br \/>\n\u2013 Balo ho\u1eb7c t\u00fai ch\u1ed1ng s\u1ed1c<br \/>\n\u2013 Chu\u1ed9t kh\u00f4ng d\u00e2y<br \/>\n\u2013 L\u00f3t chu\u1ed9t gaming<\/li>\n<\/ul>\n<\/div>\n<div class=\"quantity\"><\/div>\n","protected":false},"featured_media":0,"template":"","meta":[],"product_brand":[],"product_cat":[43],"product_tag":[55,54,59,56],"class_list":{"0":"post-204","1":"product","2":"type-product","3":"status-publish","5":"product_cat-laptop-may-tinh-xach-tay","6":"product_tag-laptop-ben-tre","7":"product_tag-laptop-cu-gia-re","8":"product_tag-laptop-dell-e5530","9":"product_tag-laptop-dell-gia-re","11":"first","12":"instock","13":"shipping-taxable","14":"product-type-simple"},"jetpack_sharing_enabled":true,"_links":{"self":[{"href":"https:\/\/vitinhhaiduong.com\/index.php?rest_route=\/wp\/v2\/product\/204","targetHints":{"allow":["GET"]}}],"collection":[{"href":"https:\/\/vitinhhaiduong.com\/index.php?rest_route=\/wp\/v2\/product"}],"about":[{"href":"https:\/\/vitinhhaiduong.com\/index.php?rest_route=\/wp\/v2\/types\/product"}],"wp:attachment":[{"href":"https:\/\/vitinhhaiduong.com\/index.php?rest_route=%2Fwp%2Fv2%2Fmedia&parent=204"}],"wp:term":[{"taxonomy":"product_brand","embeddable":true,"href":"https:\/\/vitinhhaiduong.com\/index.php?rest_route=%2Fwp%2Fv2%2Fproduct_brand&post=204"},{"taxonomy":"product_cat","embeddable":true,"href":"https:\/\/vitinhhaiduong.com\/index.php?rest_route=%2Fwp%2Fv2%2Fproduct_cat&post=204"},{"taxonomy":"product_tag","embeddable":true,"href":"https:\/\/vitinhhaiduong.com\/index.php?rest_route=%2Fwp%2Fv2%2Fproduct_tag&post=204"}],"curies":[{"name":"wp","href":"https:\/\/api.w.org\/{rel}","templated":true}]}}