{"id":250,"date":"2022-02-24T17:05:41","date_gmt":"2022-02-24T10:05:41","guid":{"rendered":"https:\/\/vitinhhaiduong.com\/?post_type=product&#038;p=250"},"modified":"2022-02-24T17:05:42","modified_gmt":"2022-02-24T10:05:42","slug":"chuot-van-phong-hp-m10-optical-den","status":"publish","type":"product","link":"https:\/\/vitinhhaiduong.com\/?product=chuot-van-phong-hp-m10-optical-den","title":{"rendered":"Chu\u1ed9t V\u0103n Ph\u00f2ng HP M10 Optical (\u0110en)"},"content":{"rendered":"<h2><img loading=\"lazy\" decoding=\"async\" class=\"alignnone size-medium wp-image-251\" src=\"http:\/\/vitinhhaiduong.com\/wp-content\/uploads\/2022\/02\/00-300x225.jpg\" alt=\"\" width=\"300\" height=\"225\" \/><\/h2>\n<h2><strong>Th\u00f4ng s\u1ed1 k\u1ef9 thu\u1eadt\u00a0Chu\u1ed9t Simetech X2<\/strong><\/h2>\n<ul>\n<li>Chu\u1ed9t Simetech X2<\/li>\n<li>H\u00e0ng ch\u1ea5t l\u01b0\u1ee3ng \u0111\u1ea3m b\u1ea3o, \u0111\u1ed9 b\u1ec1n cao<\/li>\n<li>S\u1eed d\u1ee5ng \u0111\u01b0\u1ee3c cho c\u1ea3 PC, Laptop v\u1edbi giao ti\u1ebfp USB<\/li>\n<li>\u0110\u1ed9 nh\u1ea1y 1200 DPI, tho\u1ea3i m\u00e1i khi s\u1eed d\u1ee5ng, ch\u01a1i game m\u01b0\u1ee3t m\u00e0<\/li>\n<li>V\u1ecf nh\u1ef1a ch\u1ea5t l\u01b0\u1ee3ng t\u1ed1t, nhi\u1ec1u m\u00e0u s\u1eafc \u0111\u1ec3 l\u1ef1a ch\u1ecdn.<\/li>\n<li>Thi\u1ebft k\u1ebf \u00f4m tay, n\u00fat nh\u1ea1y.<\/li>\n<li><strong>B\u1ea3o h\u00e0nh: 12 th\u00e1ng\u00a0<\/strong><\/li>\n<\/ul>\n","protected":false},"excerpt":{"rendered":"<p>\u274cChu\u1ed9t d\u00e2y Simetech X2\u274c<\/p>\n<p>\u2705Thi\u1ebft k\u1ebf v\u1edbi \u0111\u01b0\u1eddng n\u00e9t m\u1ec1m m\u1ea1i, cho c\u1ea3m gi\u00e1c c\u1ea7m tay th\u1eadt tho\u1ea3i m\u00e1i<\/p>\n<p>\u2705B\u1ec1 m\u1eb7t tr\u01a1n b\u00f3ng d\u1ec5 d\u00e0ng v\u1ec7 sinh v\u00e0 \u00edt b\u00e1m b\u1ee5i.<\/p>\n<p>\u2705Th\u00e2n chu\u1ed9t Simetech X2 \u0111\u01b0\u1ee3c thi\u1ebft k\u1ebf thon g\u1ecdn<\/p>\n<p>\u2705\u0110\u1ed9 cong v\u1eeba ph\u1ea3i \u00f4m theo l\u00f2ng b\u00e0n tay cho c\u1ea3m gi\u00e1c c\u1ea7m n\u1eafm tho\u1ea3i m\u00e1i<\/p>\n<p>\u2705C\u00e1c n\u00fat b\u1ea5m m\u1ec1m v\u00e0 c\u00f3 \u0111\u1ed9 n\u1ea3y r\u1ea5t t\u1ed1t.<\/p>\n","protected":false},"featured_media":0,"template":"","meta":[],"product_brand":[],"product_cat":[17,38],"product_tag":[98,100,99],"class_list":{"0":"post-250","1":"product","2":"type-product","3":"status-publish","5":"product_cat-linh-kien-may-tinh-de-ban","6":"product_cat-chuot","7":"product_tag-chuot-co-day","8":"product_tag-chuot-simetech","9":"product_tag-chuot-van-phong","11":"first","12":"instock","13":"shipping-taxable","14":"purchasable","15":"product-type-simple"},"jetpack_sharing_enabled":true,"_links":{"self":[{"href":"https:\/\/vitinhhaiduong.com\/index.php?rest_route=\/wp\/v2\/product\/250","targetHints":{"allow":["GET"]}}],"collection":[{"href":"https:\/\/vitinhhaiduong.com\/index.php?rest_route=\/wp\/v2\/product"}],"about":[{"href":"https:\/\/vitinhhaiduong.com\/index.php?rest_route=\/wp\/v2\/types\/product"}],"wp:attachment":[{"href":"https:\/\/vitinhhaiduong.com\/index.php?rest_route=%2Fwp%2Fv2%2Fmedia&parent=250"}],"wp:term":[{"taxonomy":"product_brand","embeddable":true,"href":"https:\/\/vitinhhaiduong.com\/index.php?rest_route=%2Fwp%2Fv2%2Fproduct_brand&post=250"},{"taxonomy":"product_cat","embeddable":true,"href":"https:\/\/vitinhhaiduong.com\/index.php?rest_route=%2Fwp%2Fv2%2Fproduct_cat&post=250"},{"taxonomy":"product_tag","embeddable":true,"href":"https:\/\/vitinhhaiduong.com\/index.php?rest_route=%2Fwp%2Fv2%2Fproduct_tag&post=250"}],"curies":[{"name":"wp","href":"https:\/\/api.w.org\/{rel}","templated":true}]}}