{"id":261,"date":"2022-02-25T10:01:02","date_gmt":"2022-02-25T03:01:02","guid":{"rendered":"https:\/\/vitinhhaiduong.com\/?post_type=product&#038;p=261"},"modified":"2022-02-25T10:01:02","modified_gmt":"2022-02-25T03:01:02","slug":"ban-phim-gaming-logitech-g213-prodigy-co-day","status":"publish","type":"product","link":"https:\/\/vitinhhaiduong.com\/?product=ban-phim-gaming-logitech-g213-prodigy-co-day","title":{"rendered":"B\u00e0n ph\u00edm Gaming Logitech G213 Prodigy &#8211; C\u00f3 d\u00e2y"},"content":{"rendered":"<div class=\"title-tab\">\n<h3><\/h3>\n<\/div>\n<div class=\"emtry-content nd\">\n<h1><span style=\"font-size: 20px\"><strong>T\u1ed5ng quan v\u1ec1 b\u00e0n ph\u00edm Gaming Logitech G213 Prodigy<\/strong><\/span><\/h1>\n<p><img decoding=\"async\" src=\"https:\/\/laptop88.vn\/media\/product\/4441_artboard_2.png\" alt=\"\" \/><\/p>\n<p><strong>T\u1ed0I \u01afU CHO GAME TH\u1ee6<\/strong><\/p>\n<p>B\u00e0n ph\u00edm ch\u01a1i game Logitech G213 c\u00f3 c\u00e1c ph\u00edm l\u00f5m \u0111\u01b0\u1ee3c t\u00f9y ch\u1ec9nh \u0111\u1eb7c bi\u1ec7t \u0111\u1ec3 mang l\u1ea1i c\u1ea3m gi\u00e1c s\u1eed d\u1ee5ng \u01b0u vi\u1ec7t cho game th\u1ee7. C\u00e1c ph\u00edm l\u00f5m c\u01a1 h\u1ecdc c\u00f3 \u0111\u1ed9 cao l\u1edbn, kho\u1ea3ng c\u00e1ch h\u00e0nh tr\u00ecnh \u0111\u1ea7y \u0111\u1ee7 4 mm, l\u1ef1c nh\u1ea5n 50g v\u00e0 ho\u00e0n to\u00e0n y\u00ean t\u0129nh khi ho\u1ea1t \u0111\u1ed9ng.<\/p>\n<p><img decoding=\"async\" src=\"https:\/\/laptop88.vn\/media\/lib\/4441_2.png\" alt=\"\" \/><\/p>\n<p><strong>\u0110\u00c8N LED LIGHTSYNC RGB<\/strong><\/p>\n<p>G213 c\u00f3 n\u0103m v\u00f9ng LED RBB ri\u00eang, m\u1ed7i khu v\u1ef1c \u0111\u1ec1u c\u00f3 th\u1ec3 t\u00f9y ch\u1ec9nh m\u00e0u s\u1eafc l\u00ean t\u1edbi 16,8 tri\u1ec7u m\u00e0u v\u00e0 c\u00e1c m\u1ee9c \u0111\u1ed9 s\u00e1ng kh\u00e1c nhau \u0111\u1ec3 ph\u00f9 h\u1ee3p v\u1edbi phong c\u00e1ch, h\u1ec7 th\u1ed1ng hay kh\u00f4ng gian c\u1ee7a b\u1ea1n. C\u00f4ng ngh\u1ec7 LIGHTSYNC cung c\u1ea5p kh\u1ea3 n\u0103ng chi\u1ebfu s\u00e1ng RGB th\u1ebf h\u1ec7 m\u1edbi, \u0111\u1ed3ng b\u1ed9 h\u00f3a \u0111\u00e8n LED RGB v\u1edbi tr\u00f2 ch\u01a1i v\u00e0 n\u1ed9i dung c\u1ee7a b\u1ea1n. To\u00e0n b\u1ed9 c\u00e1c t\u00ednh n\u0103ng \u0111\u1ec1u c\u00f3 th\u1ec3 t\u00f9y ch\u1ec9nh nhanh ch\u00f3ng v\u00e0 d\u1ec5 d\u00e0ng b\u1eb1ng Logitech G HUB.<\/p>\n<p><img decoding=\"async\" src=\"https:\/\/laptop88.vn\/media\/lib\/4441_3.png\" alt=\"\" \/><\/p>\n<p><strong>B\u1ec0N B\u1ec8 V\u00c0 CH\u1ed0NG TR\u00c0N N\u01af\u1edaC<\/strong><\/p>\n<p>Thi\u1ebft k\u1ebf khung ph\u00edm v\u00e0 m\u00e0ng m\u1ecfng c\u1ee7a Logitech G213 \u0111\u01b0\u1ee3c ch\u1ebf t\u1ea1o v\u1edbi m\u1ecdi \u0111i\u1ec1u ki\u1ec7n h\u00e0ng ng\u00e0y. N\u1ebfu b\u1ea1n c\u00f3 l\u1ee1 l\u00e0m \u0111\u1ed5 n\u01b0\u1edbc l\u00ean ph\u00edm, G213 c\u00f3 kh\u1ea3 n\u0103ng ch\u1ed1ng n\u01b0\u1edbc \u0111\u1ed5 tr\u00e0n \u0111\u01b0\u1ee3c ki\u1ec3m nghi\u1ec7m l\u00ean t\u1edbi 60 ml.<\/p>\n<p><img decoding=\"async\" src=\"https:\/\/laptop88.vn\/media\/lib\/4441_4.png\" alt=\"\" \/><\/p>\n<p><strong>CHI\u1ebeU NGH\u1ec8 TAY R\u1ed8NG, CH\u00c2N \u0110\u1ebe 2 C\u1ea4P \u0110\u1ed8<\/strong><\/p>\n<p>G213 c\u00f3 th\u1ec3 \u0111i\u1ec1u ch\u1ec9nh g\u00f3c hai c\u1ea5p \u0111\u1ed9 cho ph\u00e9p b\u1ea1n \u0111\u1eb7t b\u00e0n ph\u00edm \u1edf v\u1ecb tr\u00ed ph\u00f9 h\u1ee3p k\u1ebft h\u1ee3p v\u1edbi chi\u1ebfu ngh\u1ec9 tay ch\u1eafc ch\u1eafn, r\u1ed9ng r\u00e3i gi\u00fap b\u1ea1n c\u00f3 th\u1ec3 ch\u01a1i li\u00ean t\u1ee5c chinh chi\u1ebfn m\u00e0 kh\u00f4ng m\u1ec7t m\u1ecfi.<\/p>\n<p><img decoding=\"async\" src=\"https:\/\/laptop88.vn\/media\/lib\/4441_5.png\" alt=\"\" \/><\/p>\n<p><strong>C\u00c1C N\u00daT \u0110I\u1ec0U KHI\u1ec2N PH\u01af\u01a0NG TI\u1ec6N CHUY\u00caN BI\u1ec6T<\/strong><\/p>\n<p>B\u00e0n ph\u00edm G213 c\u00f3 c\u00e1c ph\u00edm \u0111i\u1ec1u khi\u1ec3n ph\u01b0\u01a1ng ti\u1ec7n ri\u00eang c\u00f3 th\u1ec3 \u0111\u01b0\u1ee3c s\u1eed d\u1ee5ng \u0111\u1ec3 ph\u00e1t, d\u1eebng v\u00e0 t\u1eaft ti\u1ebfng \u00e2m nh\u1ea1c v\u00e0 video ngay l\u1eadp t\u1ee9c. \u0110i\u1ec1u ch\u1ec9nh \u00e2m l\u01b0\u1ee3ng, ho\u1eb7c b\u1ecf qua sang b\u00e0i h\u00e1t ti\u1ebfp theo v\u1edbi m\u1ed9t l\u1ea7n nh\u1ea5n n\u00fat.<\/p>\n<p><img decoding=\"async\" src=\"https:\/\/laptop88.vn\/media\/lib\/4441_6.png\" alt=\"\" \/><\/p>\n<p><strong>T\u00d9Y CH\u1ec8NH B\u1eb0NG G HUB C\u1ee6A LOGITECH<\/strong><\/p>\n<p>G HUB cho ph\u00e9p b\u1ea1n \u0111i\u1ec1u ch\u1ec9nh G213 \u0111\u1ec3 thu\u1eadn ti\u1ec7n v\u00e0 c\u00e1 nh\u00e2n h\u00f3a h\u01a1n n\u1eefa. Thi\u1ebft l\u1eadp ch\u1ee9c n\u0103ng chi\u1ebfu s\u00e1ng RGB, ti\u1ebft ki\u1ec7m th\u1eddi gian b\u1eb1ng c\u00e1ch g\u00e1n nhi\u1ec1u ch\u1ee9c n\u0103ng cho c\u00e1c ph\u00edm nh\u1ea5t \u0111\u1ecbnh c\u0169ng nh\u01b0 c\u00e0i \u0111\u1eb7t c\u00e1c ph\u00edm t\u1eaft Macro ph\u00f9 h\u1ee3p v\u1edbi b\u1ea3n th\u00e2n m\u00ecnh.<\/p>\n<p><img decoding=\"async\" src=\"https:\/\/laptop88.vn\/media\/lib\/4441_7.png\" alt=\"\" \/><\/p>\n<\/div>\n","protected":false},"excerpt":{"rendered":"<div class=\"product-summary-item-title\">Th\u00f4ng s\u1ed1 s\u1ea3n ph\u1ea9m<\/div>\n<ul id=\"js-tskt-item\" class=\"product-summary-item-ul d-flex flex-wrap mb-0\">\n<li>B\u00e0n ph\u00edm gi\u1ea3 c\u01a1 Logitech G213<\/li>\n<li>H\u1ec7 th\u1ed1ng led RGB 16.8 tri\u1ec7u m\u00e0u<\/li>\n<li>T\u00ednh n\u0103ng ch\u1ed1ng n\u01b0\u1edbc h\u1eefu \u00edch<\/li>\n<li>Khu v\u1ef1c ph\u00edm Multimedia ri\u00eang bi\u1ec7t<\/li>\n<\/ul>\n<p>&#8211; B\u1ea3o h\u00e0nh 12 th\u00e1ng 1 \u0111\u1ed5i 1<br \/>\n&#8211; Giao h\u00e0ng t\u1eadn n\u01a1i shipcod to\u00e0n qu\u1ed1c<\/p>\n","protected":false},"featured_media":0,"template":"","meta":[],"product_brand":[],"product_cat":[17,39],"product_tag":[108,110,109,112,111],"class_list":{"0":"post-261","1":"product","2":"type-product","3":"status-publish","5":"product_cat-linh-kien-may-tinh-de-ban","6":"product_cat-ban-phim","7":"product_tag-ban-phim-gaming","8":"product_tag-ban-phim-led","9":"product_tag-ban-phim-logitech","10":"product_tag-g213","11":"product_tag-logitech","13":"first","14":"instock","15":"shipping-taxable","16":"purchasable","17":"product-type-simple"},"jetpack_sharing_enabled":true,"_links":{"self":[{"href":"https:\/\/vitinhhaiduong.com\/index.php?rest_route=\/wp\/v2\/product\/261","targetHints":{"allow":["GET"]}}],"collection":[{"href":"https:\/\/vitinhhaiduong.com\/index.php?rest_route=\/wp\/v2\/product"}],"about":[{"href":"https:\/\/vitinhhaiduong.com\/index.php?rest_route=\/wp\/v2\/types\/product"}],"wp:attachment":[{"href":"https:\/\/vitinhhaiduong.com\/index.php?rest_route=%2Fwp%2Fv2%2Fmedia&parent=261"}],"wp:term":[{"taxonomy":"product_brand","embeddable":true,"href":"https:\/\/vitinhhaiduong.com\/index.php?rest_route=%2Fwp%2Fv2%2Fproduct_brand&post=261"},{"taxonomy":"product_cat","embeddable":true,"href":"https:\/\/vitinhhaiduong.com\/index.php?rest_route=%2Fwp%2Fv2%2Fproduct_cat&post=261"},{"taxonomy":"product_tag","embeddable":true,"href":"https:\/\/vitinhhaiduong.com\/index.php?rest_route=%2Fwp%2Fv2%2Fproduct_tag&post=261"}],"curies":[{"name":"wp","href":"https:\/\/api.w.org\/{rel}","templated":true}]}}