{"id":294,"date":"2022-03-11T10:34:30","date_gmt":"2022-03-11T03:34:30","guid":{"rendered":"https:\/\/vitinhhaiduong.com\/?post_type=product&#038;p=294"},"modified":"2022-03-11T10:34:31","modified_gmt":"2022-03-11T03:34:31","slug":"phan-mem-diet-virus-bao-ve-may-tinh-kaspersky-anti-virus-3-pc-1-nam","status":"publish","type":"product","link":"https:\/\/vitinhhaiduong.com\/?product=phan-mem-diet-virus-bao-ve-may-tinh-kaspersky-anti-virus-3-pc-1-nam","title":{"rendered":"PH\u1ea6N M\u1ec0M DI\u1ec6T VIRUS, B\u1ea2O V\u1ec6 M\u00c1Y T\u00cdNH KASPERSKY ANTI-VIRUS 3 PC \u2013 1 N\u0102M"},"content":{"rendered":"<p dir=\"ltr\"><strong>Ba\u0309o v\u00ea\u0323 ma\u0301y ti\u0301nh<\/strong><\/p>\n<p dir=\"ltr\">M\u00f4\u0303i loa\u0323i m\u00f4\u0301i \u0111e do\u0323a \u0111\u01b0\u01a1\u0323c x\u01b0\u0309 ly\u0301 b\u01a1\u0309i m\u00f4\u0323t tha\u0300nh ph\u00e2\u0300n chuy\u00ean du\u0323ng. Ba\u0323n c\u00f3 th\u00ea\u0309 b\u00e2\u0323t va\u0300 t\u0103\u0301t ca\u0301c tha\u0300nh ph\u00e2\u0300n ba\u0309o v\u00ea\u0323, va\u0300 c\u00e2\u0301u hi\u0300nh thi\u00ea\u0301t l\u00e2\u0323p cu\u0309a ch\u00fang.<\/p>\n<p dir=\"ltr\">Ngoa\u0300i vi\u00ea\u0323c ba\u0309o v\u00ea\u0323 th\u01a1\u0300i gian th\u01b0\u0323c \u0111\u01b0\u01a1\u0323c cung c\u00e2\u0301p b\u01a1\u0309i ca\u0301c tha\u0300nh ph\u00e2\u0300n ba\u0309o m\u00e2\u0323t, ch\u00fang t\u00f4i khuy\u00ean ba\u0323n n\u00ean th\u01b0\u01a1\u0300ng xuy\u00ean que\u0301t ma\u0301y ti\u0301nh cu\u0309a ba\u0323n \u0111\u00ea\u0309 ti\u0300m virus va\u0300 ph\u00e2\u0300n m\u00ea\u0300m \u0111\u00f4\u0323c ha\u0323i kha\u0301c. \u0110i\u00ea\u0300u na\u0300y la\u0300 c\u00e2\u0300n thi\u00ea\u0301t \u0111\u00ea\u0309 loa\u0323i tr\u01b0\u0300 kha\u0309 n\u0103ng l\u00e2y lan ca\u0301c ch\u01b0\u01a1ng tri\u0300nh \u0111\u00f4\u0323c ha\u0323i \u0111a\u0303 kh\u00f4ng \u0111\u01b0\u01a1\u0323c pha\u0301t hi\u00ea\u0323n b\u01a1\u0309i ca\u0301c tha\u0300nh ph\u00e2\u0300n ba\u0309o v\u00ea\u0323, vi\u0301 du\u0323, b\u01a1\u0309i vi\u0300 m\u00f4\u0323t t\u00e2\u0323p h\u01a1\u0323p ca\u0301c m\u01b0\u0301c \u0111\u00f4\u0323 ba\u0309o m\u00e2\u0323t th\u00e2\u0301p ho\u0103\u0323c vi\u0300 nh\u01b0\u0303ng ly\u0301 do kha\u0301c.<\/p>\n<p dir=\"ltr\">\u0110\u00ea\u0309 gi\u01b0\u0303 cho Kaspersky Anti-Virus \u0111\u01b0\u01a1\u0323c c\u00e2\u0323p nh\u00e2\u0323t, ba\u0323n c\u00e2\u0300n pha\u0309i c\u00e2\u0323p nh\u00e2\u0323t c\u01a1 s\u01a1\u0309 d\u01b0\u0303 li\u00ea\u0323u va\u0300 ca\u0301c m\u00f4-\u0111un ph\u00e2\u0300n m\u00ea\u0300m \u0111\u01b0\u01a1\u0323c s\u01b0\u0309 du\u0323ng b\u01a1\u0309i \u01b0\u0301ng du\u0323ng.<\/p>\n<p dir=\"ltr\"><strong>Ch\u00f4\u0301ng virus cho t\u00e2\u0323p tin<\/strong><\/p>\n<p dir=\"ltr\">Ch\u00f4\u0301ng virus cho t\u00e2\u0323p tin ng\u0103n ng\u01b0\u0300a nhi\u00ea\u0303m ma\u0303 \u0111\u00f4\u0323c cu\u0309a t\u00e2\u0323p tin h\u00ea\u0323 th\u00f4\u0301ng. Ca\u0301c tha\u0300nh ph\u00e2\u0300n b\u0103\u0301t \u0111\u00e2\u0300u khi kh\u01a1\u0309i \u0111\u00f4\u0323ng h\u00ea\u0323 \u0111i\u00ea\u0300u ha\u0300nh, li\u00ean tu\u0323c v\u00e2\u0303n hoa\u0323t \u0111\u00f4\u0323ng trong b\u00f4\u0323 nh\u01a1\u0301 RAM cu\u0309a ma\u0301y ti\u0301nh va\u0300 que\u0301t t\u00e2\u0301t ca\u0309 ca\u0301c t\u00e2\u0323p tin \u0111ang \u0111\u01b0\u01a1\u0323c m\u01a1\u0309, l\u01b0u ho\u0103\u0323c \u0111\u01b0a ra tr\u00ean ma\u0301y ti\u0301nh cu\u0309a ba\u0323n va\u0300 t\u00e2\u0301t ca\u0309 ca\u0301c \u00f4\u0309 \u0111i\u0303a \u0111\u01b0\u01a1\u0323c k\u00ea\u0301t n\u00f4\u0301i. Kaspersky Anti-Virus c\u00f4\u0301 g\u0103\u0301ng ch\u0103\u0323n ca\u0301c truy c\u00e2\u0323p va\u0300o m\u00f4\u0323t t\u00e2\u0323p tin va\u0300 que\u0301t ca\u0301c t\u00e2\u0323p virus \u0111\u01b0\u01a1\u0323c bi\u00ea\u0301t \u0111\u00ea\u0301n. T\u00e2\u0323p tin na\u0300y chi\u0309 c\u00f3 th\u00ea\u0309 \u0111\u01b0\u01a1\u0323c ti\u00ea\u0301p tu\u0323c truy c\u00e2\u0323p n\u00ea\u0301u no\u0301 kh\u00f4ng bi\u0323 nhi\u00ea\u0303m ma\u0303 \u0111\u00f4\u0323c ho\u0103\u0323c \u0111a\u0303 \u0111\u01b0\u01a1\u0323c \u01b0\u0301ng du\u0323ng kh\u01b0\u0309 ma\u0303 \u0111\u00f4\u0323c tha\u0300nh c\u00f4ng. N\u00ea\u0301u m\u00f4\u0323t t\u00e2\u0323p tin kh\u00f4ng th\u00ea\u0309 \u0111\u01b0\u01a1\u0323c kh\u01b0\u0309 ma\u0303 \u0111\u00f4\u0323c vi\u0300 ly\u0301 do na\u0300o \u0111\u00f3, n\u00f3 se\u0303 bi\u0323 x\u00f3a. M\u00f4\u0323t ba\u0309n sao cu\u0309a t\u00e2\u0323p tin se\u0303 \u0111\u01b0\u01a1\u0323c chuy\u00ea\u0309n \u0111\u00ea\u0301n V\u00f9ng ca\u0301ch ly. N\u00ea\u0301u m\u00f4\u0323t t\u00e2\u0323p tin nhi\u00ea\u0303m virus bi\u0323 \u0111\u0103\u0323t trong c\u00f9ng \u0111i\u0323a \u0111i\u00ea\u0309m ma\u0300 \u01a1\u0309 \u0111\u00f3 t\u01b0\u0300ng c\u00f3 m\u00f4\u0323t t\u00e2\u0323p tin c\u00f3 c\u00f9ng t\u00ean \u0111a\u0303 bi\u0323 x\u00f3a, V\u00f9ng ca\u0301ch ly se\u0303 chi\u0309 l\u01b0u ba\u0309n sao cu\u0309a t\u00e2\u0323p tin m\u01a1\u0301i nh\u00e2\u0301t. M\u00f4\u0323t ba\u0309n sao cu\u0309a t\u00e2\u0323p tin c\u00f3 c\u00f9ng t\u00ean tr\u01b0\u01a1\u0301c \u0111\u00f3 se\u0303 kh\u00f4ng \u0111\u01b0\u01a1\u0323c l\u01b0u la\u0323i.<\/p>\n<p dir=\"ltr\"><strong>Ch\u00f4\u0301ng virus cho th\u01b0 \u0111i\u00ea\u0323n t\u01b0\u0309<\/strong><\/p>\n<p dir=\"ltr\">Ch\u00f4\u0301ng virus cho th\u01b0 \u0111i\u00ea\u0323n t\u01b0\u0309 que\u0301t th\u01b0 \u0111i\u00ea\u0323n t\u01b0\u0309 va\u0300o va\u0300 ra tr\u00ean ma\u0301y ti\u0301nh cu\u0309a ba\u0323n. Th\u01b0 \u0111i\u00ea\u0323n t\u01b0\u0309 c\u00f3 s\u0103\u0303n se\u0303 \u0111\u00ea\u0301n ng\u01b0\u01a1\u0300i nh\u00e2\u0323n chi\u0309 khi n\u00f3 kh\u00f4ng ch\u01b0\u0301a ca\u0301c \u0111\u00f4\u0301i t\u01b0\u01a1\u0323ng nguy hi\u00ea\u0309m.<\/p>\n<p dir=\"ltr\"><strong>Ch\u00f4\u0301ng virus cho web<\/strong><\/p>\n<p dir=\"ltr\">Ch\u00f4\u0301ng virus cho web ch\u0103\u0323n va\u0300 ng\u0103n ch\u0103\u0323n vi\u00ea\u0323c th\u01b0\u0323c hi\u00ea\u0323n ki\u0323ch ba\u0309n tr\u00ean ca\u0301c website n\u00ea\u0301u ch\u00fang \u0111\u0103\u0323t ra m\u00f4\u0323t m\u00f4\u0301i \u0111e do\u0323a. Ch\u00f4\u0301ng virus cho web cu\u0303ng theo do\u0303i t\u00e2\u0301t ca\u0309 ca\u0301c l\u01b0u l\u01b0\u01a1\u0323ng web va\u0300 ng\u0103n ch\u0103\u0323n truy c\u00e2\u0323p \u0111\u00ea\u0301n ca\u0301c website nguy hi\u00ea\u0309m.<\/p>\n<p dir=\"ltr\"><strong>Ch\u00f4\u0301ng virus cho tin nh\u0103\u0301n<\/strong><\/p>\n<p dir=\"ltr\">Ch\u00f4\u0301ng virus cho tin nh\u0103\u0301n \u0111a\u0309m ba\u0309o vi\u00ea\u0323c s\u01b0\u0309 du\u0323ng an toa\u0300n ca\u0301c tri\u0300nh kha\u0301ch nh\u0103\u0301n tin t\u01b0\u0301c thi\u0300. Ch\u00f4\u0301ng virus cho tin nh\u0103\u0301n \u0111a\u0309m ba\u0309o vi\u00ea\u0323c s\u01b0\u0309 du\u0323ng an toa\u0300n ca\u0301c \u01b0\u0301ng du\u0323ng nh\u0103\u0301n tin nhanh. Ch\u00f4\u0301ng virus cho tin nh\u0103\u0301n \u0111a\u0309m ba\u0309o hoa\u0323t \u0111\u00f4\u0323ng an toa\u0300n cu\u0309a ca\u0301c \u01b0\u0301ng du\u0323ng kha\u0301c nhau cho ca\u0301c tin nh\u0103\u0301n t\u01b0\u0301c th\u01a1\u0300i.<\/p>\n<p dir=\"ltr\"><strong>Gia\u0301m sa\u0301t h\u00ea\u0323 th\u00f4\u0301ng<\/strong><\/p>\n<p dir=\"ltr\">Tha\u0300nh ph\u00e2\u0300n Gia\u0301m sa\u0301t h\u00ea\u0323 th\u00f4\u0301ng se\u0303 quay lui ca\u0301c thay \u0111\u00f4\u0309i ma\u0300 hoa\u0323t \u0111\u00f4\u0323ng \u0111\u00f4\u0323c ha\u0323i ho\u0103\u0323c hoa\u0323t \u0111\u00f4\u0323ng kha\u0301c cu\u0309a \u01b0\u0301ng du\u0323ng \u0111a\u0303 th\u01b0\u0323c hi\u00ea\u0323n \u0111\u00f4\u0301i v\u01a1\u0301i h\u00ea\u0323 \u0111i\u00ea\u0300u ha\u0300nh.<\/p>\n<p dir=\"ltr\">Tha\u0300nh ph\u00e2\u0300n c\u00f3 ch\u01b0\u0301c n\u0103ng ba\u0309o v\u00ea\u0323 kho\u0309i ph\u00e2\u0300n m\u00ea\u0300m \u0111\u00f4\u0323c ha\u0323i, bao g\u00f4\u0300m:<\/p>\n<ul>\n<li>\n<p dir=\"ltr\">Ma\u0303 khai tha\u0301c<\/p>\n<\/li>\n<li>\n<p dir=\"ltr\">Tri\u0300nh kh\u00f3a ma\u0300n hi\u0300nh<\/p>\n<\/li>\n<li>\n<p dir=\"ltr\">Tri\u0300nh ma\u0303 ho\u0301a<\/p>\n<\/li>\n<li>\n<p dir=\"ltr\">Ph\u00e2\u0300n m\u00ea\u0300m \u0111o\u0300i ti\u00ea\u0300n chu\u00f4\u0323c ma\u0303 h\u00f3a d\u01b0\u0303 li\u00ea\u0323u ho\u0103\u0323c ch\u0103\u0323n hoa\u0323t \u0111\u00f4\u0323ng truy c\u00e2\u0323p t\u00e2\u0323p tin ho\u0103\u0323c h\u00ea\u0323 th\u00f4\u0301ng va\u0300 \u0111o\u0300i ti\u00ea\u0300n chu\u00f4\u0323c \u0111\u00ea\u0309 kh\u00f4i phu\u0323c t\u00e2\u0323p tin ho\u0103\u0323c truy c\u00e2\u0323p ch\u00fang.<\/p>\n<\/li>\n<\/ul>\n<p dir=\"ltr\"><strong>Ng\u0103n ch\u0103\u0323n t\u00e2\u0301n c\u00f4ng ma\u0323ng<\/strong><\/p>\n<p dir=\"ltr\">Ng\u0103n ch\u0103\u0323n t\u00e2\u0301n c\u00f4ng ma\u0323ng b\u0103\u0301t \u0111\u00e2\u0300u khi h\u00ea\u0323 \u0111i\u00ea\u0300u ha\u0300nh kh\u01a1\u0309i \u0111\u00f4\u0323ng va\u0300 theo do\u0303i l\u01b0u l\u01b0\u01a1\u0323ng ma\u0323ng cho ca\u0301c hoa\u0323t \u0111\u00f4\u0323ng \u0111\u0103\u0323c tr\u01b0ng cu\u0309a ca\u0301c cu\u00f4\u0323c t\u00e2\u0301n c\u00f4ng ma\u0323ng. M\u00f4\u0323t khi m\u00f4\u0323t n\u00f4\u0303 l\u01b0\u0323c \u0111\u00ea\u0309 t\u00e2\u0301n c\u00f4ng ma\u0301y ti\u0301nh cu\u0309a ba\u0323n \u0111\u01b0\u01a1\u0323c pha\u0301t hi\u00ea\u0323n, Kaspersky Anti-Virus se\u0303 khoa\u0301 b\u00e2\u0301t ky\u0300 hoa\u0323t \u0111\u00f4\u0323ng ma\u0323ng t\u00e2\u0301n c\u00f4ng v\u00ea\u0300 phi\u0301a ma\u0301y ba\u0323n.<\/p>\n<p dir=\"ltr\"><strong>Ch\u00f4\u0301ng l\u01b0\u0300a \u0111a\u0309o<\/strong><\/p>\n<p dir=\"ltr\">Ch\u00f4\u0301ng l\u01b0\u0300a \u0111a\u0309o cho phe\u0301p ki\u00ea\u0309m tra URL \u0111\u00ea\u0309 ti\u0300m hi\u00ea\u0309u xem ch\u00fang c\u00f3 trong danh sa\u0301ch l\u01b0\u0300a \u0111a\u0309o hay kh\u00f4ng. Tha\u0300nh ph\u00e2\u0300n na\u0300y \u0111\u01b0\u01a1\u0323c ti\u0301ch h\u01a1\u0323p va\u0300o Ch\u00f4\u0301ng virus cho web va\u0300 Ch\u00f4\u0301ng virus cho tin nh\u0103\u0301n.<\/p>\n<p dir=\"ltr\"><strong>Ba\u0300n ph\u00edm a\u0309o<\/strong><\/p>\n<p dir=\"ltr\">Ba\u0300n phi\u0301m a\u0309o ng\u0103n ng\u01b0\u0300a nguy c\u01a1 \u0111a\u0301nh c\u0103\u0301p d\u01b0\u0303 li\u00ea\u0323u nh\u00e2\u0323p va\u0300o tr\u00ean ba\u0300n phi\u0301m c\u01b0\u0301ng va\u0300 ba\u0309o v\u00ea\u0323 d\u01b0\u0303 li\u00ea\u0323u ca\u0301 nh\u00e2n kho\u0309i bi\u0323 \u0111a\u0301nh c\u0103\u0301p qua chu\u0323p a\u0309nh ma\u0300n hi\u0300nh.<\/p>\n<p dir=\"ltr\"><strong>My Kaspersky<\/strong><\/p>\n<p dir=\"ltr\">N\u00ea\u0301u m\u00f4\u0323t ma\u0301y t\u00ednh \u0111\u01b0\u01a1\u0323c ca\u0300i \u0111\u0103\u0323t Kaspersky Anti-Virus, ba\u0323n co\u0301 th\u00ea\u0309 qua\u0309n ly\u0301 t\u00ednh n\u0103ng ba\u0309o v\u00ea\u0323 cu\u0309a ma\u0301y t\u00ednh \u0111o\u0301 t\u01b0\u0300 xa th\u00f4ng qua website My Kaspersky.<\/p>\n<p dir=\"ltr\"><strong>K\u00ea\u0301t n\u00f4\u0301i ba\u0309o m\u00e2\u0323t<\/strong><\/p>\n<p dir=\"ltr\">Kaspersky Anti-Virus ba\u0309o v\u00ea\u0323 d\u01b0\u0303 li\u00ea\u0323u cu\u0309a ba\u0323n khi k\u00ea\u0301t n\u00f4\u0301i \u0111\u00ea\u0301n ca\u0301c ma\u0323ng Wi-Fi kh\u00f4ng ba\u0309o m\u00e2\u0323t.<\/p>\n","protected":false},"excerpt":{"rendered":"<div class=\"product-des\">\n<p>V\u1edbi ph\u1ea7n l\u1edbn d\u01b0\u0303 li\u00ea\u0323u \u0111\u01a1\u0300i s\u00f4\u0301ng \u0111\u01b0\u1ee3c l\u01b0u tr\u1eef tr\u00ean m\u00e1y t\u00ednh c\u1ee7a b\u1ea1n, \u0111i\u1ec1u quan tr\u1ecdng l\u00e0 b\u1ea1n l\u00e0m t\u1ea5t c\u1ea3 nh\u1eefng g\u00ec c\u00f3 th\u1ec3 \u0111\u1ec3 b\u1ea3o v\u1ec7 n\u00f3.<\/p>\n<p>Kaspersky Anti-Virus l\u00e0 c\u00e1ch th\u00f4ng minh \u0111\u1ec3 b\u1ea3o v\u1ec7 m\u1ecdi th\u1ee9 tr\u00ean PC c\u1ee7a b\u1ea1n \u2026 \u0111\u1ec3 gi\u00fap b\u1ea1n tr\u00e1nh kh\u1ecfi virus, nh\u01b0\u0303ng ph\u00e2\u0300n m\u00ea\u0300m gia\u0301n \u0111i\u00ea\u0323p \u2013 v\u00e0 gi\u00fap ng\u0103n ch\u1eb7n virus ma\u0303 ho\u0301a kh\u00f3a t\u1ea5t c\u1ea3 c\u00e1c t\u1ec7p c\u1ee7a b\u1ea1n.<\/p>\n<\/div>\n<div class=\"porlet\">\n<div class=\"row align-middle \">\n<div class=\"column\">\n<div class=\"luuY\">\n<ul>\n<li>B\u1ea3o v\u1ec7 ch\u1ed1ng l\u1ea1i virus, virus ma\u0303 ho\u0301a v\u00e0 h\u01a1n th\u1ebf n\u1eefa<\/li>\n<li>Cho ph\u00e9p m\u00e1y t\u00ednh c\u1ee7a b\u1ea1n th\u1ef1c thi nh\u01b0\u0303ng ta\u0301c vu\u0323 cu\u0309a no\u0301<\/li>\n<li>\u0110\u01a1n gi\u1ea3n h\u00f3a an ninh \u2013 v\u1edbi ki\u1ec3m so\u00e1t tr\u1ef1c tuy\u1ebfn<\/li>\n<\/ul>\n<\/div>\n<\/div>\n<\/div>\n<\/div>\n","protected":false},"featured_media":0,"template":"","meta":[],"product_brand":[],"product_cat":[41],"product_tag":[136,137,135,134],"class_list":{"0":"post-294","1":"product","2":"type-product","3":"status-publish","5":"product_cat-thiet-bi-tin-hoc-khac","6":"product_tag-diet-virus-may-tinh","7":"product_tag-kaspersky","8":"product_tag-phan-mem-bao-ve-may-tinh","9":"product_tag-phan-mem-diet-virus","11":"first","12":"instock","13":"shipping-taxable","14":"purchasable","15":"product-type-simple"},"jetpack_sharing_enabled":true,"_links":{"self":[{"href":"https:\/\/vitinhhaiduong.com\/index.php?rest_route=\/wp\/v2\/product\/294","targetHints":{"allow":["GET"]}}],"collection":[{"href":"https:\/\/vitinhhaiduong.com\/index.php?rest_route=\/wp\/v2\/product"}],"about":[{"href":"https:\/\/vitinhhaiduong.com\/index.php?rest_route=\/wp\/v2\/types\/product"}],"wp:attachment":[{"href":"https:\/\/vitinhhaiduong.com\/index.php?rest_route=%2Fwp%2Fv2%2Fmedia&parent=294"}],"wp:term":[{"taxonomy":"product_brand","embeddable":true,"href":"https:\/\/vitinhhaiduong.com\/index.php?rest_route=%2Fwp%2Fv2%2Fproduct_brand&post=294"},{"taxonomy":"product_cat","embeddable":true,"href":"https:\/\/vitinhhaiduong.com\/index.php?rest_route=%2Fwp%2Fv2%2Fproduct_cat&post=294"},{"taxonomy":"product_tag","embeddable":true,"href":"https:\/\/vitinhhaiduong.com\/index.php?rest_route=%2Fwp%2Fv2%2Fproduct_tag&post=294"}],"curies":[{"name":"wp","href":"https:\/\/api.w.org\/{rel}","templated":true}]}}