{"id":325,"date":"2022-03-14T09:06:35","date_gmt":"2022-03-14T02:06:35","guid":{"rendered":"https:\/\/vitinhhaiduong.com\/?post_type=product&#038;p=325"},"modified":"2022-03-14T09:16:18","modified_gmt":"2022-03-14T02:16:18","slug":"nguon-may-tinh-xigmatek-x-power-iii-450-400w-en45969-cong-suat-thuc","status":"publish","type":"product","link":"https:\/\/vitinhhaiduong.com\/?product=nguon-may-tinh-xigmatek-x-power-iii-450-400w-en45969-cong-suat-thuc","title":{"rendered":"Ngu\u1ed3n m\u00e1y t\u00ednh Xigmatek X-POWER III 450 &#8211; 400W EN45969 (C\u00f4ng su\u1ea5t th\u1ef1c)"},"content":{"rendered":"<p class=\"title\"><span style=\"font-size: 24px\"><span style=\"font-size: 20px\"><strong>Ngu\u1ed3n m\u00e1y t\u00ednh Xigmatek X-POWER III 450 &#8211; 400W<\/strong><\/span><br \/>\n<\/span>L\u00e0 m\u1ed9t s\u1ea3n ph\u1ea9m ngu\u1ed3n m\u00e1y t\u00ednh t\u1eeb th\u01b0\u01a1ng hi\u1ec7u Xigmatek kh\u00e1 quen thu\u1ed9c v\u1edbi ng\u01b0\u1eddi d\u00f9ng Vi\u1ec7t Nam, Ngu\u00f4\u0300n Xigmatek X-POWER III 450 EN45969 400W l\u00e0 s\u1ea3n ph\u1ea9m ngu\u1ed3n X-Power m\u1edbi nh\u1ea5t, d\u00e0nh cho c\u00e1c m\u00e1y t\u00ednh ch\u01a1i game c\u1ea5u h\u00ecnh t\u1ea7m trung v\u1edbi gi\u00e1 c\u1ea3 ph\u1ea3i ch\u0103ng v\u00e0 ho\u1ea1t \u0111\u1ed9ng \u1ed5n \u0111\u1ecbnh.<\/p>\n<div class=\"overflow-hidden js-static-content\">\n<p><img decoding=\"async\" src=\"https:\/\/anphat.com.vn\/media\/lib\/34840_78.jpg\" alt=\"\" \/><\/p>\n<\/div>\n","protected":false},"excerpt":{"rendered":"<p>&#8211; C\u00f4ng su\u1ea5t : 400W<br \/>\n&#8211; Qu\u1ea1t h\u1ec7 th\u1ed1ng : 12cm Fan x1<br \/>\n&#8211; Hi\u1ec7u su\u1ea5t 85%<br \/>\n&#8211; Tu\u1ed5i th\u1ecd 100,000 gi\u1edd<br \/>\n&#8211; K\u00edch th\u01b0\u1edbc 150 x 85 x 140 (mm)<br \/>\n&#8211; Output: +12V 27A (324W)<br \/>\n&#8211; C\u1ed5ng k\u1ebft n\u1ed1i: 20 + 4 pin x1 \/ CPU 4 + 4 pin x2 \/ PCI-E 6 + 2 pin x1 \/ SATA x4 \/ Molex 4 pin x2<br \/>\n&#8211; B\u1ea3o h\u00e0nh 12 Th\u00e1ng.<br \/>\n&#8211; Giao h\u00e0ng t\u1eadn n\u01a1i to\u00e0n qu\u1ed1c.<\/p>\n","protected":false},"featured_media":0,"template":"","meta":[],"product_brand":[],"product_cat":[17,35],"product_tag":[155,159,157,158,156],"class_list":{"0":"post-325","1":"product","2":"type-product","3":"status-publish","5":"product_cat-linh-kien-may-tinh-de-ban","6":"product_cat-nguon","7":"product_tag-nguon-400w","8":"product_tag-nguon-cong-suat-thuc","9":"product_tag-nguon-may-tinh-de-ban","10":"product_tag-nguon-pc-400w","11":"product_tag-x-power","13":"first","14":"instock","15":"shipping-taxable","16":"purchasable","17":"product-type-simple"},"jetpack_sharing_enabled":true,"_links":{"self":[{"href":"https:\/\/vitinhhaiduong.com\/index.php?rest_route=\/wp\/v2\/product\/325","targetHints":{"allow":["GET"]}}],"collection":[{"href":"https:\/\/vitinhhaiduong.com\/index.php?rest_route=\/wp\/v2\/product"}],"about":[{"href":"https:\/\/vitinhhaiduong.com\/index.php?rest_route=\/wp\/v2\/types\/product"}],"wp:attachment":[{"href":"https:\/\/vitinhhaiduong.com\/index.php?rest_route=%2Fwp%2Fv2%2Fmedia&parent=325"}],"wp:term":[{"taxonomy":"product_brand","embeddable":true,"href":"https:\/\/vitinhhaiduong.com\/index.php?rest_route=%2Fwp%2Fv2%2Fproduct_brand&post=325"},{"taxonomy":"product_cat","embeddable":true,"href":"https:\/\/vitinhhaiduong.com\/index.php?rest_route=%2Fwp%2Fv2%2Fproduct_cat&post=325"},{"taxonomy":"product_tag","embeddable":true,"href":"https:\/\/vitinhhaiduong.com\/index.php?rest_route=%2Fwp%2Fv2%2Fproduct_tag&post=325"}],"curies":[{"name":"wp","href":"https:\/\/api.w.org\/{rel}","templated":true}]}}