{"id":358,"date":"2022-04-01T14:53:23","date_gmt":"2022-04-01T07:53:23","guid":{"rendered":"https:\/\/vitinhhaiduong.com\/?post_type=product&#038;p=358"},"modified":"2022-04-01T14:53:23","modified_gmt":"2022-04-01T07:53:23","slug":"tai-nghe-gaming-cakorn-g4-co-day-vt-hang-chinh-hang","status":"publish","type":"product","link":"https:\/\/vitinhhaiduong.com\/?product=tai-nghe-gaming-cakorn-g4-co-day-vt-hang-chinh-hang","title":{"rendered":"Tai nghe GAMING CAKORN G4 (C\u00f3 d\u00e2y) VT &#8211; H\u00e0ng ch\u00ednh h\u00e3ng"},"content":{"rendered":"<h2 class=\"BlockTitle__Wrapper-sc-qpz3fo-0 eHltcn\">Th\u00f4ng Tin Chi Ti\u1ebft<\/p>\n<p><img loading=\"lazy\" decoding=\"async\" class=\"alignnone size-medium wp-image-359\" style=\"font-size: 16px;font-weight: 400\" src=\"http:\/\/vitinhhaiduong.com\/wp-content\/uploads\/2022\/04\/879049321f7a0d89d671ffb49158ae6b-294x300.jpg\" alt=\"\" width=\"294\" height=\"300\" \/><\/h2>\n<div class=\"content has-table\">\n<table style=\"width: 48.0972%;height: 75px\">\n<tbody>\n<tr>\n<td>Th\u01b0\u01a1ng hi\u1ec7u<\/td>\n<td>Cakorn<\/td>\n<\/tr>\n<tr>\n<td>Xu\u1ea5t x\u1ee9 th\u01b0\u01a1ng hi\u1ec7u<\/td>\n<td>Trung Qu\u1ed1c<\/td>\n<\/tr>\n<tr>\n<td>Xu\u1ea5t x\u1ee9<\/td>\n<td>Trung Qu\u1ed1c<\/td>\n<\/tr>\n<\/tbody>\n<\/table>\n<p>&#8211; Ch\u00fang t\u00f4i kh\u00f4ng cung c\u1ea5p l\u1ef1a ch\u1ecdn m\u00e0u s\u1eafc ch\u00fang t\u00f4i s\u1ebd g\u1eedi m\u00e0u ng\u1eabu nhi\u00ean m\u1ed7i m\u00e0u \u0111\u1ec1u r\u1ea5t xinh.<br \/>\n&#8211; Do ch\u00eanh l\u1ec7ch c\u00e0i \u0111\u1eb7t \u00e1nh s\u00e1ng v\u00e0 m\u00e0n h\u00ecnh m\u00e0u s\u1eafc c\u1ee7a s\u1ea3n ph\u1ea9m c\u00f3 th\u1ec3 h\u01a1i kh\u00e1c so v\u1edbi h\u00ecnh \u1ea3nh.<br \/>\n&#8211; Vui l\u00f2ng cho ph\u00e9p ch\u00eanh l\u1ec7ch k\u00edch th\u01b0\u1edbc nh\u1ecf do \u0111o l\u01b0\u1eddng th\u1ee7 c\u00f4ng kh\u00e1c nhau.<\/p>\n<\/div>\n","protected":false},"excerpt":{"rendered":"<p>Tai nghe gaming ch\u1ea5t l\u01b0\u1ee3ng cao<br \/>\nC\u1ed5ng k\u1ebft n\u1ed1i USB\u00a0 + jack 3.5mm cho ph\u00e9p k\u1ebft n\u1ed1i \u0111a d\u1ea1ng, th\u00edch h\u1ee3p nhi\u1ec1u thi\u1ebft b\u1ecb<br \/>\nB\u1ea3o h\u00e0nh 6 th\u00e1ng 1 \u0111\u1ed5i 1<br \/>\nGiao h\u00e0ng t\u1eadn n\u01a1i shipcod to\u00e0n qu\u1ed1c<\/p>\n","protected":false},"featured_media":0,"template":"","meta":[],"product_brand":[],"product_cat":[17,37],"product_tag":[175,173,176,174],"class_list":{"0":"post-358","1":"product","2":"type-product","3":"status-publish","5":"product_cat-linh-kien-may-tinh-de-ban","6":"product_cat-tai-nghe-tai-phone","7":"product_tag-headphone","8":"product_tag-tai-nghe-gaming","9":"product_tag-tai-nghe-rgb","10":"product_tag-tai-phone","12":"first","13":"instock","14":"shipping-taxable","15":"purchasable","16":"product-type-simple"},"jetpack_sharing_enabled":true,"_links":{"self":[{"href":"https:\/\/vitinhhaiduong.com\/index.php?rest_route=\/wp\/v2\/product\/358","targetHints":{"allow":["GET"]}}],"collection":[{"href":"https:\/\/vitinhhaiduong.com\/index.php?rest_route=\/wp\/v2\/product"}],"about":[{"href":"https:\/\/vitinhhaiduong.com\/index.php?rest_route=\/wp\/v2\/types\/product"}],"wp:attachment":[{"href":"https:\/\/vitinhhaiduong.com\/index.php?rest_route=%2Fwp%2Fv2%2Fmedia&parent=358"}],"wp:term":[{"taxonomy":"product_brand","embeddable":true,"href":"https:\/\/vitinhhaiduong.com\/index.php?rest_route=%2Fwp%2Fv2%2Fproduct_brand&post=358"},{"taxonomy":"product_cat","embeddable":true,"href":"https:\/\/vitinhhaiduong.com\/index.php?rest_route=%2Fwp%2Fv2%2Fproduct_cat&post=358"},{"taxonomy":"product_tag","embeddable":true,"href":"https:\/\/vitinhhaiduong.com\/index.php?rest_route=%2Fwp%2Fv2%2Fproduct_tag&post=358"}],"curies":[{"name":"wp","href":"https:\/\/api.w.org\/{rel}","templated":true}]}}