{"id":371,"date":"2022-04-04T09:50:49","date_gmt":"2022-04-04T02:50:49","guid":{"rendered":"https:\/\/vitinhhaiduong.com\/?post_type=product&#038;p=371"},"modified":"2022-04-04T09:50:49","modified_gmt":"2022-04-04T02:50:49","slug":"laptop-cu-dell-latitude-e7250-intel-core-i5","status":"publish","type":"product","link":"https:\/\/vitinhhaiduong.com\/?product=laptop-cu-dell-latitude-e7250-intel-core-i5","title":{"rendered":"Laptop C\u0169 Dell Latitude E7250 &#8211; Intel Core i5"},"content":{"rendered":"<h2>Dell Latitude E7250 i5 &#8211; Thi\u1ebft k\u1ebf si\u00eau g\u1ecdn nh\u1eb9 d\u1ec5 di chuy\u1ec3n<\/h2>\n<p><strong>Dell Latitude E7250 i5<\/strong> c\u00f3 k\u00edch th\u01b0\u1edbc 19.4&#215;310.5x211mm v\u00e0 c\u00e2n n\u1eb7ng 1.34kg. V\u1edbi k\u00edch th\u01b0\u1edbc v\u00e0 c\u00e2n n\u1eb7ng nh\u01b0 v\u1eady, c\u00f3 th\u1ec3 th\u1ea5y E7250 l\u00e0 m\u1ed9t chi\u1ebfc ultrabook r\u1ea5t m\u1ecfng nh\u1eb9, c\u00f3 th\u1ec3 mang theo m\u1ecdi l\u00fac, m\u1ecdi n\u01a1i.<\/p>\n<p><strong>\u00a0<\/strong>Khung th\u00e2n m\u00e1y v\u00e0 khung n\u1eafp m\u00e1y \u0111\u01b0\u1ee3c l\u00e0m t\u1eeb h\u1ee3p kim Magie v\u1eeba sang tr\u1ecdng l\u1ea1i c\u00f3 t\u00ednh b\u1ec1n cao. Ph\u1ea7n n\u1eafp c\u1ee7a m\u00e1y \u0111\u01b0\u1ee3c gia c\u1ed1 b\u1edfi s\u1ee3i Carbon l\u00e0m t\u0103ng th\u00eam v\u1ebb ngo\u00e0i chuy\u00ean nghi\u1ec7p cho ng\u01b0\u1eddi d\u00f9ng.<\/p>\n<p><img decoding=\"async\" src=\"https:\/\/laptop88.vn\/media\/lib\/26-05-2021\/dsc00250-min.jpg\" alt=\"\" \/><\/p>\n<p>B\u1ea3n l\u1ec1 c\u1ee7a E7250 \u0111\u01b0\u1ee3c l\u00e0m b\u1eb1ng kim lo\u1ea1i, g\u1eafn k\u1ebft gi\u1eefa m\u00e0n h\u00ecnh v\u00e0 th\u00e2n m\u00e1y kh\u00e1 l\u00e0 ch\u1eafc ch\u1eafn. Khi g\u00f5 ph\u00edm kh\u00f4ng h\u1ec1 c\u00f3 hi\u1ec7n t\u01b0\u1ee3ng m\u00e0n h\u00ecnh b\u1ecb rung. Ngo\u00e0i ra, ng\u01b0\u1eddi d\u00f9ng c\u0169ng ho\u00e0n to\u00e0n c\u00f3 th\u1ec3 m\u1edf\/ \u0111\u00f3ng m\u00e1y d\u1ec5 d\u00e0ng b\u1eb1ng 1 tay.<\/p>\n<h2>Dell Latitude E7250 i5 &#8211; Hi\u1ec7u n\u0103ng \u1ed5n \u0111\u1ecbnh \u0111\u1ec3 l\u00e0m v\u0103n ph\u00f2ng<\/h2>\n<p>V\u1ec1 hi\u1ec7u n\u0103ng, <strong>Dell Latitude E7250 i5<\/strong> \u0111\u01b0\u1ee3c trang b\u1ecb b\u1ed9 vi x\u1eed l\u00fd g\u1ed3m chip i5 \u0111\u1eddi 5 5200U, RAM 4GB DDR3 1600MHz, \u1ed5 c\u1ee9ng SSD 120GB v\u00e0 card \u0111\u1ed3 h\u1ecda onboard Intel HD Graphics 5500. V\u1edbi c\u1ea5u h\u00ecnh tr\u00ean, Dell Latitude E7250 c\u00f3 th\u1ec3 ph\u1ee5c v\u1ee5 t\u1ed1t c\u00e1c ch\u01b0\u01a1ng tr\u00ecnh v\u0103n ph\u00f2ng nh\u01b0 Word, Excel, Powerpoint,&#8230; Khi l\u01b0\u1edbt web, b\u1ea1n c\u00f3 th\u1ec3\u00a0 m\u1edf c\u1ea3 ch\u1ee5c tab Chrome m\u00e0 m\u00e1y v\u1eabn kh\u00f4ng c\u00f3 hi\u1ec7n t\u01b0\u1ee3ng b\u1ecb treo.<\/p>\n<p><strong>B\u00e0n ph\u00edm g\u00f5 \u00eam tay<\/strong><\/p>\n<p>Dell Latitude E7250 \u0111\u01b0\u1ee3c trang b\u1ecb b\u00e0n ph\u00edm c\u1ee1 trung, h\u00e0nh tr\u00ecnh ph\u00edm s\u00e2u, c\u00e1c ph\u00edm c\u00f3 \u0111\u1ed9 n\u1ea3y t\u1ed1t t\u1ea1o c\u1ea3m gi\u00e1c g\u00f5 ph\u00edm c\u1ef1c \u00eam. B\u1ec1 m\u1eb7t c\u00e1c ph\u00edm c\u00f3 \u0111\u1ed9 cong v\u1eeba ph\u1ea3i, \u00f4m tr\u1ecdn \u0111\u1ea7u ng\u00f3n tay h\u1ed7 tr\u1ee3 ng\u01b0\u1eddi d\u00f9ng g\u00f5 m\u00e1y ch\u00ednh x\u00e1c v\u00e0 kh\u00f4ng b\u1ecb \u00ea, m\u1ecfi tay khi ph\u1ea3i so\u1ea1n th\u1ea3o v\u0103n b\u1ea3n trong th\u1eddi gian d\u00e0i.<\/p>\n<p>Ngo\u00e0i ra, b\u00e0n ph\u00edm c\u1ee7a Dell Latitude E7250 c\u00f2n c\u00f3 h\u1ec7 th\u1ed1ng \u0111\u00e8n n\u1ec1n v\u1edbi 3 \u0111\u1ed9 s\u00e1ng kh\u00e1c nhau, ng\u01b0\u1eddi d\u00f9ng c\u00f3 th\u1ec3 t\u00f9y ch\u1ec9nh \u0111\u1ec3 l\u00e0m vi\u1ec7c trong nh\u1eefng \u0111i\u1ec1u ki\u1ec7n \u00e1nh s\u00e1ng nh\u1ea5t \u0111\u1ecbnh.<\/p>\n<p><strong><img decoding=\"async\" src=\"https:\/\/laptop88.vn\/media\/lib\/26-05-2021\/dsc002541-min.jpg\" alt=\"\" \/><\/strong><\/p>\n<p>Dell \u0111\u00e3 t\u1ed1i \u01b0u r\u1ea5t t\u1ed1t \u0111\u1ec3 c\u00e2n b\u1eb1ng gi\u1eefa k\u00edch th\u01b0\u1edbc b\u00e0n ph\u00edm v\u00e0 touchpad c\u1ee7a Dell Latitude E7250. B\u1ec1 m\u1eb7t touchpad h\u01a1i th\u00f4 m\u1ed9t ch\u00fat nh\u01b0ng v\u1eabn cho c\u1ea3m gi\u00e1c di tay \u00eam, d\u1ec5 ch\u1ecbu. Touchpad h\u1ed7 tr\u1ee3 ch\u1ea1m \u0111a \u0111i\u1ec3m l\u00ean t\u1edbi 4 ng\u00f3n, ph\u00eda d\u01b0\u1edbi c\u00f3 2 ph\u00edm chu\u1ed9t tr\u00e1i, chu\u1ed9t ph\u1ea3i c\u00f9ng v\u1edbi vi\u1ec7c \u0111\u01b0\u1ee3c c\u00e0i driver Dell Touchpad Driver s\u1ebd gi\u00fap cho c\u00e1c thao t\u00e1c \u0111\u01b0\u1ee3c ch\u00ednh x\u00e1c v\u00e0 h\u1ed7 tr\u1ee3 ng\u01b0\u1eddi d\u00f9ng kh\u00e1 nhi\u1ec1u nh\u1eefng l\u00fac kh\u00f4ng c\u00f3 chu\u1ed9t g\u1eafn ngo\u00e0i.<\/p>\n<p><strong>M\u00e0n h\u00ecnh<\/strong><\/p>\n<p>Dell Latitude E7250 s\u1edf h\u1eefu m\u00e0n h\u00ecnh 12.5 inch v\u1edbi \u0111\u1ed9 ph\u00e2n gi\u1ea3i HD 1366&#215;768 pixcel. M\u00e0n h\u00ecnh c\u1ee7a chi\u1ebfc m\u00e1y n\u00e0y s\u1eed d\u1ee5ng t\u1ea5m n\u1ec1n TN nh\u01b0ng v\u1eabn cho h\u00ecnh \u1ea3nh kh\u00e1 \u1ed5n \u0111\u1ecbnh v\u00e0 \u1edf g\u00f3c nh\u00ecn l\u00e0m vi\u1ec7c th\u00f4ng th\u01b0\u1eddng. Ch\u1ec9 khi thay \u0111\u1ed5i g\u00f3c nh\u00ecn theo chi\u1ec1u d\u1ecdc, h\u00ecnh \u1ea3nh m\u1edbi b\u1eaft \u0111\u1ea7u c\u00f3 hi\u1ec7n t\u01b0\u1ee3ng thay \u0111\u1ed5i m\u00e0u. M\u00e0n h\u00ecnh c\u00f3 \u0111\u1ed9 s\u00e1ng trung b\u00ecnh r\u1ea5t cao l\u00ean t\u1edbi 330 nits, ph\u00f9 h\u1ee3p cho c\u1ea3 l\u00e0m vi\u1ec7c ngo\u00e0i tr\u1eddi v\u00e0 trong v\u0103n ph\u00f2ng.<\/p>\n<p><img decoding=\"async\" src=\"https:\/\/laptop88.vn\/media\/lib\/26-05-2021\/dsc002441-min.jpg\" alt=\"\" \/><\/p>\n<p><strong>\u0110\u1ea7y \u0111\u1ee7 c\u1ed5ng k\u1ebft n\u1ed1i<\/strong><\/p>\n<p>Tuy l\u00e0 chi\u1ebfc ultrabook m\u1ecfng nh\u1eb9 nh\u01b0ng Dell Latitude E7250 \u0111\u01b0\u1ee3c trang b\u1ecb t\u01b0\u01a1ng \u0111\u1ed1i \u0111\u1ea7y \u0111\u1ee7 c\u00e1c c\u1ed5ng k\u1ebft n\u1ed1i nh\u01b0: kh\u00f3a Kensington, c\u1ed5ng mini DisplayPort, c\u1ed5ng USB 3.0, jack audio 3.5mm combo, c\u1ed5ng USB 3.0, c\u1ed5ng HDMI, Ethernet,&#8230;<\/p>\n<p><strong><img decoding=\"async\" src=\"https:\/\/laptop88.vn\/media\/lib\/26-05-2021\/dsc00251-min.jpg\" alt=\"\" \/><\/strong><\/p>\n<p>C\u00e1c c\u1ed5ng k\u1ebft n\u1ed1i \u0111\u01b0\u1ee3c s\u1eafp x\u1ebfp, b\u1ed1 tr\u00ed kh\u00e1 h\u1ee3p l\u00fd. Khi c\u1eafm s\u1ea1c, chu\u1ed9t g\u1eafn ngo\u00e0i, d\u00e2y m\u1ea1ng v\u1ec1 ph\u00eda \u0111\u1eb1ng sau s\u1ebd cho ng\u01b0\u1eddi d\u00f9ng c\u00f3 c\u1ea3m gi\u00e1c g\u1ecdn g\u00e0ng v\u00e0 kh\u00f4ng b\u1ecb v\u01b0\u1edbng \u1edf hai b\u00ean.<\/p>\n<p><strong>K\u1ebft lu\u1eadn<\/strong><\/p>\n<p><strong>\u00a0<\/strong>Dell Latitude l\u00e0 m\u1ed9t chi\u1ebfc Ultrabook t\u01b0\u01a1ng \u0111\u1ed1i ho\u00e0n thi\u1ec7n t\u1eeb v\u1ebb ngo\u00e0i cho \u0111\u1ebfn b\u00ean trong. N\u00f3 c\u00f3 ngo\u1ea1i h\u00ecnh nh\u1ecf g\u1ecdn, ch\u1eafc ch\u1eafn, c\u1ea5u h\u00ecnh t\u1ed1t, x\u1eed l\u00fd c\u00f4ng vi\u1ec7c v\u0103n ph\u00f2ng nhanh ch\u00f3ng. Ch\u1eafc h\u1eb3n \u0111\u00e2y s\u1ebd l\u00e0 m\u1ed9t chi\u1ebfc laptop m\u00e0 nhi\u1ec1u ng\u01b0\u1eddi l\u00e0m vi\u1ec7c v\u0103n ph\u00f2ng mong mu\u1ed1n.<\/p>\n<p>&nbsp;<\/p>\n","protected":false},"excerpt":{"rendered":"<p>Laptop Dell si\u00eau m\u1ecfng nh\u1eb9, nh\u1ecf g\u1ecdn, sang tr\u1ecdng chu\u1ea9n doanh nh\u00e2n<br \/>\nK\u1ebft c\u1ea5u b\u1ec1n b\u1ec9, ch\u1ea5t li\u1ec7u c\u1ee9ng c\u00e1p ch\u1ecbu l\u1ef1c t\u1ed1t<br \/>\nChip Intel Core i5 s\u1eb5n SDD m\u1edf \u1ee9ng d\u1ee5ng nhanh ch\u00f3ng, \u0111\u1ee7 \u0111\u1ec3 \u0111\u00e1p \u1ee9ng m\u1ecdi nhu c\u1ea7u v\u0103n ph\u00f2ng c\u01a1 b\u1ea3n<span class=\"name\">CPU: <\/span>Intel Core i5 &#8211; 5200U<br \/>\n<span class=\"name\">RAM: <\/span>4GB DDR3L<br \/>\n<span class=\"name\">\u1ed4 c\u1ee9ng: <\/span>SSD 120 GB<br \/>\n<span class=\"name\">Card \u0111\u1ed3 h\u1ecda: <\/span>Intel HD Graphics 5500<br \/>\n<span class=\"name\">M\u00e0n h\u00ecnh: <\/span>12.5 Inch HD<br \/>\nB\u1ea3o h\u00e0nh 3 Th\u00e1ng<br \/>\nGiao h\u00e0ng t\u1eadn n\u01a1i to\u00e0n qu\u1ed1c.<\/p>\n","protected":false},"featured_media":0,"template":"","meta":[],"product_brand":[],"product_cat":[43],"product_tag":[181,183,180,182],"class_list":{"0":"post-371","1":"product","2":"type-product","3":"status-publish","5":"product_cat-laptop-may-tinh-xach-tay","6":"product_tag-dell-e7250","7":"product_tag-laptop-cu-delll","8":"product_tag-laptop-dell","9":"product_tag-laptop-van-phong","11":"first","12":"instock","13":"shipping-taxable","14":"purchasable","15":"product-type-simple"},"jetpack_sharing_enabled":true,"_links":{"self":[{"href":"https:\/\/vitinhhaiduong.com\/index.php?rest_route=\/wp\/v2\/product\/371","targetHints":{"allow":["GET"]}}],"collection":[{"href":"https:\/\/vitinhhaiduong.com\/index.php?rest_route=\/wp\/v2\/product"}],"about":[{"href":"https:\/\/vitinhhaiduong.com\/index.php?rest_route=\/wp\/v2\/types\/product"}],"wp:attachment":[{"href":"https:\/\/vitinhhaiduong.com\/index.php?rest_route=%2Fwp%2Fv2%2Fmedia&parent=371"}],"wp:term":[{"taxonomy":"product_brand","embeddable":true,"href":"https:\/\/vitinhhaiduong.com\/index.php?rest_route=%2Fwp%2Fv2%2Fproduct_brand&post=371"},{"taxonomy":"product_cat","embeddable":true,"href":"https:\/\/vitinhhaiduong.com\/index.php?rest_route=%2Fwp%2Fv2%2Fproduct_cat&post=371"},{"taxonomy":"product_tag","embeddable":true,"href":"https:\/\/vitinhhaiduong.com\/index.php?rest_route=%2Fwp%2Fv2%2Fproduct_tag&post=371"}],"curies":[{"name":"wp","href":"https:\/\/api.w.org\/{rel}","templated":true}]}}